{"id":8055,"date":"2021-09-20T13:58:37","date_gmt":"2021-09-20T11:58:37","guid":{"rendered":"https:\/\/www.kl-location.be\/ueber\/"},"modified":"2025-02-17T09:51:41","modified_gmt":"2025-02-17T08:51:41","slug":"ueber-uns","status":"publish","type":"page","link":"https:\/\/www.kl-location.be\/de\/ueber-uns\/","title":{"rendered":"\u00dcber"},"content":{"rendered":"<p><\/p><p>Seit 2019 hat sich <strong>KL-Location<\/strong> mit Sitz in Baelen in der <strong>Provinz L\u00fcttich<\/strong> als <strong>vertrauensw\u00fcrdiger Partner<\/strong> f\u00fcr alle Ihre Bed\u00fcrfnisse in Bezug auf das Mieten von Ausr\u00fcstung und den Kauf von Arbeitsmaterialien in Belgien etabliert. Unser Engagement f\u00fcr Qualit\u00e4t, Zuverl\u00e4ssigkeit und au\u00dfergew\u00f6hnlichen Kundenservice hat uns zur bevorzugten Wahl f\u00fcr professionelle und private Kunden gemacht.<\/p><p>Unser breites Angebot an Mietger\u00e4ten umfasst alles, was Sie f\u00fcr Ihre <a href=\"https:\/\/www.kl-location.be\/de\/produktkategorien\/gebaude\/\" data-type=\"product_cat\" data-id=\"115\">Bau-<\/a>, <a href=\"https:\/\/www.kl-location.be\/de\/produktkategorien\/gebaude\/\" data-type=\"product_cat\" data-id=\"115\">Renovierungs-<\/a>,<a href=\"https:\/\/www.kl-location.be\/de\/produktkategorien\/garten\/\" data-type=\"product_cat\" data-id=\"123\">Gartenpflege-<\/a> oder<a href=\"https:\/\/www.kl-location.be\/de\/produktkategorien\/party-fancy-fair\/\" data-type=\"product_cat\" data-id=\"127\">Veranstaltungsprojekte<\/a> ben\u00f6tigen. Von Bordsteinen und Zuckerwattemaschinen bis hin zu Walzen, Ger\u00fcsten und vielem mehr &#8211; wir haben alles, was Sie brauchen, um Ihre Projekte, egal wie gro\u00df oder komplex sie sind, erfolgreich abzuschlie\u00dfen.<\/p><p>Neben unserem schnellen und effizienten Vermietungsservice bieten wir auch den Verkauf von wichtigen Arbeitsmitteln wie Sicherheitsschuhen, Arbeitshandschuhen, Schutzbrillen und Arbeitskleidung an. Wir wissen, wie wichtig Sicherheit und Komfort am Arbeitsplatz sind. Deshalb bieten wir nur qualitativ hochwertige Produkte an, die den h\u00f6chsten Standards entsprechen.<\/p><p>Bei KL-Location sind wir stolz auf unseren <strong>st\u00e4ndig verf\u00fcgbaren Bestand<\/strong> und unsere <strong>konkurrenzf\u00e4higen Preise<\/strong>. Unser engagiertes Team hilft Ihnen dabei, L\u00f6sungen zu finden, die Ihren Bed\u00fcrfnissen und Ihrem Budget entsprechen, und unser schneller Lieferservice stellt sicher, dass Sie Ihre Ger\u00e4te erhalten, wenn Sie sie am meisten ben\u00f6tigen.<\/p><p>Wir freuen uns, Sie bei KL-Location begr\u00fc\u00dfen zu d\u00fcrfen, und darauf, Ihnen bei der Verwirklichung Ihrer Pl\u00e4ne zu helfen, was auch immer diese sein m\u00f6gen. Bitte z\u00f6gern Sie nicht, uns f\u00fcr weitere Informationen oder Buchungen zu kontaktieren.<\/p><p>Bis bald bei KL-Location!<\/p><p><\/p><ul class=\"wp-block-list\"><li><strong>Gro\u00dfe Auswahl an Ausr\u00fcstung<\/strong>: Wir bieten eine gro\u00dfe Auswahl an Mietger\u00e4ten, um all Ihre Bed\u00fcrfnisse zu erf\u00fcllen, sei es f\u00fcr den Bau, die Renovierung, die Instandhaltung oder Veranstaltungen.<\/li>\n\n<li><strong>Qualit\u00e4t und Zuverl\u00e4ssigkeit<\/strong>: Alle unsere Ger\u00e4te sind von hoher Qualit\u00e4t und werden regelm\u00e4\u00dfig gewartet, um ihre Zuverl\u00e4ssigkeit und ihren guten Betrieb zu gew\u00e4hrleisten.<\/li>\n\n<li><strong>Au\u00dfergew\u00f6hnlicher Kundenservice<\/strong>: Unser engagiertes Team steht Ihnen zur Verf\u00fcgung, um Ihnen einen pers\u00f6nlichen Kundenservice zu bieten und alle Ihre Fragen oder Anliegen zu beantworten.<\/li>\n\n<li><strong>St\u00e4ndig verf\u00fcgbarer Bestand<\/strong>: Wir halten einen gro\u00dfen Bestand an Ausr\u00fcstung vor, um sicherzustellen, dass sie sofort verf\u00fcgbar ist, wenn Sie sie ben\u00f6tigen.<\/li>\n\n<li><strong>Wettbewerbsf\u00e4hige Preise<\/strong>: Wir bieten <strong>wettbewerbsf\u00e4hige<\/strong> Preise f\u00fcr alle unsere Mietdienstleistungen an, so dass Sie Geld sparen und gleichzeitig qualitativ hochwertige Ausr\u00fcstung erhalten k\u00f6nnen.<\/li>\n\n<li><strong>Schnelle Lieferung<\/strong>: Unser schneller Lieferservice erm\u00f6glicht es Ihnen, Ihre Ausr\u00fcstung zu erhalten, wo und wann Sie sie ben\u00f6tigen.<\/li>\n\n<li><strong>Sicherheit am Arbeitsplatz<\/strong>: Wir bieten auch eine Reihe von wichtigen Arbeitsmitteln an, um die Sicherheit und den Komfort am Arbeitsplatz zu gew\u00e4hrleisten.<\/li>\n\n<li><strong>G\u00fcnstige Lage<\/strong>: Wir befinden uns in Baelen in der Provinz L\u00fcttich und sind f\u00fcr Kunden aus der Region und dar\u00fcber hinaus leicht erreichbar.<\/li>\n\n<li><strong>Erfahrung und Expertise<\/strong>: Mit unserer Erfahrung seit 2019 verf\u00fcgen wir \u00fcber die n\u00f6tige Expertise, um Sie zu beraten und Ihnen die besten L\u00f6sungen f\u00fcr Ihre Bed\u00fcrfnisse zu bieten.<\/li><\/ul>","protected":false},"excerpt":{"rendered":"<p>Seit 2019 hat sich KL-Location mit Sitz in Baelen in der Provinz L\u00fcttich als vertrauensw\u00fcrdiger Partner f\u00fcr alle Ihre Bed\u00fcrfnisse in Bezug auf das Mieten von Ausr\u00fcstung und den Kauf von Arbeitsmaterialien&#8230;<\/p>\n","protected":false},"author":1,"featured_media":0,"parent":0,"menu_order":0,"comment_status":"closed","ping_status":"closed","template":"","meta":{"_acf_changed":false,"inline_featured_image":false,"footnotes":""},"class_list":["post-8055","page","type-page","status-publish","hentry"],"acf":[],"yoast_head":"<!-- This site is optimized with the Yoast SEO plugin v24.4 - https:\/\/yoast.com\/wordpress\/plugins\/seo\/ -->\n<title>Vermietung von Werkzeugen und Ger\u00e4ten in L\u00fcttich - KL Location<\/title>\n<meta name=\"description\" content=\"KL-Location, gegr\u00fcndet von Pascal Kistemann, bietet die Vermietung von Werkzeugen und Material in L\u00fcttich an: Luftentfeuchter, Baustellenausr\u00fcstung, ...\" \/>\n<meta name=\"robots\" content=\"index, follow, max-snippet:-1, max-image-preview:large, max-video-preview:-1\" \/>\n<link rel=\"canonical\" href=\"https:\/\/www.kl-location.be\/de\/ueber-uns\/\" \/>\n<meta property=\"og:locale\" content=\"de_DE\" \/>\n<meta property=\"og:type\" content=\"article\" \/>\n<meta property=\"og:title\" content=\"Vermietung von Werkzeugen und Ger\u00e4ten in L\u00fcttich - KL Location\" \/>\n<meta property=\"og:description\" content=\"KL-Location, gegr\u00fcndet von Pascal Kistemann, bietet die Vermietung von Werkzeugen und Material in L\u00fcttich an: Luftentfeuchter, Baustellenausr\u00fcstung, ...\" \/>\n<meta property=\"og:url\" content=\"https:\/\/www.kl-location.be\/de\/ueber-uns\/\" \/>\n<meta property=\"og:site_name\" content=\"KL Location\" \/>\n<meta property=\"article:publisher\" content=\"https:\/\/www.facebook.com\/people\/KL-Location\/100094311420764\/\" \/>\n<meta property=\"article:modified_time\" content=\"2025-02-17T08:51:41+00:00\" \/>\n<meta name=\"twitter:card\" content=\"summary_large_image\" \/>\n<meta name=\"twitter:label1\" content=\"Gesch\u00e4tzte Lesezeit\" \/>\n\t<meta name=\"twitter:data1\" content=\"3\u00a0Minuten\" \/>\n<script type=\"application\/ld+json\" class=\"yoast-schema-graph\">{\"@context\":\"https:\/\/schema.org\",\"@graph\":[{\"@type\":\"WebPage\",\"@id\":\"https:\/\/www.kl-location.be\/de\/ueber-uns\/\",\"url\":\"https:\/\/www.kl-location.be\/de\/ueber-uns\/\",\"name\":\"Vermietung von Werkzeugen und Ger\u00e4ten in L\u00fcttich - KL Location\",\"isPartOf\":{\"@id\":\"https:\/\/www.kl-location.be\/de\/#website\"},\"datePublished\":\"2021-09-20T11:58:37+00:00\",\"dateModified\":\"2025-02-17T08:51:41+00:00\",\"description\":\"KL-Location, gegr\u00fcndet von Pascal Kistemann, bietet die Vermietung von Werkzeugen und Material in L\u00fcttich an: Luftentfeuchter, Baustellenausr\u00fcstung, ...\",\"breadcrumb\":{\"@id\":\"https:\/\/www.kl-location.be\/de\/ueber-uns\/#breadcrumb\"},\"inLanguage\":\"de\",\"potentialAction\":[{\"@type\":\"ReadAction\",\"target\":[\"https:\/\/www.kl-location.be\/de\/ueber-uns\/\"]}]},{\"@type\":\"BreadcrumbList\",\"@id\":\"https:\/\/www.kl-location.be\/de\/ueber-uns\/#breadcrumb\",\"itemListElement\":[{\"@type\":\"ListItem\",\"position\":1,\"name\":\"Accueil\",\"item\":\"https:\/\/www.kl-location.be\/de\/home\/\"},{\"@type\":\"ListItem\",\"position\":2,\"name\":\"\u00dcber\"}]},{\"@type\":\"WebSite\",\"@id\":\"https:\/\/www.kl-location.be\/de\/#website\",\"url\":\"https:\/\/www.kl-location.be\/de\/\",\"name\":\"KL Location\",\"description\":\"Location &amp; vente - Province de Li\u00e8ge\",\"publisher\":{\"@id\":\"https:\/\/www.kl-location.be\/de\/#organization\"},\"potentialAction\":[{\"@type\":\"SearchAction\",\"target\":{\"@type\":\"EntryPoint\",\"urlTemplate\":\"https:\/\/www.kl-location.be\/de\/?s={search_term_string}\"},\"query-input\":{\"@type\":\"PropertyValueSpecification\",\"valueRequired\":true,\"valueName\":\"search_term_string\"}}],\"inLanguage\":\"de\"},{\"@type\":\"Organization\",\"@id\":\"https:\/\/www.kl-location.be\/de\/#organization\",\"name\":\"KL Location\",\"url\":\"https:\/\/www.kl-location.be\/de\/\",\"logo\":{\"@type\":\"ImageObject\",\"inLanguage\":\"de\",\"@id\":\"https:\/\/www.kl-location.be\/de\/#\/schema\/logo\/image\/\",\"url\":\"https:\/\/www.kl-location.be\/wp-content\/uploads\/2024\/03\/kl-location-logo.svg\",\"contentUrl\":\"https:\/\/www.kl-location.be\/wp-content\/uploads\/2024\/03\/kl-location-logo.svg\",\"caption\":\"KL Location\"},\"image\":{\"@id\":\"https:\/\/www.kl-location.be\/de\/#\/schema\/logo\/image\/\"},\"sameAs\":[\"https:\/\/www.facebook.com\/people\/KL-Location\/100094311420764\/\"]}]}<\/script>\n<!-- \/ Yoast SEO plugin. -->","yoast_head_json":{"title":"Vermietung von Werkzeugen und Ger\u00e4ten in L\u00fcttich - KL Location","description":"KL-Location, gegr\u00fcndet von Pascal Kistemann, bietet die Vermietung von Werkzeugen und Material in L\u00fcttich an: Luftentfeuchter, Baustellenausr\u00fcstung, ...","robots":{"index":"index","follow":"follow","max-snippet":"max-snippet:-1","max-image-preview":"max-image-preview:large","max-video-preview":"max-video-preview:-1"},"canonical":"https:\/\/www.kl-location.be\/de\/ueber-uns\/","og_locale":"de_DE","og_type":"article","og_title":"Vermietung von Werkzeugen und Ger\u00e4ten in L\u00fcttich - KL Location","og_description":"KL-Location, gegr\u00fcndet von Pascal Kistemann, bietet die Vermietung von Werkzeugen und Material in L\u00fcttich an: Luftentfeuchter, Baustellenausr\u00fcstung, ...","og_url":"https:\/\/www.kl-location.be\/de\/ueber-uns\/","og_site_name":"KL Location","article_publisher":"https:\/\/www.facebook.com\/people\/KL-Location\/100094311420764\/","article_modified_time":"2025-02-17T08:51:41+00:00","twitter_card":"summary_large_image","twitter_misc":{"Gesch\u00e4tzte Lesezeit":"3\u00a0Minuten"},"schema":{"@context":"https:\/\/schema.org","@graph":[{"@type":"WebPage","@id":"https:\/\/www.kl-location.be\/de\/ueber-uns\/","url":"https:\/\/www.kl-location.be\/de\/ueber-uns\/","name":"Vermietung von Werkzeugen und Ger\u00e4ten in L\u00fcttich - KL Location","isPartOf":{"@id":"https:\/\/www.kl-location.be\/de\/#website"},"datePublished":"2021-09-20T11:58:37+00:00","dateModified":"2025-02-17T08:51:41+00:00","description":"KL-Location, gegr\u00fcndet von Pascal Kistemann, bietet die Vermietung von Werkzeugen und Material in L\u00fcttich an: Luftentfeuchter, Baustellenausr\u00fcstung, ...","breadcrumb":{"@id":"https:\/\/www.kl-location.be\/de\/ueber-uns\/#breadcrumb"},"inLanguage":"de","potentialAction":[{"@type":"ReadAction","target":["https:\/\/www.kl-location.be\/de\/ueber-uns\/"]}]},{"@type":"BreadcrumbList","@id":"https:\/\/www.kl-location.be\/de\/ueber-uns\/#breadcrumb","itemListElement":[{"@type":"ListItem","position":1,"name":"Accueil","item":"https:\/\/www.kl-location.be\/de\/home\/"},{"@type":"ListItem","position":2,"name":"\u00dcber"}]},{"@type":"WebSite","@id":"https:\/\/www.kl-location.be\/de\/#website","url":"https:\/\/www.kl-location.be\/de\/","name":"KL Location","description":"Location &amp; vente - Province de Li\u00e8ge","publisher":{"@id":"https:\/\/www.kl-location.be\/de\/#organization"},"potentialAction":[{"@type":"SearchAction","target":{"@type":"EntryPoint","urlTemplate":"https:\/\/www.kl-location.be\/de\/?s={search_term_string}"},"query-input":{"@type":"PropertyValueSpecification","valueRequired":true,"valueName":"search_term_string"}}],"inLanguage":"de"},{"@type":"Organization","@id":"https:\/\/www.kl-location.be\/de\/#organization","name":"KL Location","url":"https:\/\/www.kl-location.be\/de\/","logo":{"@type":"ImageObject","inLanguage":"de","@id":"https:\/\/www.kl-location.be\/de\/#\/schema\/logo\/image\/","url":"https:\/\/www.kl-location.be\/wp-content\/uploads\/2024\/03\/kl-location-logo.svg","contentUrl":"https:\/\/www.kl-location.be\/wp-content\/uploads\/2024\/03\/kl-location-logo.svg","caption":"KL Location"},"image":{"@id":"https:\/\/www.kl-location.be\/de\/#\/schema\/logo\/image\/"},"sameAs":["https:\/\/www.facebook.com\/people\/KL-Location\/100094311420764\/"]}]}},"_links":{"self":[{"href":"https:\/\/www.kl-location.be\/de\/wp-json\/wp\/v2\/pages\/8055","targetHints":{"allow":["GET"]}}],"collection":[{"href":"https:\/\/www.kl-location.be\/de\/wp-json\/wp\/v2\/pages"}],"about":[{"href":"https:\/\/www.kl-location.be\/de\/wp-json\/wp\/v2\/types\/page"}],"author":[{"embeddable":true,"href":"https:\/\/www.kl-location.be\/de\/wp-json\/wp\/v2\/users\/1"}],"replies":[{"embeddable":true,"href":"https:\/\/www.kl-location.be\/de\/wp-json\/wp\/v2\/comments?post=8055"}],"version-history":[{"count":3,"href":"https:\/\/www.kl-location.be\/de\/wp-json\/wp\/v2\/pages\/8055\/revisions"}],"predecessor-version":[{"id":8342,"href":"https:\/\/www.kl-location.be\/de\/wp-json\/wp\/v2\/pages\/8055\/revisions\/8342"}],"wp:attachment":[{"href":"https:\/\/www.kl-location.be\/de\/wp-json\/wp\/v2\/media?parent=8055"}],"curies":[{"name":"wp","href":"https:\/\/api.w.org\/{rel}","templated":true}]}}