{"id":8062,"date":"2025-01-26T15:57:01","date_gmt":"2025-01-26T14:57:01","guid":{"rendered":"https:\/\/www.kl-location.be\/produit\/unkategorisiert\/altrex-4m-rollgeruest\/"},"modified":"2025-01-26T15:57:01","modified_gmt":"2025-01-26T14:57:01","slug":"altrex-4m-rollgeruest","status":"publish","type":"product","link":"https:\/\/www.kl-location.be\/de\/produit\/gebaude\/gerust\/altrex-4m-rollgeruest\/","title":{"rendered":"ALTREX 4m Rollger\u00fcst"},"content":{"rendered":"<p>Das <strong>ALTREX<\/strong> Rollger\u00fcst bietet eine vielseitige und sichere L\u00f6sung f\u00fcr Arbeiten in einer H\u00f6he von <strong>4 Metern<\/strong>. Dank seiner robusten Struktur und seines ausgekl\u00fcgelten Designs bietet er <strong>optimale Stabilit\u00e4t<\/strong> und l\u00e4sst sich dank seiner <strong>Schwenkr\u00e4der<\/strong> leicht bewegen. Dieses Ger\u00fcst ist f\u00fcr den professionellen oder h\u00e4uslichen Einsatz konzipiert und eignet sich hervorragend f\u00fcr Maler-, Renovierungs- und Wartungsarbeiten.<\/p>\n<p>Der <strong>einfache Aufbau<\/strong> und die <strong>Sicherheitsb\u00fcgel<\/strong> sorgen f\u00fcr eine sichere Arbeitsumgebung. Im zerlegten Zustand ist er kompakt und <strong>einfach zu transportieren und zu lagern<\/strong>. Ein unverzichtbares Werkzeug f\u00fcr die Kombination von Zweckm\u00e4\u00dfigkeit und Leistung auf Ihren Baustellen.<\/p>\n","protected":false},"excerpt":{"rendered":"<p>ALTREX Rollger\u00fcst mit einer Arbeitsh\u00f6he von 4 m, ideal f\u00fcr Arbeiten in der H\u00f6he mit Sicherheit und Mobilit\u00e4t.<\/p>\n","protected":false},"featured_media":8001,"template":"","meta":{"_acf_changed":false,"inline_featured_image":false},"product_brand":[],"product_cat":[168],"product_tag":[],"class_list":{"0":"post-8062","1":"product","2":"type-product","3":"status-publish","4":"has-post-thumbnail","6":"product_cat-gerust","8":"first","9":"instock","10":"shipping-taxable","11":"purchasable","12":"product-type-simple"},"acf":[],"yoast_head":"<!-- This site is optimized with the Yoast SEO plugin v24.4 - https:\/\/yoast.com\/wordpress\/plugins\/seo\/ -->\n<title>ALTREX 4m Rollger\u00fcst - KL Location<\/title>\n<meta name=\"robots\" content=\"index, follow, max-snippet:-1, max-image-preview:large, max-video-preview:-1\" \/>\n<link rel=\"canonical\" href=\"https:\/\/www.kl-location.be\/de\/produit\/gebaude\/gerust\/altrex-4m-rollgeruest\/\" \/>\n<meta property=\"og:locale\" content=\"de_DE\" \/>\n<meta property=\"og:type\" content=\"article\" \/>\n<meta property=\"og:title\" content=\"ALTREX 4m Rollger\u00fcst - KL Location\" \/>\n<meta property=\"og:description\" content=\"ALTREX Rollger\u00fcst mit einer Arbeitsh\u00f6he von 4 m, ideal f\u00fcr Arbeiten in der H\u00f6he mit Sicherheit und Mobilit\u00e4t.\" \/>\n<meta property=\"og:url\" content=\"https:\/\/www.kl-location.be\/de\/produit\/gebaude\/gerust\/altrex-4m-rollgeruest\/\" \/>\n<meta property=\"og:site_name\" content=\"KL Location\" \/>\n<meta property=\"article:publisher\" content=\"https:\/\/www.facebook.com\/people\/KL-Location\/100094311420764\/\" \/>\n<meta property=\"og:image\" content=\"https:\/\/www.kl-location.be\/wp-content\/uploads\/2025\/01\/altrex-4m.jpg\" \/>\n\t<meta property=\"og:image:width\" content=\"2000\" \/>\n\t<meta property=\"og:image:height\" content=\"2000\" \/>\n\t<meta property=\"og:image:type\" content=\"image\/jpeg\" \/>\n<meta name=\"twitter:card\" content=\"summary_large_image\" \/>\n<meta name=\"twitter:label1\" content=\"Gesch\u00e4tzte Lesezeit\" \/>\n\t<meta name=\"twitter:data1\" content=\"1\u00a0Minute\" \/>\n<script type=\"application\/ld+json\" class=\"yoast-schema-graph\">{\"@context\":\"https:\/\/schema.org\",\"@graph\":[{\"@type\":\"WebPage\",\"@id\":\"https:\/\/www.kl-location.be\/de\/produit\/gebaude\/gerust\/altrex-4m-rollgeruest\/\",\"url\":\"https:\/\/www.kl-location.be\/de\/produit\/gebaude\/gerust\/altrex-4m-rollgeruest\/\",\"name\":\"ALTREX 4m Rollger\u00fcst - KL Location\",\"isPartOf\":{\"@id\":\"https:\/\/www.kl-location.be\/de\/#website\"},\"primaryImageOfPage\":{\"@id\":\"https:\/\/www.kl-location.be\/de\/produit\/gebaude\/gerust\/altrex-4m-rollgeruest\/#primaryimage\"},\"image\":{\"@id\":\"https:\/\/www.kl-location.be\/de\/produit\/gebaude\/gerust\/altrex-4m-rollgeruest\/#primaryimage\"},\"thumbnailUrl\":\"https:\/\/www.kl-location.be\/wp-content\/uploads\/2025\/01\/altrex-4m.jpg\",\"datePublished\":\"2025-01-26T14:57:01+00:00\",\"breadcrumb\":{\"@id\":\"https:\/\/www.kl-location.be\/de\/produit\/gebaude\/gerust\/altrex-4m-rollgeruest\/#breadcrumb\"},\"inLanguage\":\"de\",\"potentialAction\":[{\"@type\":\"ReadAction\",\"target\":[\"https:\/\/www.kl-location.be\/de\/produit\/gebaude\/gerust\/altrex-4m-rollgeruest\/\"]}]},{\"@type\":\"ImageObject\",\"inLanguage\":\"de\",\"@id\":\"https:\/\/www.kl-location.be\/de\/produit\/gebaude\/gerust\/altrex-4m-rollgeruest\/#primaryimage\",\"url\":\"https:\/\/www.kl-location.be\/wp-content\/uploads\/2025\/01\/altrex-4m.jpg\",\"contentUrl\":\"https:\/\/www.kl-location.be\/wp-content\/uploads\/2025\/01\/altrex-4m.jpg\",\"width\":2000,\"height\":2000},{\"@type\":\"BreadcrumbList\",\"@id\":\"https:\/\/www.kl-location.be\/de\/produit\/gebaude\/gerust\/altrex-4m-rollgeruest\/#breadcrumb\",\"itemListElement\":[{\"@type\":\"ListItem\",\"position\":1,\"name\":\"Accueil\",\"item\":\"https:\/\/www.kl-location.be\/de\/home\/\"},{\"@type\":\"ListItem\",\"position\":2,\"name\":\"Shop\",\"item\":\"https:\/\/www.kl-location.be\/de\/shop\/\"},{\"@type\":\"ListItem\",\"position\":3,\"name\":\"ALTREX 4m Rollger\u00fcst\"}]},{\"@type\":\"WebSite\",\"@id\":\"https:\/\/www.kl-location.be\/de\/#website\",\"url\":\"https:\/\/www.kl-location.be\/de\/\",\"name\":\"KL Location\",\"description\":\"Location &amp; vente - Province de Li\u00e8ge\",\"publisher\":{\"@id\":\"https:\/\/www.kl-location.be\/de\/#organization\"},\"potentialAction\":[{\"@type\":\"SearchAction\",\"target\":{\"@type\":\"EntryPoint\",\"urlTemplate\":\"https:\/\/www.kl-location.be\/de\/?s={search_term_string}\"},\"query-input\":{\"@type\":\"PropertyValueSpecification\",\"valueRequired\":true,\"valueName\":\"search_term_string\"}}],\"inLanguage\":\"de\"},{\"@type\":\"Organization\",\"@id\":\"https:\/\/www.kl-location.be\/de\/#organization\",\"name\":\"KL Location\",\"url\":\"https:\/\/www.kl-location.be\/de\/\",\"logo\":{\"@type\":\"ImageObject\",\"inLanguage\":\"de\",\"@id\":\"https:\/\/www.kl-location.be\/de\/#\/schema\/logo\/image\/\",\"url\":\"https:\/\/www.kl-location.be\/wp-content\/uploads\/2024\/03\/kl-location-logo.svg\",\"contentUrl\":\"https:\/\/www.kl-location.be\/wp-content\/uploads\/2024\/03\/kl-location-logo.svg\",\"caption\":\"KL Location\"},\"image\":{\"@id\":\"https:\/\/www.kl-location.be\/de\/#\/schema\/logo\/image\/\"},\"sameAs\":[\"https:\/\/www.facebook.com\/people\/KL-Location\/100094311420764\/\"]}]}<\/script>\n<!-- \/ Yoast SEO plugin. -->","yoast_head_json":{"title":"ALTREX 4m Rollger\u00fcst - KL Location","robots":{"index":"index","follow":"follow","max-snippet":"max-snippet:-1","max-image-preview":"max-image-preview:large","max-video-preview":"max-video-preview:-1"},"canonical":"https:\/\/www.kl-location.be\/de\/produit\/gebaude\/gerust\/altrex-4m-rollgeruest\/","og_locale":"de_DE","og_type":"article","og_title":"ALTREX 4m Rollger\u00fcst - KL Location","og_description":"ALTREX Rollger\u00fcst mit einer Arbeitsh\u00f6he von 4 m, ideal f\u00fcr Arbeiten in der H\u00f6he mit Sicherheit und Mobilit\u00e4t.","og_url":"https:\/\/www.kl-location.be\/de\/produit\/gebaude\/gerust\/altrex-4m-rollgeruest\/","og_site_name":"KL Location","article_publisher":"https:\/\/www.facebook.com\/people\/KL-Location\/100094311420764\/","og_image":[{"width":2000,"height":2000,"url":"https:\/\/www.kl-location.be\/wp-content\/uploads\/2025\/01\/altrex-4m.jpg","type":"image\/jpeg"}],"twitter_card":"summary_large_image","twitter_misc":{"Gesch\u00e4tzte Lesezeit":"1\u00a0Minute"},"schema":{"@context":"https:\/\/schema.org","@graph":[{"@type":"WebPage","@id":"https:\/\/www.kl-location.be\/de\/produit\/gebaude\/gerust\/altrex-4m-rollgeruest\/","url":"https:\/\/www.kl-location.be\/de\/produit\/gebaude\/gerust\/altrex-4m-rollgeruest\/","name":"ALTREX 4m Rollger\u00fcst - KL Location","isPartOf":{"@id":"https:\/\/www.kl-location.be\/de\/#website"},"primaryImageOfPage":{"@id":"https:\/\/www.kl-location.be\/de\/produit\/gebaude\/gerust\/altrex-4m-rollgeruest\/#primaryimage"},"image":{"@id":"https:\/\/www.kl-location.be\/de\/produit\/gebaude\/gerust\/altrex-4m-rollgeruest\/#primaryimage"},"thumbnailUrl":"https:\/\/www.kl-location.be\/wp-content\/uploads\/2025\/01\/altrex-4m.jpg","datePublished":"2025-01-26T14:57:01+00:00","breadcrumb":{"@id":"https:\/\/www.kl-location.be\/de\/produit\/gebaude\/gerust\/altrex-4m-rollgeruest\/#breadcrumb"},"inLanguage":"de","potentialAction":[{"@type":"ReadAction","target":["https:\/\/www.kl-location.be\/de\/produit\/gebaude\/gerust\/altrex-4m-rollgeruest\/"]}]},{"@type":"ImageObject","inLanguage":"de","@id":"https:\/\/www.kl-location.be\/de\/produit\/gebaude\/gerust\/altrex-4m-rollgeruest\/#primaryimage","url":"https:\/\/www.kl-location.be\/wp-content\/uploads\/2025\/01\/altrex-4m.jpg","contentUrl":"https:\/\/www.kl-location.be\/wp-content\/uploads\/2025\/01\/altrex-4m.jpg","width":2000,"height":2000},{"@type":"BreadcrumbList","@id":"https:\/\/www.kl-location.be\/de\/produit\/gebaude\/gerust\/altrex-4m-rollgeruest\/#breadcrumb","itemListElement":[{"@type":"ListItem","position":1,"name":"Accueil","item":"https:\/\/www.kl-location.be\/de\/home\/"},{"@type":"ListItem","position":2,"name":"Shop","item":"https:\/\/www.kl-location.be\/de\/shop\/"},{"@type":"ListItem","position":3,"name":"ALTREX 4m Rollger\u00fcst"}]},{"@type":"WebSite","@id":"https:\/\/www.kl-location.be\/de\/#website","url":"https:\/\/www.kl-location.be\/de\/","name":"KL Location","description":"Location &amp; vente - Province de Li\u00e8ge","publisher":{"@id":"https:\/\/www.kl-location.be\/de\/#organization"},"potentialAction":[{"@type":"SearchAction","target":{"@type":"EntryPoint","urlTemplate":"https:\/\/www.kl-location.be\/de\/?s={search_term_string}"},"query-input":{"@type":"PropertyValueSpecification","valueRequired":true,"valueName":"search_term_string"}}],"inLanguage":"de"},{"@type":"Organization","@id":"https:\/\/www.kl-location.be\/de\/#organization","name":"KL Location","url":"https:\/\/www.kl-location.be\/de\/","logo":{"@type":"ImageObject","inLanguage":"de","@id":"https:\/\/www.kl-location.be\/de\/#\/schema\/logo\/image\/","url":"https:\/\/www.kl-location.be\/wp-content\/uploads\/2024\/03\/kl-location-logo.svg","contentUrl":"https:\/\/www.kl-location.be\/wp-content\/uploads\/2024\/03\/kl-location-logo.svg","caption":"KL Location"},"image":{"@id":"https:\/\/www.kl-location.be\/de\/#\/schema\/logo\/image\/"},"sameAs":["https:\/\/www.facebook.com\/people\/KL-Location\/100094311420764\/"]}]}},"_links":{"self":[{"href":"https:\/\/www.kl-location.be\/de\/wp-json\/wp\/v2\/product\/8062","targetHints":{"allow":["GET"]}}],"collection":[{"href":"https:\/\/www.kl-location.be\/de\/wp-json\/wp\/v2\/product"}],"about":[{"href":"https:\/\/www.kl-location.be\/de\/wp-json\/wp\/v2\/types\/product"}],"wp:featuredmedia":[{"embeddable":true,"href":"https:\/\/www.kl-location.be\/de\/wp-json\/wp\/v2\/media\/8001"}],"wp:attachment":[{"href":"https:\/\/www.kl-location.be\/de\/wp-json\/wp\/v2\/media?parent=8062"}],"wp:term":[{"taxonomy":"product_brand","embeddable":true,"href":"https:\/\/www.kl-location.be\/de\/wp-json\/wp\/v2\/product_brand?post=8062"},{"taxonomy":"product_cat","embeddable":true,"href":"https:\/\/www.kl-location.be\/de\/wp-json\/wp\/v2\/product_cat?post=8062"},{"taxonomy":"product_tag","embeddable":true,"href":"https:\/\/www.kl-location.be\/de\/wp-json\/wp\/v2\/product_tag?post=8062"}],"curies":[{"name":"wp","href":"https:\/\/api.w.org\/{rel}","templated":true}]}}