{"id":8263,"date":"2025-01-25T11:21:33","date_gmt":"2025-01-25T10:21:33","guid":{"rendered":"https:\/\/www.kl-location.be\/produit\/unkategorisiert\/anhaenger-750kg-bordwaende\/"},"modified":"2025-01-25T11:21:33","modified_gmt":"2025-01-25T10:21:33","slug":"anhaenger-750kg-bordwaende","status":"publish","type":"product","link":"https:\/\/www.kl-location.be\/de\/produit\/anhanger\/anhaenger-750kg-bordwaende\/","title":{"rendered":"Anh\u00e4nger 750kg &#8211; Bordw\u00e4nde"},"content":{"rendered":"<p>Der 750 kg Anh\u00e4nger mit Bordw\u00e4nden ist ideal f\u00fcr Profis und Privatpersonen, die eine flexible L\u00f6sung f\u00fcr den Transport ihrer Materialien suchen. Mit einer Tragf\u00e4higkeit von 750 kg ist er perfekt f\u00fcr leichte bis mittelschwere Lasten geeignet. Die abnehmbaren Bordw\u00e4nde erm\u00f6glichen ein einfaches Be- und Entladen von Materialien und bieten gleichzeitig eine erh\u00f6hte Stabilit\u00e4t beim Transport.<\/p>\n<p>Dieser Anh\u00e4nger bietet eine gro\u00dfe Vielseitigkeit und eine vereinfachte Bedienung. Au\u00dferdem ist er leicht zu man\u00f6vrieren und sehr praktisch f\u00fcr Gartenarbeit, Bauarbeiten oder Umz\u00fcge.<\/p>\n","protected":false},"excerpt":{"rendered":"<p><strong>Anh\u00e4nger 750 kg mit Bordw\u00e4nden<\/strong>, praktisch f\u00fcr den Transport verschiedener Lasten. Das Design mit Bordw\u00e4nden erm\u00f6glicht einen einfachen Zugang und eine sichere Beladung.<\/p>\n","protected":false},"featured_media":7994,"template":"","meta":{"_acf_changed":false,"inline_featured_image":false},"product_brand":[],"product_cat":[186],"product_tag":[],"class_list":{"0":"post-8263","1":"product","2":"type-product","3":"status-publish","4":"has-post-thumbnail","6":"product_cat-anhanger","8":"first","9":"instock","10":"shipping-taxable","11":"purchasable","12":"product-type-simple"},"acf":[],"yoast_head":"<!-- This site is optimized with the Yoast SEO plugin v24.4 - https:\/\/yoast.com\/wordpress\/plugins\/seo\/ -->\n<title>Anh\u00e4nger 750kg - Bordw\u00e4nde - KL Location<\/title>\n<meta name=\"robots\" content=\"index, follow, max-snippet:-1, max-image-preview:large, max-video-preview:-1\" \/>\n<link rel=\"canonical\" href=\"https:\/\/www.kl-location.be\/de\/produit\/anhanger\/anhaenger-750kg-bordwaende\/\" \/>\n<meta property=\"og:locale\" content=\"de_DE\" \/>\n<meta property=\"og:type\" content=\"article\" \/>\n<meta property=\"og:title\" content=\"Anh\u00e4nger 750kg - Bordw\u00e4nde - KL Location\" \/>\n<meta property=\"og:description\" content=\"Anh\u00e4nger 750 kg mit Bordw\u00e4nden, praktisch f\u00fcr den Transport verschiedener Lasten. Das Design mit Bordw\u00e4nden erm\u00f6glicht einen einfachen Zugang und eine sichere Beladung.\" \/>\n<meta property=\"og:url\" content=\"https:\/\/www.kl-location.be\/de\/produit\/anhanger\/anhaenger-750kg-bordwaende\/\" \/>\n<meta property=\"og:site_name\" content=\"KL Location\" \/>\n<meta property=\"article:publisher\" content=\"https:\/\/www.facebook.com\/people\/KL-Location\/100094311420764\/\" \/>\n<meta property=\"og:image\" content=\"https:\/\/www.kl-location.be\/wp-content\/uploads\/2025\/01\/remorque-ridelles.jpg\" \/>\n\t<meta property=\"og:image:width\" content=\"2000\" \/>\n\t<meta property=\"og:image:height\" content=\"2000\" \/>\n\t<meta property=\"og:image:type\" content=\"image\/jpeg\" \/>\n<meta name=\"twitter:card\" content=\"summary_large_image\" \/>\n<script type=\"application\/ld+json\" class=\"yoast-schema-graph\">{\"@context\":\"https:\/\/schema.org\",\"@graph\":[{\"@type\":\"WebPage\",\"@id\":\"https:\/\/www.kl-location.be\/de\/produit\/anhanger\/anhaenger-750kg-bordwaende\/\",\"url\":\"https:\/\/www.kl-location.be\/de\/produit\/anhanger\/anhaenger-750kg-bordwaende\/\",\"name\":\"Anh\u00e4nger 750kg - Bordw\u00e4nde - KL Location\",\"isPartOf\":{\"@id\":\"https:\/\/www.kl-location.be\/de\/#website\"},\"primaryImageOfPage\":{\"@id\":\"https:\/\/www.kl-location.be\/de\/produit\/anhanger\/anhaenger-750kg-bordwaende\/#primaryimage\"},\"image\":{\"@id\":\"https:\/\/www.kl-location.be\/de\/produit\/anhanger\/anhaenger-750kg-bordwaende\/#primaryimage\"},\"thumbnailUrl\":\"https:\/\/www.kl-location.be\/wp-content\/uploads\/2025\/01\/remorque-ridelles.jpg\",\"datePublished\":\"2025-01-25T10:21:33+00:00\",\"breadcrumb\":{\"@id\":\"https:\/\/www.kl-location.be\/de\/produit\/anhanger\/anhaenger-750kg-bordwaende\/#breadcrumb\"},\"inLanguage\":\"de\",\"potentialAction\":[{\"@type\":\"ReadAction\",\"target\":[\"https:\/\/www.kl-location.be\/de\/produit\/anhanger\/anhaenger-750kg-bordwaende\/\"]}]},{\"@type\":\"ImageObject\",\"inLanguage\":\"de\",\"@id\":\"https:\/\/www.kl-location.be\/de\/produit\/anhanger\/anhaenger-750kg-bordwaende\/#primaryimage\",\"url\":\"https:\/\/www.kl-location.be\/wp-content\/uploads\/2025\/01\/remorque-ridelles.jpg\",\"contentUrl\":\"https:\/\/www.kl-location.be\/wp-content\/uploads\/2025\/01\/remorque-ridelles.jpg\",\"width\":2000,\"height\":2000},{\"@type\":\"BreadcrumbList\",\"@id\":\"https:\/\/www.kl-location.be\/de\/produit\/anhanger\/anhaenger-750kg-bordwaende\/#breadcrumb\",\"itemListElement\":[{\"@type\":\"ListItem\",\"position\":1,\"name\":\"Accueil\",\"item\":\"https:\/\/www.kl-location.be\/de\/home\/\"},{\"@type\":\"ListItem\",\"position\":2,\"name\":\"Shop\",\"item\":\"https:\/\/www.kl-location.be\/de\/shop\/\"},{\"@type\":\"ListItem\",\"position\":3,\"name\":\"Anh\u00e4nger 750kg &#8211; Bordw\u00e4nde\"}]},{\"@type\":\"WebSite\",\"@id\":\"https:\/\/www.kl-location.be\/de\/#website\",\"url\":\"https:\/\/www.kl-location.be\/de\/\",\"name\":\"KL Location\",\"description\":\"Location &amp; vente - Province de Li\u00e8ge\",\"publisher\":{\"@id\":\"https:\/\/www.kl-location.be\/de\/#organization\"},\"potentialAction\":[{\"@type\":\"SearchAction\",\"target\":{\"@type\":\"EntryPoint\",\"urlTemplate\":\"https:\/\/www.kl-location.be\/de\/?s={search_term_string}\"},\"query-input\":{\"@type\":\"PropertyValueSpecification\",\"valueRequired\":true,\"valueName\":\"search_term_string\"}}],\"inLanguage\":\"de\"},{\"@type\":\"Organization\",\"@id\":\"https:\/\/www.kl-location.be\/de\/#organization\",\"name\":\"KL Location\",\"url\":\"https:\/\/www.kl-location.be\/de\/\",\"logo\":{\"@type\":\"ImageObject\",\"inLanguage\":\"de\",\"@id\":\"https:\/\/www.kl-location.be\/de\/#\/schema\/logo\/image\/\",\"url\":\"https:\/\/www.kl-location.be\/wp-content\/uploads\/2024\/03\/kl-location-logo.svg\",\"contentUrl\":\"https:\/\/www.kl-location.be\/wp-content\/uploads\/2024\/03\/kl-location-logo.svg\",\"caption\":\"KL Location\"},\"image\":{\"@id\":\"https:\/\/www.kl-location.be\/de\/#\/schema\/logo\/image\/\"},\"sameAs\":[\"https:\/\/www.facebook.com\/people\/KL-Location\/100094311420764\/\"]}]}<\/script>\n<!-- \/ Yoast SEO plugin. -->","yoast_head_json":{"title":"Anh\u00e4nger 750kg - Bordw\u00e4nde - KL Location","robots":{"index":"index","follow":"follow","max-snippet":"max-snippet:-1","max-image-preview":"max-image-preview:large","max-video-preview":"max-video-preview:-1"},"canonical":"https:\/\/www.kl-location.be\/de\/produit\/anhanger\/anhaenger-750kg-bordwaende\/","og_locale":"de_DE","og_type":"article","og_title":"Anh\u00e4nger 750kg - Bordw\u00e4nde - KL Location","og_description":"Anh\u00e4nger 750 kg mit Bordw\u00e4nden, praktisch f\u00fcr den Transport verschiedener Lasten. Das Design mit Bordw\u00e4nden erm\u00f6glicht einen einfachen Zugang und eine sichere Beladung.","og_url":"https:\/\/www.kl-location.be\/de\/produit\/anhanger\/anhaenger-750kg-bordwaende\/","og_site_name":"KL Location","article_publisher":"https:\/\/www.facebook.com\/people\/KL-Location\/100094311420764\/","og_image":[{"width":2000,"height":2000,"url":"https:\/\/www.kl-location.be\/wp-content\/uploads\/2025\/01\/remorque-ridelles.jpg","type":"image\/jpeg"}],"twitter_card":"summary_large_image","schema":{"@context":"https:\/\/schema.org","@graph":[{"@type":"WebPage","@id":"https:\/\/www.kl-location.be\/de\/produit\/anhanger\/anhaenger-750kg-bordwaende\/","url":"https:\/\/www.kl-location.be\/de\/produit\/anhanger\/anhaenger-750kg-bordwaende\/","name":"Anh\u00e4nger 750kg - Bordw\u00e4nde - KL Location","isPartOf":{"@id":"https:\/\/www.kl-location.be\/de\/#website"},"primaryImageOfPage":{"@id":"https:\/\/www.kl-location.be\/de\/produit\/anhanger\/anhaenger-750kg-bordwaende\/#primaryimage"},"image":{"@id":"https:\/\/www.kl-location.be\/de\/produit\/anhanger\/anhaenger-750kg-bordwaende\/#primaryimage"},"thumbnailUrl":"https:\/\/www.kl-location.be\/wp-content\/uploads\/2025\/01\/remorque-ridelles.jpg","datePublished":"2025-01-25T10:21:33+00:00","breadcrumb":{"@id":"https:\/\/www.kl-location.be\/de\/produit\/anhanger\/anhaenger-750kg-bordwaende\/#breadcrumb"},"inLanguage":"de","potentialAction":[{"@type":"ReadAction","target":["https:\/\/www.kl-location.be\/de\/produit\/anhanger\/anhaenger-750kg-bordwaende\/"]}]},{"@type":"ImageObject","inLanguage":"de","@id":"https:\/\/www.kl-location.be\/de\/produit\/anhanger\/anhaenger-750kg-bordwaende\/#primaryimage","url":"https:\/\/www.kl-location.be\/wp-content\/uploads\/2025\/01\/remorque-ridelles.jpg","contentUrl":"https:\/\/www.kl-location.be\/wp-content\/uploads\/2025\/01\/remorque-ridelles.jpg","width":2000,"height":2000},{"@type":"BreadcrumbList","@id":"https:\/\/www.kl-location.be\/de\/produit\/anhanger\/anhaenger-750kg-bordwaende\/#breadcrumb","itemListElement":[{"@type":"ListItem","position":1,"name":"Accueil","item":"https:\/\/www.kl-location.be\/de\/home\/"},{"@type":"ListItem","position":2,"name":"Shop","item":"https:\/\/www.kl-location.be\/de\/shop\/"},{"@type":"ListItem","position":3,"name":"Anh\u00e4nger 750kg &#8211; Bordw\u00e4nde"}]},{"@type":"WebSite","@id":"https:\/\/www.kl-location.be\/de\/#website","url":"https:\/\/www.kl-location.be\/de\/","name":"KL Location","description":"Location &amp; vente - Province de Li\u00e8ge","publisher":{"@id":"https:\/\/www.kl-location.be\/de\/#organization"},"potentialAction":[{"@type":"SearchAction","target":{"@type":"EntryPoint","urlTemplate":"https:\/\/www.kl-location.be\/de\/?s={search_term_string}"},"query-input":{"@type":"PropertyValueSpecification","valueRequired":true,"valueName":"search_term_string"}}],"inLanguage":"de"},{"@type":"Organization","@id":"https:\/\/www.kl-location.be\/de\/#organization","name":"KL Location","url":"https:\/\/www.kl-location.be\/de\/","logo":{"@type":"ImageObject","inLanguage":"de","@id":"https:\/\/www.kl-location.be\/de\/#\/schema\/logo\/image\/","url":"https:\/\/www.kl-location.be\/wp-content\/uploads\/2024\/03\/kl-location-logo.svg","contentUrl":"https:\/\/www.kl-location.be\/wp-content\/uploads\/2024\/03\/kl-location-logo.svg","caption":"KL Location"},"image":{"@id":"https:\/\/www.kl-location.be\/de\/#\/schema\/logo\/image\/"},"sameAs":["https:\/\/www.facebook.com\/people\/KL-Location\/100094311420764\/"]}]}},"_links":{"self":[{"href":"https:\/\/www.kl-location.be\/de\/wp-json\/wp\/v2\/product\/8263","targetHints":{"allow":["GET"]}}],"collection":[{"href":"https:\/\/www.kl-location.be\/de\/wp-json\/wp\/v2\/product"}],"about":[{"href":"https:\/\/www.kl-location.be\/de\/wp-json\/wp\/v2\/types\/product"}],"wp:featuredmedia":[{"embeddable":true,"href":"https:\/\/www.kl-location.be\/de\/wp-json\/wp\/v2\/media\/7994"}],"wp:attachment":[{"href":"https:\/\/www.kl-location.be\/de\/wp-json\/wp\/v2\/media?parent=8263"}],"wp:term":[{"taxonomy":"product_brand","embeddable":true,"href":"https:\/\/www.kl-location.be\/de\/wp-json\/wp\/v2\/product_brand?post=8263"},{"taxonomy":"product_cat","embeddable":true,"href":"https:\/\/www.kl-location.be\/de\/wp-json\/wp\/v2\/product_cat?post=8263"},{"taxonomy":"product_tag","embeddable":true,"href":"https:\/\/www.kl-location.be\/de\/wp-json\/wp\/v2\/product_tag?post=8263"}],"curies":[{"name":"wp","href":"https:\/\/api.w.org\/{rel}","templated":true}]}}