{"id":8264,"date":"2025-01-25T11:18:17","date_gmt":"2025-01-25T10:18:17","guid":{"rendered":"https:\/\/www.kl-location.be\/produit\/unkategorisiert\/anhaenger-750-kg-plane\/"},"modified":"2025-01-25T11:18:17","modified_gmt":"2025-01-25T10:18:17","slug":"anhaenger-750-kg-plane","status":"publish","type":"product","link":"https:\/\/www.kl-location.be\/de\/produit\/anhanger\/anhaenger-750-kg-plane\/","title":{"rendered":"Anh\u00e4nger 750 kg &#8211; Plane"},"content":{"rendered":"<p>Der geschlossene 750-kg-Planenanh\u00e4nger ist eine praktische und robuste L\u00f6sung f\u00fcr den Transport Ihrer G\u00fcter. Mit einer Tragf\u00e4higkeit von 750 kg ist dieser Anh\u00e4nger perfekt f\u00fcr den Transport von Materialien, Werkzeugen oder Ausr\u00fcstungen geeignet, wobei er dank seiner wasserdichten Plane einen optimalen Schutz gew\u00e4hrleistet.<\/p>\n<p>Seine geschlossene Bauweise sorgt daf\u00fcr, dass Ihre Waren vor Witterungseinfl\u00fcssen, Staub und anderen Transportrisiken gesch\u00fctzt sind. Dieser Anh\u00e4nger eignet sich sowohl f\u00fcr den beruflichen als auch f\u00fcr den privaten Gebrauch und zeichnet sich durch seine Robustheit und leichte Man\u00f6vrierbarkeit aus. Er ist ideal f\u00fcr Lieferungen, Materialtransporte oder Aktivit\u00e4ten im Freien.<\/p>\n","protected":false},"excerpt":{"rendered":"<p>Geschlossener <strong>750 kg Anh\u00e4nger mit Plane<\/strong>, ideal f\u00fcr den sicheren Transport von Waren. Er bietet eine Tragf\u00e4higkeit von 750 kg und ist durch die Plane wetterfest.<\/p>\n","protected":false},"featured_media":7993,"template":"","meta":{"_acf_changed":false,"inline_featured_image":false},"product_brand":[],"product_cat":[186],"product_tag":[],"class_list":{"0":"post-8264","1":"product","2":"type-product","3":"status-publish","4":"has-post-thumbnail","6":"product_cat-anhanger","8":"first","9":"instock","10":"shipping-taxable","11":"purchasable","12":"product-type-simple"},"acf":[],"yoast_head":"<!-- This site is optimized with the Yoast SEO plugin v24.4 - https:\/\/yoast.com\/wordpress\/plugins\/seo\/ -->\n<title>Anh\u00e4nger 750 kg - Plane - KL Location<\/title>\n<meta name=\"robots\" content=\"index, follow, max-snippet:-1, max-image-preview:large, max-video-preview:-1\" \/>\n<link rel=\"canonical\" href=\"https:\/\/www.kl-location.be\/de\/produit\/anhanger\/anhaenger-750-kg-plane\/\" \/>\n<meta property=\"og:locale\" content=\"de_DE\" \/>\n<meta property=\"og:type\" content=\"article\" \/>\n<meta property=\"og:title\" content=\"Anh\u00e4nger 750 kg - Plane - KL Location\" \/>\n<meta property=\"og:description\" content=\"Geschlossener 750 kg Anh\u00e4nger mit Plane, ideal f\u00fcr den sicheren Transport von Waren. Er bietet eine Tragf\u00e4higkeit von 750 kg und ist durch die Plane wetterfest.\" \/>\n<meta property=\"og:url\" content=\"https:\/\/www.kl-location.be\/de\/produit\/anhanger\/anhaenger-750-kg-plane\/\" \/>\n<meta property=\"og:site_name\" content=\"KL Location\" \/>\n<meta property=\"article:publisher\" content=\"https:\/\/www.facebook.com\/people\/KL-Location\/100094311420764\/\" \/>\n<meta property=\"og:image\" content=\"https:\/\/www.kl-location.be\/wp-content\/uploads\/2025\/01\/remorque-bache.jpg\" \/>\n\t<meta property=\"og:image:width\" content=\"2000\" \/>\n\t<meta property=\"og:image:height\" content=\"2000\" \/>\n\t<meta property=\"og:image:type\" content=\"image\/jpeg\" \/>\n<meta name=\"twitter:card\" content=\"summary_large_image\" \/>\n<meta name=\"twitter:label1\" content=\"Gesch\u00e4tzte Lesezeit\" \/>\n\t<meta name=\"twitter:data1\" content=\"1\u00a0Minute\" \/>\n<script type=\"application\/ld+json\" class=\"yoast-schema-graph\">{\"@context\":\"https:\/\/schema.org\",\"@graph\":[{\"@type\":\"WebPage\",\"@id\":\"https:\/\/www.kl-location.be\/de\/produit\/anhanger\/anhaenger-750-kg-plane\/\",\"url\":\"https:\/\/www.kl-location.be\/de\/produit\/anhanger\/anhaenger-750-kg-plane\/\",\"name\":\"Anh\u00e4nger 750 kg - Plane - KL Location\",\"isPartOf\":{\"@id\":\"https:\/\/www.kl-location.be\/de\/#website\"},\"primaryImageOfPage\":{\"@id\":\"https:\/\/www.kl-location.be\/de\/produit\/anhanger\/anhaenger-750-kg-plane\/#primaryimage\"},\"image\":{\"@id\":\"https:\/\/www.kl-location.be\/de\/produit\/anhanger\/anhaenger-750-kg-plane\/#primaryimage\"},\"thumbnailUrl\":\"https:\/\/www.kl-location.be\/wp-content\/uploads\/2025\/01\/remorque-bache.jpg\",\"datePublished\":\"2025-01-25T10:18:17+00:00\",\"breadcrumb\":{\"@id\":\"https:\/\/www.kl-location.be\/de\/produit\/anhanger\/anhaenger-750-kg-plane\/#breadcrumb\"},\"inLanguage\":\"de\",\"potentialAction\":[{\"@type\":\"ReadAction\",\"target\":[\"https:\/\/www.kl-location.be\/de\/produit\/anhanger\/anhaenger-750-kg-plane\/\"]}]},{\"@type\":\"ImageObject\",\"inLanguage\":\"de\",\"@id\":\"https:\/\/www.kl-location.be\/de\/produit\/anhanger\/anhaenger-750-kg-plane\/#primaryimage\",\"url\":\"https:\/\/www.kl-location.be\/wp-content\/uploads\/2025\/01\/remorque-bache.jpg\",\"contentUrl\":\"https:\/\/www.kl-location.be\/wp-content\/uploads\/2025\/01\/remorque-bache.jpg\",\"width\":2000,\"height\":2000},{\"@type\":\"BreadcrumbList\",\"@id\":\"https:\/\/www.kl-location.be\/de\/produit\/anhanger\/anhaenger-750-kg-plane\/#breadcrumb\",\"itemListElement\":[{\"@type\":\"ListItem\",\"position\":1,\"name\":\"Accueil\",\"item\":\"https:\/\/www.kl-location.be\/de\/home\/\"},{\"@type\":\"ListItem\",\"position\":2,\"name\":\"Shop\",\"item\":\"https:\/\/www.kl-location.be\/de\/shop\/\"},{\"@type\":\"ListItem\",\"position\":3,\"name\":\"Anh\u00e4nger 750 kg &#8211; Plane\"}]},{\"@type\":\"WebSite\",\"@id\":\"https:\/\/www.kl-location.be\/de\/#website\",\"url\":\"https:\/\/www.kl-location.be\/de\/\",\"name\":\"KL Location\",\"description\":\"Location &amp; vente - Province de Li\u00e8ge\",\"publisher\":{\"@id\":\"https:\/\/www.kl-location.be\/de\/#organization\"},\"potentialAction\":[{\"@type\":\"SearchAction\",\"target\":{\"@type\":\"EntryPoint\",\"urlTemplate\":\"https:\/\/www.kl-location.be\/de\/?s={search_term_string}\"},\"query-input\":{\"@type\":\"PropertyValueSpecification\",\"valueRequired\":true,\"valueName\":\"search_term_string\"}}],\"inLanguage\":\"de\"},{\"@type\":\"Organization\",\"@id\":\"https:\/\/www.kl-location.be\/de\/#organization\",\"name\":\"KL Location\",\"url\":\"https:\/\/www.kl-location.be\/de\/\",\"logo\":{\"@type\":\"ImageObject\",\"inLanguage\":\"de\",\"@id\":\"https:\/\/www.kl-location.be\/de\/#\/schema\/logo\/image\/\",\"url\":\"https:\/\/www.kl-location.be\/wp-content\/uploads\/2024\/03\/kl-location-logo.svg\",\"contentUrl\":\"https:\/\/www.kl-location.be\/wp-content\/uploads\/2024\/03\/kl-location-logo.svg\",\"caption\":\"KL Location\"},\"image\":{\"@id\":\"https:\/\/www.kl-location.be\/de\/#\/schema\/logo\/image\/\"},\"sameAs\":[\"https:\/\/www.facebook.com\/people\/KL-Location\/100094311420764\/\"]}]}<\/script>\n<!-- \/ Yoast SEO plugin. -->","yoast_head_json":{"title":"Anh\u00e4nger 750 kg - Plane - KL Location","robots":{"index":"index","follow":"follow","max-snippet":"max-snippet:-1","max-image-preview":"max-image-preview:large","max-video-preview":"max-video-preview:-1"},"canonical":"https:\/\/www.kl-location.be\/de\/produit\/anhanger\/anhaenger-750-kg-plane\/","og_locale":"de_DE","og_type":"article","og_title":"Anh\u00e4nger 750 kg - Plane - KL Location","og_description":"Geschlossener 750 kg Anh\u00e4nger mit Plane, ideal f\u00fcr den sicheren Transport von Waren. Er bietet eine Tragf\u00e4higkeit von 750 kg und ist durch die Plane wetterfest.","og_url":"https:\/\/www.kl-location.be\/de\/produit\/anhanger\/anhaenger-750-kg-plane\/","og_site_name":"KL Location","article_publisher":"https:\/\/www.facebook.com\/people\/KL-Location\/100094311420764\/","og_image":[{"width":2000,"height":2000,"url":"https:\/\/www.kl-location.be\/wp-content\/uploads\/2025\/01\/remorque-bache.jpg","type":"image\/jpeg"}],"twitter_card":"summary_large_image","twitter_misc":{"Gesch\u00e4tzte Lesezeit":"1\u00a0Minute"},"schema":{"@context":"https:\/\/schema.org","@graph":[{"@type":"WebPage","@id":"https:\/\/www.kl-location.be\/de\/produit\/anhanger\/anhaenger-750-kg-plane\/","url":"https:\/\/www.kl-location.be\/de\/produit\/anhanger\/anhaenger-750-kg-plane\/","name":"Anh\u00e4nger 750 kg - Plane - KL Location","isPartOf":{"@id":"https:\/\/www.kl-location.be\/de\/#website"},"primaryImageOfPage":{"@id":"https:\/\/www.kl-location.be\/de\/produit\/anhanger\/anhaenger-750-kg-plane\/#primaryimage"},"image":{"@id":"https:\/\/www.kl-location.be\/de\/produit\/anhanger\/anhaenger-750-kg-plane\/#primaryimage"},"thumbnailUrl":"https:\/\/www.kl-location.be\/wp-content\/uploads\/2025\/01\/remorque-bache.jpg","datePublished":"2025-01-25T10:18:17+00:00","breadcrumb":{"@id":"https:\/\/www.kl-location.be\/de\/produit\/anhanger\/anhaenger-750-kg-plane\/#breadcrumb"},"inLanguage":"de","potentialAction":[{"@type":"ReadAction","target":["https:\/\/www.kl-location.be\/de\/produit\/anhanger\/anhaenger-750-kg-plane\/"]}]},{"@type":"ImageObject","inLanguage":"de","@id":"https:\/\/www.kl-location.be\/de\/produit\/anhanger\/anhaenger-750-kg-plane\/#primaryimage","url":"https:\/\/www.kl-location.be\/wp-content\/uploads\/2025\/01\/remorque-bache.jpg","contentUrl":"https:\/\/www.kl-location.be\/wp-content\/uploads\/2025\/01\/remorque-bache.jpg","width":2000,"height":2000},{"@type":"BreadcrumbList","@id":"https:\/\/www.kl-location.be\/de\/produit\/anhanger\/anhaenger-750-kg-plane\/#breadcrumb","itemListElement":[{"@type":"ListItem","position":1,"name":"Accueil","item":"https:\/\/www.kl-location.be\/de\/home\/"},{"@type":"ListItem","position":2,"name":"Shop","item":"https:\/\/www.kl-location.be\/de\/shop\/"},{"@type":"ListItem","position":3,"name":"Anh\u00e4nger 750 kg &#8211; Plane"}]},{"@type":"WebSite","@id":"https:\/\/www.kl-location.be\/de\/#website","url":"https:\/\/www.kl-location.be\/de\/","name":"KL Location","description":"Location &amp; vente - Province de Li\u00e8ge","publisher":{"@id":"https:\/\/www.kl-location.be\/de\/#organization"},"potentialAction":[{"@type":"SearchAction","target":{"@type":"EntryPoint","urlTemplate":"https:\/\/www.kl-location.be\/de\/?s={search_term_string}"},"query-input":{"@type":"PropertyValueSpecification","valueRequired":true,"valueName":"search_term_string"}}],"inLanguage":"de"},{"@type":"Organization","@id":"https:\/\/www.kl-location.be\/de\/#organization","name":"KL Location","url":"https:\/\/www.kl-location.be\/de\/","logo":{"@type":"ImageObject","inLanguage":"de","@id":"https:\/\/www.kl-location.be\/de\/#\/schema\/logo\/image\/","url":"https:\/\/www.kl-location.be\/wp-content\/uploads\/2024\/03\/kl-location-logo.svg","contentUrl":"https:\/\/www.kl-location.be\/wp-content\/uploads\/2024\/03\/kl-location-logo.svg","caption":"KL Location"},"image":{"@id":"https:\/\/www.kl-location.be\/de\/#\/schema\/logo\/image\/"},"sameAs":["https:\/\/www.facebook.com\/people\/KL-Location\/100094311420764\/"]}]}},"_links":{"self":[{"href":"https:\/\/www.kl-location.be\/de\/wp-json\/wp\/v2\/product\/8264","targetHints":{"allow":["GET"]}}],"collection":[{"href":"https:\/\/www.kl-location.be\/de\/wp-json\/wp\/v2\/product"}],"about":[{"href":"https:\/\/www.kl-location.be\/de\/wp-json\/wp\/v2\/types\/product"}],"wp:featuredmedia":[{"embeddable":true,"href":"https:\/\/www.kl-location.be\/de\/wp-json\/wp\/v2\/media\/7993"}],"wp:attachment":[{"href":"https:\/\/www.kl-location.be\/de\/wp-json\/wp\/v2\/media?parent=8264"}],"wp:term":[{"taxonomy":"product_brand","embeddable":true,"href":"https:\/\/www.kl-location.be\/de\/wp-json\/wp\/v2\/product_brand?post=8264"},{"taxonomy":"product_cat","embeddable":true,"href":"https:\/\/www.kl-location.be\/de\/wp-json\/wp\/v2\/product_cat?post=8264"},{"taxonomy":"product_tag","embeddable":true,"href":"https:\/\/www.kl-location.be\/de\/wp-json\/wp\/v2\/product_tag?post=8264"}],"curies":[{"name":"wp","href":"https:\/\/api.w.org\/{rel}","templated":true}]}}