{"id":8265,"date":"2025-01-25T11:16:23","date_gmt":"2025-01-25T10:16:23","guid":{"rendered":"https:\/\/www.kl-location.be\/produit\/unkategorisiert\/faltbare-rampen-2m-600kg\/"},"modified":"2025-01-25T11:16:23","modified_gmt":"2025-01-25T10:16:23","slug":"faltbare-rampen-2m-600kg","status":"publish","type":"product","link":"https:\/\/www.kl-location.be\/de\/produit\/anhanger\/faltbare-rampen-2m-600kg\/","title":{"rendered":"Faltbare Rampen 2m &#8211; 600kg"},"content":{"rendered":"<p>Die faltbaren Laderampen 2m &#8211; 600kg aus Aluminium sind ideal zum Be- und Entladen von schweren Gegenst\u00e4nden bis zu 600kg. Aus Aluminium gefertigt, sind sie sowohl leicht als auch robust und bieten somit eine praktische L\u00f6sung f\u00fcr Berufst\u00e4tige.<\/p>\n<p>Ihr <strong>faltbares Design<\/strong> erm\u00f6glicht eine einfache Aufbewahrung und einen unkomplizierten Transport und garantiert eine sichere Nutzung mit einer robusten Tragf\u00e4higkeit. Diese Rampen eignen sich perfekt f\u00fcr LKWs, Anh\u00e4nger oder Transporter. Sie bieten optimale Stabilit\u00e4t und den richtigen Neigungswinkel f\u00fcr das Beladen mit gro\u00dfen oder schweren Ger\u00e4ten. Nutzen Sie diese praktische und effiziente L\u00f6sung f\u00fcr Ihre Be- und Entladeanforderungen.<\/p>\n","protected":false},"excerpt":{"rendered":"<p><strong>Faltbare Laderampen 2m &#8211; 600kg aus Aluminium<\/strong>, die das Verladen schwerer Ger\u00e4te mit einer Tragf\u00e4higkeit von 600 kg erleichtern sollen. Ihr leichtes Aluminiummaterial und das faltbare Design machen sie praktisch und leicht zu transportieren.<\/p>\n","protected":false},"featured_media":7992,"template":"","meta":{"_acf_changed":false,"inline_featured_image":false},"product_brand":[],"product_cat":[186],"product_tag":[],"class_list":{"0":"post-8265","1":"product","2":"type-product","3":"status-publish","4":"has-post-thumbnail","6":"product_cat-anhanger","8":"first","9":"instock","10":"shipping-taxable","11":"purchasable","12":"product-type-simple"},"acf":[],"yoast_head":"<!-- This site is optimized with the Yoast SEO plugin v24.4 - https:\/\/yoast.com\/wordpress\/plugins\/seo\/ -->\n<title>Faltbare Rampen 2m - 600kg - KL Location<\/title>\n<meta name=\"robots\" content=\"index, follow, max-snippet:-1, max-image-preview:large, max-video-preview:-1\" \/>\n<link rel=\"canonical\" href=\"https:\/\/www.kl-location.be\/de\/produit\/anhanger\/faltbare-rampen-2m-600kg\/\" \/>\n<meta property=\"og:locale\" content=\"de_DE\" \/>\n<meta property=\"og:type\" content=\"article\" \/>\n<meta property=\"og:title\" content=\"Faltbare Rampen 2m - 600kg - KL Location\" \/>\n<meta property=\"og:description\" content=\"Faltbare Laderampen 2m - 600kg aus Aluminium, die das Verladen schwerer Ger\u00e4te mit einer Tragf\u00e4higkeit von 600 kg erleichtern sollen. Ihr leichtes Aluminiummaterial und das faltbare Design machen sie praktisch und leicht zu transportieren.\" \/>\n<meta property=\"og:url\" content=\"https:\/\/www.kl-location.be\/de\/produit\/anhanger\/faltbare-rampen-2m-600kg\/\" \/>\n<meta property=\"og:site_name\" content=\"KL Location\" \/>\n<meta property=\"article:publisher\" content=\"https:\/\/www.facebook.com\/people\/KL-Location\/100094311420764\/\" \/>\n<meta property=\"og:image\" content=\"https:\/\/www.kl-location.be\/wp-content\/uploads\/2025\/01\/rampe-pliable.jpg\" \/>\n\t<meta property=\"og:image:width\" content=\"2000\" \/>\n\t<meta property=\"og:image:height\" content=\"2000\" \/>\n\t<meta property=\"og:image:type\" content=\"image\/jpeg\" \/>\n<meta name=\"twitter:card\" content=\"summary_large_image\" \/>\n<meta name=\"twitter:label1\" content=\"Gesch\u00e4tzte Lesezeit\" \/>\n\t<meta name=\"twitter:data1\" content=\"1\u00a0Minute\" \/>\n<script type=\"application\/ld+json\" class=\"yoast-schema-graph\">{\"@context\":\"https:\/\/schema.org\",\"@graph\":[{\"@type\":\"WebPage\",\"@id\":\"https:\/\/www.kl-location.be\/de\/produit\/anhanger\/faltbare-rampen-2m-600kg\/\",\"url\":\"https:\/\/www.kl-location.be\/de\/produit\/anhanger\/faltbare-rampen-2m-600kg\/\",\"name\":\"Faltbare Rampen 2m - 600kg - KL Location\",\"isPartOf\":{\"@id\":\"https:\/\/www.kl-location.be\/de\/#website\"},\"primaryImageOfPage\":{\"@id\":\"https:\/\/www.kl-location.be\/de\/produit\/anhanger\/faltbare-rampen-2m-600kg\/#primaryimage\"},\"image\":{\"@id\":\"https:\/\/www.kl-location.be\/de\/produit\/anhanger\/faltbare-rampen-2m-600kg\/#primaryimage\"},\"thumbnailUrl\":\"https:\/\/www.kl-location.be\/wp-content\/uploads\/2025\/01\/rampe-pliable.jpg\",\"datePublished\":\"2025-01-25T10:16:23+00:00\",\"breadcrumb\":{\"@id\":\"https:\/\/www.kl-location.be\/de\/produit\/anhanger\/faltbare-rampen-2m-600kg\/#breadcrumb\"},\"inLanguage\":\"de\",\"potentialAction\":[{\"@type\":\"ReadAction\",\"target\":[\"https:\/\/www.kl-location.be\/de\/produit\/anhanger\/faltbare-rampen-2m-600kg\/\"]}]},{\"@type\":\"ImageObject\",\"inLanguage\":\"de\",\"@id\":\"https:\/\/www.kl-location.be\/de\/produit\/anhanger\/faltbare-rampen-2m-600kg\/#primaryimage\",\"url\":\"https:\/\/www.kl-location.be\/wp-content\/uploads\/2025\/01\/rampe-pliable.jpg\",\"contentUrl\":\"https:\/\/www.kl-location.be\/wp-content\/uploads\/2025\/01\/rampe-pliable.jpg\",\"width\":2000,\"height\":2000},{\"@type\":\"BreadcrumbList\",\"@id\":\"https:\/\/www.kl-location.be\/de\/produit\/anhanger\/faltbare-rampen-2m-600kg\/#breadcrumb\",\"itemListElement\":[{\"@type\":\"ListItem\",\"position\":1,\"name\":\"Accueil\",\"item\":\"https:\/\/www.kl-location.be\/de\/home\/\"},{\"@type\":\"ListItem\",\"position\":2,\"name\":\"Shop\",\"item\":\"https:\/\/www.kl-location.be\/de\/shop\/\"},{\"@type\":\"ListItem\",\"position\":3,\"name\":\"Faltbare Rampen 2m &#8211; 600kg\"}]},{\"@type\":\"WebSite\",\"@id\":\"https:\/\/www.kl-location.be\/de\/#website\",\"url\":\"https:\/\/www.kl-location.be\/de\/\",\"name\":\"KL Location\",\"description\":\"Location &amp; vente - Province de Li\u00e8ge\",\"publisher\":{\"@id\":\"https:\/\/www.kl-location.be\/de\/#organization\"},\"potentialAction\":[{\"@type\":\"SearchAction\",\"target\":{\"@type\":\"EntryPoint\",\"urlTemplate\":\"https:\/\/www.kl-location.be\/de\/?s={search_term_string}\"},\"query-input\":{\"@type\":\"PropertyValueSpecification\",\"valueRequired\":true,\"valueName\":\"search_term_string\"}}],\"inLanguage\":\"de\"},{\"@type\":\"Organization\",\"@id\":\"https:\/\/www.kl-location.be\/de\/#organization\",\"name\":\"KL Location\",\"url\":\"https:\/\/www.kl-location.be\/de\/\",\"logo\":{\"@type\":\"ImageObject\",\"inLanguage\":\"de\",\"@id\":\"https:\/\/www.kl-location.be\/de\/#\/schema\/logo\/image\/\",\"url\":\"https:\/\/www.kl-location.be\/wp-content\/uploads\/2024\/03\/kl-location-logo.svg\",\"contentUrl\":\"https:\/\/www.kl-location.be\/wp-content\/uploads\/2024\/03\/kl-location-logo.svg\",\"caption\":\"KL Location\"},\"image\":{\"@id\":\"https:\/\/www.kl-location.be\/de\/#\/schema\/logo\/image\/\"},\"sameAs\":[\"https:\/\/www.facebook.com\/people\/KL-Location\/100094311420764\/\"]}]}<\/script>\n<!-- \/ Yoast SEO plugin. -->","yoast_head_json":{"title":"Faltbare Rampen 2m - 600kg - KL Location","robots":{"index":"index","follow":"follow","max-snippet":"max-snippet:-1","max-image-preview":"max-image-preview:large","max-video-preview":"max-video-preview:-1"},"canonical":"https:\/\/www.kl-location.be\/de\/produit\/anhanger\/faltbare-rampen-2m-600kg\/","og_locale":"de_DE","og_type":"article","og_title":"Faltbare Rampen 2m - 600kg - KL Location","og_description":"Faltbare Laderampen 2m - 600kg aus Aluminium, die das Verladen schwerer Ger\u00e4te mit einer Tragf\u00e4higkeit von 600 kg erleichtern sollen. Ihr leichtes Aluminiummaterial und das faltbare Design machen sie praktisch und leicht zu transportieren.","og_url":"https:\/\/www.kl-location.be\/de\/produit\/anhanger\/faltbare-rampen-2m-600kg\/","og_site_name":"KL Location","article_publisher":"https:\/\/www.facebook.com\/people\/KL-Location\/100094311420764\/","og_image":[{"width":2000,"height":2000,"url":"https:\/\/www.kl-location.be\/wp-content\/uploads\/2025\/01\/rampe-pliable.jpg","type":"image\/jpeg"}],"twitter_card":"summary_large_image","twitter_misc":{"Gesch\u00e4tzte Lesezeit":"1\u00a0Minute"},"schema":{"@context":"https:\/\/schema.org","@graph":[{"@type":"WebPage","@id":"https:\/\/www.kl-location.be\/de\/produit\/anhanger\/faltbare-rampen-2m-600kg\/","url":"https:\/\/www.kl-location.be\/de\/produit\/anhanger\/faltbare-rampen-2m-600kg\/","name":"Faltbare Rampen 2m - 600kg - KL Location","isPartOf":{"@id":"https:\/\/www.kl-location.be\/de\/#website"},"primaryImageOfPage":{"@id":"https:\/\/www.kl-location.be\/de\/produit\/anhanger\/faltbare-rampen-2m-600kg\/#primaryimage"},"image":{"@id":"https:\/\/www.kl-location.be\/de\/produit\/anhanger\/faltbare-rampen-2m-600kg\/#primaryimage"},"thumbnailUrl":"https:\/\/www.kl-location.be\/wp-content\/uploads\/2025\/01\/rampe-pliable.jpg","datePublished":"2025-01-25T10:16:23+00:00","breadcrumb":{"@id":"https:\/\/www.kl-location.be\/de\/produit\/anhanger\/faltbare-rampen-2m-600kg\/#breadcrumb"},"inLanguage":"de","potentialAction":[{"@type":"ReadAction","target":["https:\/\/www.kl-location.be\/de\/produit\/anhanger\/faltbare-rampen-2m-600kg\/"]}]},{"@type":"ImageObject","inLanguage":"de","@id":"https:\/\/www.kl-location.be\/de\/produit\/anhanger\/faltbare-rampen-2m-600kg\/#primaryimage","url":"https:\/\/www.kl-location.be\/wp-content\/uploads\/2025\/01\/rampe-pliable.jpg","contentUrl":"https:\/\/www.kl-location.be\/wp-content\/uploads\/2025\/01\/rampe-pliable.jpg","width":2000,"height":2000},{"@type":"BreadcrumbList","@id":"https:\/\/www.kl-location.be\/de\/produit\/anhanger\/faltbare-rampen-2m-600kg\/#breadcrumb","itemListElement":[{"@type":"ListItem","position":1,"name":"Accueil","item":"https:\/\/www.kl-location.be\/de\/home\/"},{"@type":"ListItem","position":2,"name":"Shop","item":"https:\/\/www.kl-location.be\/de\/shop\/"},{"@type":"ListItem","position":3,"name":"Faltbare Rampen 2m &#8211; 600kg"}]},{"@type":"WebSite","@id":"https:\/\/www.kl-location.be\/de\/#website","url":"https:\/\/www.kl-location.be\/de\/","name":"KL Location","description":"Location &amp; vente - Province de Li\u00e8ge","publisher":{"@id":"https:\/\/www.kl-location.be\/de\/#organization"},"potentialAction":[{"@type":"SearchAction","target":{"@type":"EntryPoint","urlTemplate":"https:\/\/www.kl-location.be\/de\/?s={search_term_string}"},"query-input":{"@type":"PropertyValueSpecification","valueRequired":true,"valueName":"search_term_string"}}],"inLanguage":"de"},{"@type":"Organization","@id":"https:\/\/www.kl-location.be\/de\/#organization","name":"KL Location","url":"https:\/\/www.kl-location.be\/de\/","logo":{"@type":"ImageObject","inLanguage":"de","@id":"https:\/\/www.kl-location.be\/de\/#\/schema\/logo\/image\/","url":"https:\/\/www.kl-location.be\/wp-content\/uploads\/2024\/03\/kl-location-logo.svg","contentUrl":"https:\/\/www.kl-location.be\/wp-content\/uploads\/2024\/03\/kl-location-logo.svg","caption":"KL Location"},"image":{"@id":"https:\/\/www.kl-location.be\/de\/#\/schema\/logo\/image\/"},"sameAs":["https:\/\/www.facebook.com\/people\/KL-Location\/100094311420764\/"]}]}},"_links":{"self":[{"href":"https:\/\/www.kl-location.be\/de\/wp-json\/wp\/v2\/product\/8265","targetHints":{"allow":["GET"]}}],"collection":[{"href":"https:\/\/www.kl-location.be\/de\/wp-json\/wp\/v2\/product"}],"about":[{"href":"https:\/\/www.kl-location.be\/de\/wp-json\/wp\/v2\/types\/product"}],"wp:featuredmedia":[{"embeddable":true,"href":"https:\/\/www.kl-location.be\/de\/wp-json\/wp\/v2\/media\/7992"}],"wp:attachment":[{"href":"https:\/\/www.kl-location.be\/de\/wp-json\/wp\/v2\/media?parent=8265"}],"wp:term":[{"taxonomy":"product_brand","embeddable":true,"href":"https:\/\/www.kl-location.be\/de\/wp-json\/wp\/v2\/product_brand?post=8265"},{"taxonomy":"product_cat","embeddable":true,"href":"https:\/\/www.kl-location.be\/de\/wp-json\/wp\/v2\/product_cat?post=8265"},{"taxonomy":"product_tag","embeddable":true,"href":"https:\/\/www.kl-location.be\/de\/wp-json\/wp\/v2\/product_tag?post=8265"}],"curies":[{"name":"wp","href":"https:\/\/api.w.org\/{rel}","templated":true}]}}