{"id":8268,"date":"2025-01-25T11:05:51","date_gmt":"2025-01-25T10:05:51","guid":{"rendered":"https:\/\/www.kl-location.be\/produit\/unkategorisiert\/gehrungssaege-makita-ls1019l\/"},"modified":"2025-01-25T11:05:51","modified_gmt":"2025-01-25T10:05:51","slug":"gehrungssaege-makita-ls1019l","status":"publish","type":"product","link":"https:\/\/www.kl-location.be\/de\/produit\/gebaude\/sage-schneidemaschine\/gehrungssaege-makita-ls1019l\/","title":{"rendered":"Gehrungss\u00e4ge Makita LS1019L"},"content":{"rendered":"<p>Die <strong>Makita LS1019L Kapp- und Gehrungss\u00e4ge<\/strong> ist auf <strong>au\u00dfergew\u00f6hnliche Pr\u00e4zision und Effizienz<\/strong> ausgelegt und ideal f\u00fcr <strong>Hochleistungsanwendungen<\/strong> im Baugewerbe und auf Baustellen. Mit seinem 1.510 Watt starken Motor schneidet er auch dicke und feste Materialien mit Leichtigkeit. Sie ist mit einem <strong>Doppelschienensystem<\/strong> ausgestattet, das den Platzbedarf verringert und die S\u00e4ge direkt an einer Wand positionieren kann, was eine erhebliche Platzersparnis mit sich bringt.<\/p>\n<p>Der <strong>eingebaute Laser<\/strong> sorgt f\u00fcr h\u00f6chste <strong>Pr\u00e4zision<\/strong> beim Schneiden. Dar\u00fcber hinaus verf\u00fcgt die S\u00e4ge \u00fcber eine <strong>effektive Staubabsaugung<\/strong>, um eine saubere Arbeitsumgebung zu gew\u00e4hrleisten. Die <strong>Gehrungssperre<\/strong> an der Vorderseite der S\u00e4ge erm\u00f6glicht eine schnelle und bequeme Einstellung der Schnittwinkel. Diese S\u00e4ge ist ein vielseitiges, robustes Werkzeug, das f\u00fcr den professionellen Einsatz geeignet ist.<\/p>\n","protected":false},"excerpt":{"rendered":"<p>Die <strong>Makita LS1019L mit 1510 W<\/strong> ist eine Kapp- und Gehrungss\u00e4ge mit hoher Leistung, die sich ideal f\u00fcr den Einsatz auf Baustellen und im Baugewerbe eignet. Sie verf\u00fcgt \u00fcber ein Doppelschiebersystem, einen Laser f\u00fcr erh\u00f6hte Genauigkeit und ein hervorragendes Staubfangsystem. Sein Bevel Lock befindet sich an der Vorderseite und l\u00e4sst sich so leicht einstellen.<\/p>\n","protected":false},"featured_media":7989,"template":"","meta":{"_acf_changed":false,"inline_featured_image":false},"product_brand":[],"product_cat":[174],"product_tag":[],"class_list":{"0":"post-8268","1":"product","2":"type-product","3":"status-publish","4":"has-post-thumbnail","6":"product_cat-sage-schneidemaschine","8":"first","9":"instock","10":"shipping-taxable","11":"purchasable","12":"product-type-simple"},"acf":[],"yoast_head":"<!-- This site is optimized with the Yoast SEO plugin v24.4 - https:\/\/yoast.com\/wordpress\/plugins\/seo\/ -->\n<title>Gehrungss\u00e4ge Makita LS1019L - KL Location<\/title>\n<meta name=\"robots\" content=\"index, follow, max-snippet:-1, max-image-preview:large, max-video-preview:-1\" \/>\n<link rel=\"canonical\" href=\"https:\/\/www.kl-location.be\/de\/produit\/gebaude\/sage-schneidemaschine\/gehrungssaege-makita-ls1019l\/\" \/>\n<meta property=\"og:locale\" content=\"de_DE\" \/>\n<meta property=\"og:type\" content=\"article\" \/>\n<meta property=\"og:title\" content=\"Gehrungss\u00e4ge Makita LS1019L - KL Location\" \/>\n<meta property=\"og:description\" content=\"Die Makita LS1019L mit 1510 W ist eine Kapp- und Gehrungss\u00e4ge mit hoher Leistung, die sich ideal f\u00fcr den Einsatz auf Baustellen und im Baugewerbe eignet. Sie verf\u00fcgt \u00fcber ein Doppelschiebersystem, einen Laser f\u00fcr erh\u00f6hte Genauigkeit und ein hervorragendes Staubfangsystem. Sein Bevel Lock befindet sich an der Vorderseite und l\u00e4sst sich so leicht einstellen.\" \/>\n<meta property=\"og:url\" content=\"https:\/\/www.kl-location.be\/de\/produit\/gebaude\/sage-schneidemaschine\/gehrungssaege-makita-ls1019l\/\" \/>\n<meta property=\"og:site_name\" content=\"KL Location\" \/>\n<meta property=\"article:publisher\" content=\"https:\/\/www.facebook.com\/people\/KL-Location\/100094311420764\/\" \/>\n<meta property=\"og:image\" content=\"https:\/\/www.kl-location.be\/wp-content\/uploads\/2025\/01\/scie-onglet-makita.jpg\" \/>\n\t<meta property=\"og:image:width\" content=\"2000\" \/>\n\t<meta property=\"og:image:height\" content=\"2000\" \/>\n\t<meta property=\"og:image:type\" content=\"image\/jpeg\" \/>\n<meta name=\"twitter:card\" content=\"summary_large_image\" \/>\n<meta name=\"twitter:label1\" content=\"Gesch\u00e4tzte Lesezeit\" \/>\n\t<meta name=\"twitter:data1\" content=\"1\u00a0Minute\" \/>\n<script type=\"application\/ld+json\" class=\"yoast-schema-graph\">{\"@context\":\"https:\/\/schema.org\",\"@graph\":[{\"@type\":\"WebPage\",\"@id\":\"https:\/\/www.kl-location.be\/de\/produit\/gebaude\/sage-schneidemaschine\/gehrungssaege-makita-ls1019l\/\",\"url\":\"https:\/\/www.kl-location.be\/de\/produit\/gebaude\/sage-schneidemaschine\/gehrungssaege-makita-ls1019l\/\",\"name\":\"Gehrungss\u00e4ge Makita LS1019L - KL Location\",\"isPartOf\":{\"@id\":\"https:\/\/www.kl-location.be\/de\/#website\"},\"primaryImageOfPage\":{\"@id\":\"https:\/\/www.kl-location.be\/de\/produit\/gebaude\/sage-schneidemaschine\/gehrungssaege-makita-ls1019l\/#primaryimage\"},\"image\":{\"@id\":\"https:\/\/www.kl-location.be\/de\/produit\/gebaude\/sage-schneidemaschine\/gehrungssaege-makita-ls1019l\/#primaryimage\"},\"thumbnailUrl\":\"https:\/\/www.kl-location.be\/wp-content\/uploads\/2025\/01\/scie-onglet-makita.jpg\",\"datePublished\":\"2025-01-25T10:05:51+00:00\",\"breadcrumb\":{\"@id\":\"https:\/\/www.kl-location.be\/de\/produit\/gebaude\/sage-schneidemaschine\/gehrungssaege-makita-ls1019l\/#breadcrumb\"},\"inLanguage\":\"de\",\"potentialAction\":[{\"@type\":\"ReadAction\",\"target\":[\"https:\/\/www.kl-location.be\/de\/produit\/gebaude\/sage-schneidemaschine\/gehrungssaege-makita-ls1019l\/\"]}]},{\"@type\":\"ImageObject\",\"inLanguage\":\"de\",\"@id\":\"https:\/\/www.kl-location.be\/de\/produit\/gebaude\/sage-schneidemaschine\/gehrungssaege-makita-ls1019l\/#primaryimage\",\"url\":\"https:\/\/www.kl-location.be\/wp-content\/uploads\/2025\/01\/scie-onglet-makita.jpg\",\"contentUrl\":\"https:\/\/www.kl-location.be\/wp-content\/uploads\/2025\/01\/scie-onglet-makita.jpg\",\"width\":2000,\"height\":2000},{\"@type\":\"BreadcrumbList\",\"@id\":\"https:\/\/www.kl-location.be\/de\/produit\/gebaude\/sage-schneidemaschine\/gehrungssaege-makita-ls1019l\/#breadcrumb\",\"itemListElement\":[{\"@type\":\"ListItem\",\"position\":1,\"name\":\"Accueil\",\"item\":\"https:\/\/www.kl-location.be\/de\/home\/\"},{\"@type\":\"ListItem\",\"position\":2,\"name\":\"Shop\",\"item\":\"https:\/\/www.kl-location.be\/de\/shop\/\"},{\"@type\":\"ListItem\",\"position\":3,\"name\":\"Gehrungss\u00e4ge Makita LS1019L\"}]},{\"@type\":\"WebSite\",\"@id\":\"https:\/\/www.kl-location.be\/de\/#website\",\"url\":\"https:\/\/www.kl-location.be\/de\/\",\"name\":\"KL Location\",\"description\":\"Location &amp; vente - Province de Li\u00e8ge\",\"publisher\":{\"@id\":\"https:\/\/www.kl-location.be\/de\/#organization\"},\"potentialAction\":[{\"@type\":\"SearchAction\",\"target\":{\"@type\":\"EntryPoint\",\"urlTemplate\":\"https:\/\/www.kl-location.be\/de\/?s={search_term_string}\"},\"query-input\":{\"@type\":\"PropertyValueSpecification\",\"valueRequired\":true,\"valueName\":\"search_term_string\"}}],\"inLanguage\":\"de\"},{\"@type\":\"Organization\",\"@id\":\"https:\/\/www.kl-location.be\/de\/#organization\",\"name\":\"KL Location\",\"url\":\"https:\/\/www.kl-location.be\/de\/\",\"logo\":{\"@type\":\"ImageObject\",\"inLanguage\":\"de\",\"@id\":\"https:\/\/www.kl-location.be\/de\/#\/schema\/logo\/image\/\",\"url\":\"https:\/\/www.kl-location.be\/wp-content\/uploads\/2024\/03\/kl-location-logo.svg\",\"contentUrl\":\"https:\/\/www.kl-location.be\/wp-content\/uploads\/2024\/03\/kl-location-logo.svg\",\"caption\":\"KL Location\"},\"image\":{\"@id\":\"https:\/\/www.kl-location.be\/de\/#\/schema\/logo\/image\/\"},\"sameAs\":[\"https:\/\/www.facebook.com\/people\/KL-Location\/100094311420764\/\"]}]}<\/script>\n<!-- \/ Yoast SEO plugin. -->","yoast_head_json":{"title":"Gehrungss\u00e4ge Makita LS1019L - KL Location","robots":{"index":"index","follow":"follow","max-snippet":"max-snippet:-1","max-image-preview":"max-image-preview:large","max-video-preview":"max-video-preview:-1"},"canonical":"https:\/\/www.kl-location.be\/de\/produit\/gebaude\/sage-schneidemaschine\/gehrungssaege-makita-ls1019l\/","og_locale":"de_DE","og_type":"article","og_title":"Gehrungss\u00e4ge Makita LS1019L - KL Location","og_description":"Die Makita LS1019L mit 1510 W ist eine Kapp- und Gehrungss\u00e4ge mit hoher Leistung, die sich ideal f\u00fcr den Einsatz auf Baustellen und im Baugewerbe eignet. Sie verf\u00fcgt \u00fcber ein Doppelschiebersystem, einen Laser f\u00fcr erh\u00f6hte Genauigkeit und ein hervorragendes Staubfangsystem. Sein Bevel Lock befindet sich an der Vorderseite und l\u00e4sst sich so leicht einstellen.","og_url":"https:\/\/www.kl-location.be\/de\/produit\/gebaude\/sage-schneidemaschine\/gehrungssaege-makita-ls1019l\/","og_site_name":"KL Location","article_publisher":"https:\/\/www.facebook.com\/people\/KL-Location\/100094311420764\/","og_image":[{"width":2000,"height":2000,"url":"https:\/\/www.kl-location.be\/wp-content\/uploads\/2025\/01\/scie-onglet-makita.jpg","type":"image\/jpeg"}],"twitter_card":"summary_large_image","twitter_misc":{"Gesch\u00e4tzte Lesezeit":"1\u00a0Minute"},"schema":{"@context":"https:\/\/schema.org","@graph":[{"@type":"WebPage","@id":"https:\/\/www.kl-location.be\/de\/produit\/gebaude\/sage-schneidemaschine\/gehrungssaege-makita-ls1019l\/","url":"https:\/\/www.kl-location.be\/de\/produit\/gebaude\/sage-schneidemaschine\/gehrungssaege-makita-ls1019l\/","name":"Gehrungss\u00e4ge Makita LS1019L - KL Location","isPartOf":{"@id":"https:\/\/www.kl-location.be\/de\/#website"},"primaryImageOfPage":{"@id":"https:\/\/www.kl-location.be\/de\/produit\/gebaude\/sage-schneidemaschine\/gehrungssaege-makita-ls1019l\/#primaryimage"},"image":{"@id":"https:\/\/www.kl-location.be\/de\/produit\/gebaude\/sage-schneidemaschine\/gehrungssaege-makita-ls1019l\/#primaryimage"},"thumbnailUrl":"https:\/\/www.kl-location.be\/wp-content\/uploads\/2025\/01\/scie-onglet-makita.jpg","datePublished":"2025-01-25T10:05:51+00:00","breadcrumb":{"@id":"https:\/\/www.kl-location.be\/de\/produit\/gebaude\/sage-schneidemaschine\/gehrungssaege-makita-ls1019l\/#breadcrumb"},"inLanguage":"de","potentialAction":[{"@type":"ReadAction","target":["https:\/\/www.kl-location.be\/de\/produit\/gebaude\/sage-schneidemaschine\/gehrungssaege-makita-ls1019l\/"]}]},{"@type":"ImageObject","inLanguage":"de","@id":"https:\/\/www.kl-location.be\/de\/produit\/gebaude\/sage-schneidemaschine\/gehrungssaege-makita-ls1019l\/#primaryimage","url":"https:\/\/www.kl-location.be\/wp-content\/uploads\/2025\/01\/scie-onglet-makita.jpg","contentUrl":"https:\/\/www.kl-location.be\/wp-content\/uploads\/2025\/01\/scie-onglet-makita.jpg","width":2000,"height":2000},{"@type":"BreadcrumbList","@id":"https:\/\/www.kl-location.be\/de\/produit\/gebaude\/sage-schneidemaschine\/gehrungssaege-makita-ls1019l\/#breadcrumb","itemListElement":[{"@type":"ListItem","position":1,"name":"Accueil","item":"https:\/\/www.kl-location.be\/de\/home\/"},{"@type":"ListItem","position":2,"name":"Shop","item":"https:\/\/www.kl-location.be\/de\/shop\/"},{"@type":"ListItem","position":3,"name":"Gehrungss\u00e4ge Makita LS1019L"}]},{"@type":"WebSite","@id":"https:\/\/www.kl-location.be\/de\/#website","url":"https:\/\/www.kl-location.be\/de\/","name":"KL Location","description":"Location &amp; vente - Province de Li\u00e8ge","publisher":{"@id":"https:\/\/www.kl-location.be\/de\/#organization"},"potentialAction":[{"@type":"SearchAction","target":{"@type":"EntryPoint","urlTemplate":"https:\/\/www.kl-location.be\/de\/?s={search_term_string}"},"query-input":{"@type":"PropertyValueSpecification","valueRequired":true,"valueName":"search_term_string"}}],"inLanguage":"de"},{"@type":"Organization","@id":"https:\/\/www.kl-location.be\/de\/#organization","name":"KL Location","url":"https:\/\/www.kl-location.be\/de\/","logo":{"@type":"ImageObject","inLanguage":"de","@id":"https:\/\/www.kl-location.be\/de\/#\/schema\/logo\/image\/","url":"https:\/\/www.kl-location.be\/wp-content\/uploads\/2024\/03\/kl-location-logo.svg","contentUrl":"https:\/\/www.kl-location.be\/wp-content\/uploads\/2024\/03\/kl-location-logo.svg","caption":"KL Location"},"image":{"@id":"https:\/\/www.kl-location.be\/de\/#\/schema\/logo\/image\/"},"sameAs":["https:\/\/www.facebook.com\/people\/KL-Location\/100094311420764\/"]}]}},"_links":{"self":[{"href":"https:\/\/www.kl-location.be\/de\/wp-json\/wp\/v2\/product\/8268","targetHints":{"allow":["GET"]}}],"collection":[{"href":"https:\/\/www.kl-location.be\/de\/wp-json\/wp\/v2\/product"}],"about":[{"href":"https:\/\/www.kl-location.be\/de\/wp-json\/wp\/v2\/types\/product"}],"wp:featuredmedia":[{"embeddable":true,"href":"https:\/\/www.kl-location.be\/de\/wp-json\/wp\/v2\/media\/7989"}],"wp:attachment":[{"href":"https:\/\/www.kl-location.be\/de\/wp-json\/wp\/v2\/media?parent=8268"}],"wp:term":[{"taxonomy":"product_brand","embeddable":true,"href":"https:\/\/www.kl-location.be\/de\/wp-json\/wp\/v2\/product_brand?post=8268"},{"taxonomy":"product_cat","embeddable":true,"href":"https:\/\/www.kl-location.be\/de\/wp-json\/wp\/v2\/product_cat?post=8268"},{"taxonomy":"product_tag","embeddable":true,"href":"https:\/\/www.kl-location.be\/de\/wp-json\/wp\/v2\/product_tag?post=8268"}],"curies":[{"name":"wp","href":"https:\/\/api.w.org\/{rel}","templated":true}]}}