{"id":8270,"date":"2025-01-25T10:57:15","date_gmt":"2025-01-25T09:57:15","guid":{"rendered":"https:\/\/www.kl-location.be\/produit\/unkategorisiert\/fugenschneider-norton-cs-451\/"},"modified":"2025-01-25T10:57:15","modified_gmt":"2025-01-25T09:57:15","slug":"fugenschneider-norton-cs-451","status":"publish","type":"product","link":"https:\/\/www.kl-location.be\/de\/produit\/gebaude\/sage-schneidemaschine\/fugenschneider-norton-cs-451\/","title":{"rendered":"Fugenschneider Norton CS 451"},"content":{"rendered":"<p>Der Norton CS451 Fugenschneider repr\u00e4sentiert eine neue Generation von professionellen Werkzeugen, die Leistung und Bedienkomfort vereinen. Dank einer 40%igen Reduzierung der Vibrationen bietet er ein verbessertes Arbeitserlebnis &#8211; ideal f\u00fcr Berufst\u00e4tige, die nach optimalen Arbeitsbedingungen suchen.<\/p>\n<p>Das robuste Chassis und der Lenker mit elastischer Aufh\u00e4ngung sorgen f\u00fcr Stabilit\u00e4t auch bei anspruchsvollen Aufgaben. Au\u00dferdem sorgt der 25L Wassertank f\u00fcr einen pr\u00e4zisen Schnitt bei gleichzeitiger Reduzierung der Staubentwicklung. Eine ideale Wahl f\u00fcr Bodenschneideanwendungen auf verschiedenen Arten von Oberfl\u00e4chen.<\/p>\n","protected":false},"excerpt":{"rendered":"<p>La <strong>scie \u00e0 sol Norton CS451<\/strong> allie robustesse, fonctionnalit\u00e9 et confort d&#8217;utilisation gr\u00e2ce \u00e0 une r\u00e9duction des vibrations de 40%. Er verf\u00fcgt \u00fcber einen elastisch gelagerten Rahmen und Lenker sowie einen gro\u00dfen Wassertank (25L) f\u00fcr qualitativ hochwertige Schnitte.<\/p>\n","protected":false},"featured_media":7987,"template":"","meta":{"_acf_changed":false,"inline_featured_image":false},"product_brand":[],"product_cat":[174],"product_tag":[],"class_list":{"0":"post-8270","1":"product","2":"type-product","3":"status-publish","4":"has-post-thumbnail","6":"product_cat-sage-schneidemaschine","8":"first","9":"instock","10":"shipping-taxable","11":"purchasable","12":"product-type-simple"},"acf":[],"yoast_head":"<!-- This site is optimized with the Yoast SEO plugin v24.4 - https:\/\/yoast.com\/wordpress\/plugins\/seo\/ -->\n<title>Fugenschneider Norton CS 451 - KL Location<\/title>\n<meta name=\"robots\" content=\"index, follow, max-snippet:-1, max-image-preview:large, max-video-preview:-1\" \/>\n<link rel=\"canonical\" href=\"https:\/\/www.kl-location.be\/de\/produit\/gebaude\/sage-schneidemaschine\/fugenschneider-norton-cs-451\/\" \/>\n<meta property=\"og:locale\" content=\"de_DE\" \/>\n<meta property=\"og:type\" content=\"article\" \/>\n<meta property=\"og:title\" content=\"Fugenschneider Norton CS 451 - KL Location\" \/>\n<meta property=\"og:description\" content=\"La scie \u00e0 sol Norton CS451 allie robustesse, fonctionnalit\u00e9 et confort d&#039;utilisation gr\u00e2ce \u00e0 une r\u00e9duction des vibrations de 40%. Er verf\u00fcgt \u00fcber einen elastisch gelagerten Rahmen und Lenker sowie einen gro\u00dfen Wassertank (25L) f\u00fcr qualitativ hochwertige Schnitte.\" \/>\n<meta property=\"og:url\" content=\"https:\/\/www.kl-location.be\/de\/produit\/gebaude\/sage-schneidemaschine\/fugenschneider-norton-cs-451\/\" \/>\n<meta property=\"og:site_name\" content=\"KL Location\" \/>\n<meta property=\"article:publisher\" content=\"https:\/\/www.facebook.com\/people\/KL-Location\/100094311420764\/\" \/>\n<meta property=\"og:image\" content=\"https:\/\/www.kl-location.be\/wp-content\/uploads\/2025\/01\/cs451.jpg\" \/>\n\t<meta property=\"og:image:width\" content=\"2000\" \/>\n\t<meta property=\"og:image:height\" content=\"2000\" \/>\n\t<meta property=\"og:image:type\" content=\"image\/jpeg\" \/>\n<meta name=\"twitter:card\" content=\"summary_large_image\" \/>\n<script type=\"application\/ld+json\" class=\"yoast-schema-graph\">{\"@context\":\"https:\/\/schema.org\",\"@graph\":[{\"@type\":\"WebPage\",\"@id\":\"https:\/\/www.kl-location.be\/de\/produit\/gebaude\/sage-schneidemaschine\/fugenschneider-norton-cs-451\/\",\"url\":\"https:\/\/www.kl-location.be\/de\/produit\/gebaude\/sage-schneidemaschine\/fugenschneider-norton-cs-451\/\",\"name\":\"Fugenschneider Norton CS 451 - KL Location\",\"isPartOf\":{\"@id\":\"https:\/\/www.kl-location.be\/de\/#website\"},\"primaryImageOfPage\":{\"@id\":\"https:\/\/www.kl-location.be\/de\/produit\/gebaude\/sage-schneidemaschine\/fugenschneider-norton-cs-451\/#primaryimage\"},\"image\":{\"@id\":\"https:\/\/www.kl-location.be\/de\/produit\/gebaude\/sage-schneidemaschine\/fugenschneider-norton-cs-451\/#primaryimage\"},\"thumbnailUrl\":\"https:\/\/www.kl-location.be\/wp-content\/uploads\/2025\/01\/cs451.jpg\",\"datePublished\":\"2025-01-25T09:57:15+00:00\",\"breadcrumb\":{\"@id\":\"https:\/\/www.kl-location.be\/de\/produit\/gebaude\/sage-schneidemaschine\/fugenschneider-norton-cs-451\/#breadcrumb\"},\"inLanguage\":\"de\",\"potentialAction\":[{\"@type\":\"ReadAction\",\"target\":[\"https:\/\/www.kl-location.be\/de\/produit\/gebaude\/sage-schneidemaschine\/fugenschneider-norton-cs-451\/\"]}]},{\"@type\":\"ImageObject\",\"inLanguage\":\"de\",\"@id\":\"https:\/\/www.kl-location.be\/de\/produit\/gebaude\/sage-schneidemaschine\/fugenschneider-norton-cs-451\/#primaryimage\",\"url\":\"https:\/\/www.kl-location.be\/wp-content\/uploads\/2025\/01\/cs451.jpg\",\"contentUrl\":\"https:\/\/www.kl-location.be\/wp-content\/uploads\/2025\/01\/cs451.jpg\",\"width\":2000,\"height\":2000},{\"@type\":\"BreadcrumbList\",\"@id\":\"https:\/\/www.kl-location.be\/de\/produit\/gebaude\/sage-schneidemaschine\/fugenschneider-norton-cs-451\/#breadcrumb\",\"itemListElement\":[{\"@type\":\"ListItem\",\"position\":1,\"name\":\"Accueil\",\"item\":\"https:\/\/www.kl-location.be\/de\/home\/\"},{\"@type\":\"ListItem\",\"position\":2,\"name\":\"Shop\",\"item\":\"https:\/\/www.kl-location.be\/de\/shop\/\"},{\"@type\":\"ListItem\",\"position\":3,\"name\":\"Fugenschneider Norton CS 451\"}]},{\"@type\":\"WebSite\",\"@id\":\"https:\/\/www.kl-location.be\/de\/#website\",\"url\":\"https:\/\/www.kl-location.be\/de\/\",\"name\":\"KL Location\",\"description\":\"Location &amp; vente - Province de Li\u00e8ge\",\"publisher\":{\"@id\":\"https:\/\/www.kl-location.be\/de\/#organization\"},\"potentialAction\":[{\"@type\":\"SearchAction\",\"target\":{\"@type\":\"EntryPoint\",\"urlTemplate\":\"https:\/\/www.kl-location.be\/de\/?s={search_term_string}\"},\"query-input\":{\"@type\":\"PropertyValueSpecification\",\"valueRequired\":true,\"valueName\":\"search_term_string\"}}],\"inLanguage\":\"de\"},{\"@type\":\"Organization\",\"@id\":\"https:\/\/www.kl-location.be\/de\/#organization\",\"name\":\"KL Location\",\"url\":\"https:\/\/www.kl-location.be\/de\/\",\"logo\":{\"@type\":\"ImageObject\",\"inLanguage\":\"de\",\"@id\":\"https:\/\/www.kl-location.be\/de\/#\/schema\/logo\/image\/\",\"url\":\"https:\/\/www.kl-location.be\/wp-content\/uploads\/2024\/03\/kl-location-logo.svg\",\"contentUrl\":\"https:\/\/www.kl-location.be\/wp-content\/uploads\/2024\/03\/kl-location-logo.svg\",\"caption\":\"KL Location\"},\"image\":{\"@id\":\"https:\/\/www.kl-location.be\/de\/#\/schema\/logo\/image\/\"},\"sameAs\":[\"https:\/\/www.facebook.com\/people\/KL-Location\/100094311420764\/\"]}]}<\/script>\n<!-- \/ Yoast SEO plugin. -->","yoast_head_json":{"title":"Fugenschneider Norton CS 451 - KL Location","robots":{"index":"index","follow":"follow","max-snippet":"max-snippet:-1","max-image-preview":"max-image-preview:large","max-video-preview":"max-video-preview:-1"},"canonical":"https:\/\/www.kl-location.be\/de\/produit\/gebaude\/sage-schneidemaschine\/fugenschneider-norton-cs-451\/","og_locale":"de_DE","og_type":"article","og_title":"Fugenschneider Norton CS 451 - KL Location","og_description":"La scie \u00e0 sol Norton CS451 allie robustesse, fonctionnalit\u00e9 et confort d'utilisation gr\u00e2ce \u00e0 une r\u00e9duction des vibrations de 40%. Er verf\u00fcgt \u00fcber einen elastisch gelagerten Rahmen und Lenker sowie einen gro\u00dfen Wassertank (25L) f\u00fcr qualitativ hochwertige Schnitte.","og_url":"https:\/\/www.kl-location.be\/de\/produit\/gebaude\/sage-schneidemaschine\/fugenschneider-norton-cs-451\/","og_site_name":"KL Location","article_publisher":"https:\/\/www.facebook.com\/people\/KL-Location\/100094311420764\/","og_image":[{"width":2000,"height":2000,"url":"https:\/\/www.kl-location.be\/wp-content\/uploads\/2025\/01\/cs451.jpg","type":"image\/jpeg"}],"twitter_card":"summary_large_image","schema":{"@context":"https:\/\/schema.org","@graph":[{"@type":"WebPage","@id":"https:\/\/www.kl-location.be\/de\/produit\/gebaude\/sage-schneidemaschine\/fugenschneider-norton-cs-451\/","url":"https:\/\/www.kl-location.be\/de\/produit\/gebaude\/sage-schneidemaschine\/fugenschneider-norton-cs-451\/","name":"Fugenschneider Norton CS 451 - KL Location","isPartOf":{"@id":"https:\/\/www.kl-location.be\/de\/#website"},"primaryImageOfPage":{"@id":"https:\/\/www.kl-location.be\/de\/produit\/gebaude\/sage-schneidemaschine\/fugenschneider-norton-cs-451\/#primaryimage"},"image":{"@id":"https:\/\/www.kl-location.be\/de\/produit\/gebaude\/sage-schneidemaschine\/fugenschneider-norton-cs-451\/#primaryimage"},"thumbnailUrl":"https:\/\/www.kl-location.be\/wp-content\/uploads\/2025\/01\/cs451.jpg","datePublished":"2025-01-25T09:57:15+00:00","breadcrumb":{"@id":"https:\/\/www.kl-location.be\/de\/produit\/gebaude\/sage-schneidemaschine\/fugenschneider-norton-cs-451\/#breadcrumb"},"inLanguage":"de","potentialAction":[{"@type":"ReadAction","target":["https:\/\/www.kl-location.be\/de\/produit\/gebaude\/sage-schneidemaschine\/fugenschneider-norton-cs-451\/"]}]},{"@type":"ImageObject","inLanguage":"de","@id":"https:\/\/www.kl-location.be\/de\/produit\/gebaude\/sage-schneidemaschine\/fugenschneider-norton-cs-451\/#primaryimage","url":"https:\/\/www.kl-location.be\/wp-content\/uploads\/2025\/01\/cs451.jpg","contentUrl":"https:\/\/www.kl-location.be\/wp-content\/uploads\/2025\/01\/cs451.jpg","width":2000,"height":2000},{"@type":"BreadcrumbList","@id":"https:\/\/www.kl-location.be\/de\/produit\/gebaude\/sage-schneidemaschine\/fugenschneider-norton-cs-451\/#breadcrumb","itemListElement":[{"@type":"ListItem","position":1,"name":"Accueil","item":"https:\/\/www.kl-location.be\/de\/home\/"},{"@type":"ListItem","position":2,"name":"Shop","item":"https:\/\/www.kl-location.be\/de\/shop\/"},{"@type":"ListItem","position":3,"name":"Fugenschneider Norton CS 451"}]},{"@type":"WebSite","@id":"https:\/\/www.kl-location.be\/de\/#website","url":"https:\/\/www.kl-location.be\/de\/","name":"KL Location","description":"Location &amp; vente - Province de Li\u00e8ge","publisher":{"@id":"https:\/\/www.kl-location.be\/de\/#organization"},"potentialAction":[{"@type":"SearchAction","target":{"@type":"EntryPoint","urlTemplate":"https:\/\/www.kl-location.be\/de\/?s={search_term_string}"},"query-input":{"@type":"PropertyValueSpecification","valueRequired":true,"valueName":"search_term_string"}}],"inLanguage":"de"},{"@type":"Organization","@id":"https:\/\/www.kl-location.be\/de\/#organization","name":"KL Location","url":"https:\/\/www.kl-location.be\/de\/","logo":{"@type":"ImageObject","inLanguage":"de","@id":"https:\/\/www.kl-location.be\/de\/#\/schema\/logo\/image\/","url":"https:\/\/www.kl-location.be\/wp-content\/uploads\/2024\/03\/kl-location-logo.svg","contentUrl":"https:\/\/www.kl-location.be\/wp-content\/uploads\/2024\/03\/kl-location-logo.svg","caption":"KL Location"},"image":{"@id":"https:\/\/www.kl-location.be\/de\/#\/schema\/logo\/image\/"},"sameAs":["https:\/\/www.facebook.com\/people\/KL-Location\/100094311420764\/"]}]}},"_links":{"self":[{"href":"https:\/\/www.kl-location.be\/de\/wp-json\/wp\/v2\/product\/8270","targetHints":{"allow":["GET"]}}],"collection":[{"href":"https:\/\/www.kl-location.be\/de\/wp-json\/wp\/v2\/product"}],"about":[{"href":"https:\/\/www.kl-location.be\/de\/wp-json\/wp\/v2\/types\/product"}],"wp:featuredmedia":[{"embeddable":true,"href":"https:\/\/www.kl-location.be\/de\/wp-json\/wp\/v2\/media\/7987"}],"wp:attachment":[{"href":"https:\/\/www.kl-location.be\/de\/wp-json\/wp\/v2\/media?parent=8270"}],"wp:term":[{"taxonomy":"product_brand","embeddable":true,"href":"https:\/\/www.kl-location.be\/de\/wp-json\/wp\/v2\/product_brand?post=8270"},{"taxonomy":"product_cat","embeddable":true,"href":"https:\/\/www.kl-location.be\/de\/wp-json\/wp\/v2\/product_cat?post=8270"},{"taxonomy":"product_tag","embeddable":true,"href":"https:\/\/www.kl-location.be\/de\/wp-json\/wp\/v2\/product_tag?post=8270"}],"curies":[{"name":"wp","href":"https:\/\/api.w.org\/{rel}","templated":true}]}}