{"id":8272,"date":"2025-01-25T10:40:11","date_gmt":"2025-01-25T09:40:11","guid":{"rendered":"https:\/\/www.kl-location.be\/produit\/unkategorisiert\/haecksler-eliet-major-4s\/"},"modified":"2025-01-25T10:40:11","modified_gmt":"2025-01-25T09:40:11","slug":"haecksler-eliet-major-4s","status":"publish","type":"product","link":"https:\/\/www.kl-location.be\/de\/produit\/garten\/hacksler\/haecksler-eliet-major-4s\/","title":{"rendered":"H\u00e4cksler Eliet MAJOR 4S"},"content":{"rendered":"<p>Der <strong>ELIET MAJOR 4S<\/strong> ist ein kompakter Gartenh\u00e4cksler, der Leistung und Praktikabilit\u00e4t vereint. Dank seines leichten und kompakten Designs passt er problemlos durch schmale Gartent\u00fcren und begleitet Sie auf all Ihren Baustellen. Er verf\u00fcgt \u00fcber eine gro\u00dfe Einf\u00fcll\u00f6ffnung f\u00fcr bequemes Arbeiten. Damit k\u00f6nnen Sie \u00c4ste mit einem Durchmesser von bis zu 55 mm zerkleinern.<\/p>\n<p>Mit einer Stundenleistung von ca. 24 Schubkarren hilft Ihnen der <strong>ELIET MAJOR 4S<\/strong>, schnell und effizient zu arbeiten. Dieser H\u00e4cksler ist ideal f\u00fcr den Hausgarten. Mit ihm k\u00f6nnen Sie Ihre Pflanzenabf\u00e4lle in Holzsp\u00e4ne f\u00fcr den Kompost oder zum Mulchen umwandeln, und Sie erhalten ein Ger\u00e4t, das leicht zu transportieren und zu lagern ist.<\/p>\n","protected":false},"excerpt":{"rendered":"<p>Der <strong>ELIET MAJOR 4S<\/strong> ist ein kompakter und leistungsstarker H\u00e4cksler, der sich leicht transportieren und man\u00f6vrieren l\u00e4sst. Er verf\u00fcgt \u00fcber eine gro\u00dfe Einf\u00fcll\u00f6ffnung und kann \u00c4ste mit einem Durchmesser von bis zu 55 mm schneiden. Seine Stundenleistung betr\u00e4gt etwa 24 Schubkarren pro Stunde. Er ist ideal f\u00fcr Ihre Gartenarbeit und passt sich problemlos engen R\u00e4umen an.<\/p>\n","protected":false},"featured_media":7983,"template":"","meta":{"_acf_changed":false,"inline_featured_image":false},"product_brand":[],"product_cat":[182],"product_tag":[],"class_list":{"0":"post-8272","1":"product","2":"type-product","3":"status-publish","4":"has-post-thumbnail","6":"product_cat-hacksler","8":"first","9":"instock","10":"shipping-taxable","11":"purchasable","12":"product-type-simple"},"acf":[],"yoast_head":"<!-- This site is optimized with the Yoast SEO plugin v24.4 - https:\/\/yoast.com\/wordpress\/plugins\/seo\/ -->\n<title>H\u00e4cksler Eliet MAJOR 4S - KL Location<\/title>\n<meta name=\"robots\" content=\"index, follow, max-snippet:-1, max-image-preview:large, max-video-preview:-1\" \/>\n<link rel=\"canonical\" href=\"https:\/\/www.kl-location.be\/de\/produit\/garten\/hacksler\/haecksler-eliet-major-4s\/\" \/>\n<meta property=\"og:locale\" content=\"de_DE\" \/>\n<meta property=\"og:type\" content=\"article\" \/>\n<meta property=\"og:title\" content=\"H\u00e4cksler Eliet MAJOR 4S - KL Location\" \/>\n<meta property=\"og:description\" content=\"Der ELIET MAJOR 4S ist ein kompakter und leistungsstarker H\u00e4cksler, der sich leicht transportieren und man\u00f6vrieren l\u00e4sst. Er verf\u00fcgt \u00fcber eine gro\u00dfe Einf\u00fcll\u00f6ffnung und kann \u00c4ste mit einem Durchmesser von bis zu 55 mm schneiden. Seine Stundenleistung betr\u00e4gt etwa 24 Schubkarren pro Stunde. Er ist ideal f\u00fcr Ihre Gartenarbeit und passt sich problemlos engen R\u00e4umen an.\" \/>\n<meta property=\"og:url\" content=\"https:\/\/www.kl-location.be\/de\/produit\/garten\/hacksler\/haecksler-eliet-major-4s\/\" \/>\n<meta property=\"og:site_name\" content=\"KL Location\" \/>\n<meta property=\"article:publisher\" content=\"https:\/\/www.facebook.com\/people\/KL-Location\/100094311420764\/\" \/>\n<meta property=\"og:image\" content=\"https:\/\/www.kl-location.be\/wp-content\/uploads\/2025\/01\/ELIET-4S.jpg\" \/>\n\t<meta property=\"og:image:width\" content=\"2000\" \/>\n\t<meta property=\"og:image:height\" content=\"2000\" \/>\n\t<meta property=\"og:image:type\" content=\"image\/jpeg\" \/>\n<meta name=\"twitter:card\" content=\"summary_large_image\" \/>\n<meta name=\"twitter:label1\" content=\"Gesch\u00e4tzte Lesezeit\" \/>\n\t<meta name=\"twitter:data1\" content=\"1\u00a0Minute\" \/>\n<script type=\"application\/ld+json\" class=\"yoast-schema-graph\">{\"@context\":\"https:\/\/schema.org\",\"@graph\":[{\"@type\":\"WebPage\",\"@id\":\"https:\/\/www.kl-location.be\/de\/produit\/garten\/hacksler\/haecksler-eliet-major-4s\/\",\"url\":\"https:\/\/www.kl-location.be\/de\/produit\/garten\/hacksler\/haecksler-eliet-major-4s\/\",\"name\":\"H\u00e4cksler Eliet MAJOR 4S - KL Location\",\"isPartOf\":{\"@id\":\"https:\/\/www.kl-location.be\/de\/#website\"},\"primaryImageOfPage\":{\"@id\":\"https:\/\/www.kl-location.be\/de\/produit\/garten\/hacksler\/haecksler-eliet-major-4s\/#primaryimage\"},\"image\":{\"@id\":\"https:\/\/www.kl-location.be\/de\/produit\/garten\/hacksler\/haecksler-eliet-major-4s\/#primaryimage\"},\"thumbnailUrl\":\"https:\/\/www.kl-location.be\/wp-content\/uploads\/2025\/01\/ELIET-4S.jpg\",\"datePublished\":\"2025-01-25T09:40:11+00:00\",\"breadcrumb\":{\"@id\":\"https:\/\/www.kl-location.be\/de\/produit\/garten\/hacksler\/haecksler-eliet-major-4s\/#breadcrumb\"},\"inLanguage\":\"de\",\"potentialAction\":[{\"@type\":\"ReadAction\",\"target\":[\"https:\/\/www.kl-location.be\/de\/produit\/garten\/hacksler\/haecksler-eliet-major-4s\/\"]}]},{\"@type\":\"ImageObject\",\"inLanguage\":\"de\",\"@id\":\"https:\/\/www.kl-location.be\/de\/produit\/garten\/hacksler\/haecksler-eliet-major-4s\/#primaryimage\",\"url\":\"https:\/\/www.kl-location.be\/wp-content\/uploads\/2025\/01\/ELIET-4S.jpg\",\"contentUrl\":\"https:\/\/www.kl-location.be\/wp-content\/uploads\/2025\/01\/ELIET-4S.jpg\",\"width\":2000,\"height\":2000},{\"@type\":\"BreadcrumbList\",\"@id\":\"https:\/\/www.kl-location.be\/de\/produit\/garten\/hacksler\/haecksler-eliet-major-4s\/#breadcrumb\",\"itemListElement\":[{\"@type\":\"ListItem\",\"position\":1,\"name\":\"Accueil\",\"item\":\"https:\/\/www.kl-location.be\/de\/home\/\"},{\"@type\":\"ListItem\",\"position\":2,\"name\":\"Shop\",\"item\":\"https:\/\/www.kl-location.be\/de\/shop\/\"},{\"@type\":\"ListItem\",\"position\":3,\"name\":\"H\u00e4cksler Eliet MAJOR 4S\"}]},{\"@type\":\"WebSite\",\"@id\":\"https:\/\/www.kl-location.be\/de\/#website\",\"url\":\"https:\/\/www.kl-location.be\/de\/\",\"name\":\"KL Location\",\"description\":\"Location &amp; vente - Province de Li\u00e8ge\",\"publisher\":{\"@id\":\"https:\/\/www.kl-location.be\/de\/#organization\"},\"potentialAction\":[{\"@type\":\"SearchAction\",\"target\":{\"@type\":\"EntryPoint\",\"urlTemplate\":\"https:\/\/www.kl-location.be\/de\/?s={search_term_string}\"},\"query-input\":{\"@type\":\"PropertyValueSpecification\",\"valueRequired\":true,\"valueName\":\"search_term_string\"}}],\"inLanguage\":\"de\"},{\"@type\":\"Organization\",\"@id\":\"https:\/\/www.kl-location.be\/de\/#organization\",\"name\":\"KL Location\",\"url\":\"https:\/\/www.kl-location.be\/de\/\",\"logo\":{\"@type\":\"ImageObject\",\"inLanguage\":\"de\",\"@id\":\"https:\/\/www.kl-location.be\/de\/#\/schema\/logo\/image\/\",\"url\":\"https:\/\/www.kl-location.be\/wp-content\/uploads\/2024\/03\/kl-location-logo.svg\",\"contentUrl\":\"https:\/\/www.kl-location.be\/wp-content\/uploads\/2024\/03\/kl-location-logo.svg\",\"caption\":\"KL Location\"},\"image\":{\"@id\":\"https:\/\/www.kl-location.be\/de\/#\/schema\/logo\/image\/\"},\"sameAs\":[\"https:\/\/www.facebook.com\/people\/KL-Location\/100094311420764\/\"]}]}<\/script>\n<!-- \/ Yoast SEO plugin. -->","yoast_head_json":{"title":"H\u00e4cksler Eliet MAJOR 4S - KL Location","robots":{"index":"index","follow":"follow","max-snippet":"max-snippet:-1","max-image-preview":"max-image-preview:large","max-video-preview":"max-video-preview:-1"},"canonical":"https:\/\/www.kl-location.be\/de\/produit\/garten\/hacksler\/haecksler-eliet-major-4s\/","og_locale":"de_DE","og_type":"article","og_title":"H\u00e4cksler Eliet MAJOR 4S - KL Location","og_description":"Der ELIET MAJOR 4S ist ein kompakter und leistungsstarker H\u00e4cksler, der sich leicht transportieren und man\u00f6vrieren l\u00e4sst. Er verf\u00fcgt \u00fcber eine gro\u00dfe Einf\u00fcll\u00f6ffnung und kann \u00c4ste mit einem Durchmesser von bis zu 55 mm schneiden. Seine Stundenleistung betr\u00e4gt etwa 24 Schubkarren pro Stunde. Er ist ideal f\u00fcr Ihre Gartenarbeit und passt sich problemlos engen R\u00e4umen an.","og_url":"https:\/\/www.kl-location.be\/de\/produit\/garten\/hacksler\/haecksler-eliet-major-4s\/","og_site_name":"KL Location","article_publisher":"https:\/\/www.facebook.com\/people\/KL-Location\/100094311420764\/","og_image":[{"width":2000,"height":2000,"url":"https:\/\/www.kl-location.be\/wp-content\/uploads\/2025\/01\/ELIET-4S.jpg","type":"image\/jpeg"}],"twitter_card":"summary_large_image","twitter_misc":{"Gesch\u00e4tzte Lesezeit":"1\u00a0Minute"},"schema":{"@context":"https:\/\/schema.org","@graph":[{"@type":"WebPage","@id":"https:\/\/www.kl-location.be\/de\/produit\/garten\/hacksler\/haecksler-eliet-major-4s\/","url":"https:\/\/www.kl-location.be\/de\/produit\/garten\/hacksler\/haecksler-eliet-major-4s\/","name":"H\u00e4cksler Eliet MAJOR 4S - KL Location","isPartOf":{"@id":"https:\/\/www.kl-location.be\/de\/#website"},"primaryImageOfPage":{"@id":"https:\/\/www.kl-location.be\/de\/produit\/garten\/hacksler\/haecksler-eliet-major-4s\/#primaryimage"},"image":{"@id":"https:\/\/www.kl-location.be\/de\/produit\/garten\/hacksler\/haecksler-eliet-major-4s\/#primaryimage"},"thumbnailUrl":"https:\/\/www.kl-location.be\/wp-content\/uploads\/2025\/01\/ELIET-4S.jpg","datePublished":"2025-01-25T09:40:11+00:00","breadcrumb":{"@id":"https:\/\/www.kl-location.be\/de\/produit\/garten\/hacksler\/haecksler-eliet-major-4s\/#breadcrumb"},"inLanguage":"de","potentialAction":[{"@type":"ReadAction","target":["https:\/\/www.kl-location.be\/de\/produit\/garten\/hacksler\/haecksler-eliet-major-4s\/"]}]},{"@type":"ImageObject","inLanguage":"de","@id":"https:\/\/www.kl-location.be\/de\/produit\/garten\/hacksler\/haecksler-eliet-major-4s\/#primaryimage","url":"https:\/\/www.kl-location.be\/wp-content\/uploads\/2025\/01\/ELIET-4S.jpg","contentUrl":"https:\/\/www.kl-location.be\/wp-content\/uploads\/2025\/01\/ELIET-4S.jpg","width":2000,"height":2000},{"@type":"BreadcrumbList","@id":"https:\/\/www.kl-location.be\/de\/produit\/garten\/hacksler\/haecksler-eliet-major-4s\/#breadcrumb","itemListElement":[{"@type":"ListItem","position":1,"name":"Accueil","item":"https:\/\/www.kl-location.be\/de\/home\/"},{"@type":"ListItem","position":2,"name":"Shop","item":"https:\/\/www.kl-location.be\/de\/shop\/"},{"@type":"ListItem","position":3,"name":"H\u00e4cksler Eliet MAJOR 4S"}]},{"@type":"WebSite","@id":"https:\/\/www.kl-location.be\/de\/#website","url":"https:\/\/www.kl-location.be\/de\/","name":"KL Location","description":"Location &amp; vente - Province de Li\u00e8ge","publisher":{"@id":"https:\/\/www.kl-location.be\/de\/#organization"},"potentialAction":[{"@type":"SearchAction","target":{"@type":"EntryPoint","urlTemplate":"https:\/\/www.kl-location.be\/de\/?s={search_term_string}"},"query-input":{"@type":"PropertyValueSpecification","valueRequired":true,"valueName":"search_term_string"}}],"inLanguage":"de"},{"@type":"Organization","@id":"https:\/\/www.kl-location.be\/de\/#organization","name":"KL Location","url":"https:\/\/www.kl-location.be\/de\/","logo":{"@type":"ImageObject","inLanguage":"de","@id":"https:\/\/www.kl-location.be\/de\/#\/schema\/logo\/image\/","url":"https:\/\/www.kl-location.be\/wp-content\/uploads\/2024\/03\/kl-location-logo.svg","contentUrl":"https:\/\/www.kl-location.be\/wp-content\/uploads\/2024\/03\/kl-location-logo.svg","caption":"KL Location"},"image":{"@id":"https:\/\/www.kl-location.be\/de\/#\/schema\/logo\/image\/"},"sameAs":["https:\/\/www.facebook.com\/people\/KL-Location\/100094311420764\/"]}]}},"_links":{"self":[{"href":"https:\/\/www.kl-location.be\/de\/wp-json\/wp\/v2\/product\/8272","targetHints":{"allow":["GET"]}}],"collection":[{"href":"https:\/\/www.kl-location.be\/de\/wp-json\/wp\/v2\/product"}],"about":[{"href":"https:\/\/www.kl-location.be\/de\/wp-json\/wp\/v2\/types\/product"}],"wp:featuredmedia":[{"embeddable":true,"href":"https:\/\/www.kl-location.be\/de\/wp-json\/wp\/v2\/media\/7983"}],"wp:attachment":[{"href":"https:\/\/www.kl-location.be\/de\/wp-json\/wp\/v2\/media?parent=8272"}],"wp:term":[{"taxonomy":"product_brand","embeddable":true,"href":"https:\/\/www.kl-location.be\/de\/wp-json\/wp\/v2\/product_brand?post=8272"},{"taxonomy":"product_cat","embeddable":true,"href":"https:\/\/www.kl-location.be\/de\/wp-json\/wp\/v2\/product_cat?post=8272"},{"taxonomy":"product_tag","embeddable":true,"href":"https:\/\/www.kl-location.be\/de\/wp-json\/wp\/v2\/product_tag?post=8272"}],"curies":[{"name":"wp","href":"https:\/\/api.w.org\/{rel}","templated":true}]}}