{"id":8274,"date":"2025-01-25T10:29:48","date_gmt":"2025-01-25T09:29:48","guid":{"rendered":"https:\/\/www.kl-location.be\/produit\/unkategorisiert\/trotec-ventilator-ttv-7000\/"},"modified":"2025-01-25T10:29:48","modified_gmt":"2025-01-25T09:29:48","slug":"trotec-ventilator-ttv-7000","status":"publish","type":"product","link":"https:\/\/www.kl-location.be\/de\/produit\/gebaude\/ventilator\/trotec-ventilator-ttv-7000\/","title":{"rendered":"Trotec Ventilator TTV 7000"},"content":{"rendered":"<p>Der <strong>TTV<\/strong> 7000 ist Teil der <strong>TTV-Serie professioneller Ventilatoren<\/strong>, die f\u00fcr ihre Zuverl\u00e4ssigkeit und ihr hervorragendes Preis-Leistungs-Verh\u00e4ltnis bekannt sind. Diese Ventilatoren werden h\u00e4ufig im Baugewerbe, im Handwerk sowie bei der Rettung nach Katastrophen eingesetzt. Der <strong>TTV 7000<\/strong> eignet sich besonders f\u00fcr die Bel\u00fcftung von gro\u00dfen R\u00e4umen wie landwirtschaftlichen Geb\u00e4uden, Produktionsbereichen oder Lagerh\u00e4usern, in denen gro\u00dfe Luftmengen f\u00fcr einen effizienten Luftaustausch ben\u00f6tigt werden.<\/p>\n<p>Mit einem maximalen <strong>Luftdurchsatz<\/strong> von 8.500 m\u00b3\/h und einer Reichweite von 65 Metern in Innenr\u00e4umen bietet der TTV 7000 eine gro\u00dffl\u00e4chige Bel\u00fcftung, die auch in den gr\u00f6\u00dften R\u00e4umen einen schnellen Luftaustausch gew\u00e4hrleistet. Er verf\u00fcgt \u00fcber drei Gebl\u00e4sestufen, um sich an unterschiedliche Bed\u00fcrfnisse anzupassen. Au\u00dferdem k\u00f6nnen mithilfe von optionalen Adaptern Luftschl\u00e4uche und ein Staubbeutel angeschlossen werden, wodurch die Vielseitigkeit des Ger\u00e4ts erh\u00f6ht wird.<\/p>\n<p>Die in der Praxis getestete <strong>TTV<\/strong>-Serie wurde entwickelt, um auch unter den schwierigsten Bedingungen eine robuste und zuverl\u00e4ssige Leistung zu erbringen. Ob bei Bauarbeiten, industriellen Anwendungen oder beim Transport von Luft \u00fcber gro\u00dfe Entfernungen &#8211; der <strong>TTV 7000<\/strong> bleibt die erste Wahl, wenn es um dauerhafte und effiziente Leistung geht.<\/p>\n","protected":false},"excerpt":{"rendered":"<p>Der <strong>TTV<\/strong> 7000 ist ein robuster <strong>Axialventilator<\/strong> aus der TTV-Serie, der sich ideal f\u00fcr Anwendungen im Bauwesen, in der Landwirtschaft, in der Produktion oder in Lagerh\u00e4usern eignet. Mit einem maximalen Luftdurchsatz von 8.500 m\u00b3\/h und einer Reichweite von 65 Metern sorgt er auch in gro\u00dfen R\u00e4umen f\u00fcr einen optimalen Luftaustausch. Sie ist zuverl\u00e4ssig und leistungsstark und wurde f\u00fcr anspruchsvolle Einsatzbedingungen entwickelt.<\/p>\n","protected":false},"featured_media":7981,"template":"","meta":{"_acf_changed":false,"inline_featured_image":false},"product_brand":[],"product_cat":[164],"product_tag":[],"class_list":{"0":"post-8274","1":"product","2":"type-product","3":"status-publish","4":"has-post-thumbnail","6":"product_cat-ventilator","8":"first","9":"instock","10":"shipping-taxable","11":"purchasable","12":"product-type-simple"},"acf":[],"yoast_head":"<!-- This site is optimized with the Yoast SEO plugin v24.4 - https:\/\/yoast.com\/wordpress\/plugins\/seo\/ -->\n<title>Trotec Ventilator TTV 7000 - KL Location<\/title>\n<meta name=\"robots\" content=\"index, follow, max-snippet:-1, max-image-preview:large, max-video-preview:-1\" \/>\n<link rel=\"canonical\" href=\"https:\/\/www.kl-location.be\/de\/produit\/gebaude\/ventilator\/trotec-ventilator-ttv-7000\/\" \/>\n<meta property=\"og:locale\" content=\"de_DE\" \/>\n<meta property=\"og:type\" content=\"article\" \/>\n<meta property=\"og:title\" content=\"Trotec Ventilator TTV 7000 - KL Location\" \/>\n<meta property=\"og:description\" content=\"Der TTV 7000 ist ein robuster Axialventilator aus der TTV-Serie, der sich ideal f\u00fcr Anwendungen im Bauwesen, in der Landwirtschaft, in der Produktion oder in Lagerh\u00e4usern eignet. Mit einem maximalen Luftdurchsatz von 8.500 m\u00b3\/h und einer Reichweite von 65 Metern sorgt er auch in gro\u00dfen R\u00e4umen f\u00fcr einen optimalen Luftaustausch. Sie ist zuverl\u00e4ssig und leistungsstark und wurde f\u00fcr anspruchsvolle Einsatzbedingungen entwickelt.\" \/>\n<meta property=\"og:url\" content=\"https:\/\/www.kl-location.be\/de\/produit\/gebaude\/ventilator\/trotec-ventilator-ttv-7000\/\" \/>\n<meta property=\"og:site_name\" content=\"KL Location\" \/>\n<meta property=\"article:publisher\" content=\"https:\/\/www.facebook.com\/people\/KL-Location\/100094311420764\/\" \/>\n<meta property=\"og:image\" content=\"https:\/\/www.kl-location.be\/wp-content\/uploads\/2025\/01\/TTW7000.jpg\" \/>\n\t<meta property=\"og:image:width\" content=\"2000\" \/>\n\t<meta property=\"og:image:height\" content=\"2000\" \/>\n\t<meta property=\"og:image:type\" content=\"image\/jpeg\" \/>\n<meta name=\"twitter:card\" content=\"summary_large_image\" \/>\n<meta name=\"twitter:label1\" content=\"Gesch\u00e4tzte Lesezeit\" \/>\n\t<meta name=\"twitter:data1\" content=\"1\u00a0Minute\" \/>\n<script type=\"application\/ld+json\" class=\"yoast-schema-graph\">{\"@context\":\"https:\/\/schema.org\",\"@graph\":[{\"@type\":\"WebPage\",\"@id\":\"https:\/\/www.kl-location.be\/de\/produit\/gebaude\/ventilator\/trotec-ventilator-ttv-7000\/\",\"url\":\"https:\/\/www.kl-location.be\/de\/produit\/gebaude\/ventilator\/trotec-ventilator-ttv-7000\/\",\"name\":\"Trotec Ventilator TTV 7000 - KL Location\",\"isPartOf\":{\"@id\":\"https:\/\/www.kl-location.be\/de\/#website\"},\"primaryImageOfPage\":{\"@id\":\"https:\/\/www.kl-location.be\/de\/produit\/gebaude\/ventilator\/trotec-ventilator-ttv-7000\/#primaryimage\"},\"image\":{\"@id\":\"https:\/\/www.kl-location.be\/de\/produit\/gebaude\/ventilator\/trotec-ventilator-ttv-7000\/#primaryimage\"},\"thumbnailUrl\":\"https:\/\/www.kl-location.be\/wp-content\/uploads\/2025\/01\/TTW7000.jpg\",\"datePublished\":\"2025-01-25T09:29:48+00:00\",\"breadcrumb\":{\"@id\":\"https:\/\/www.kl-location.be\/de\/produit\/gebaude\/ventilator\/trotec-ventilator-ttv-7000\/#breadcrumb\"},\"inLanguage\":\"de\",\"potentialAction\":[{\"@type\":\"ReadAction\",\"target\":[\"https:\/\/www.kl-location.be\/de\/produit\/gebaude\/ventilator\/trotec-ventilator-ttv-7000\/\"]}]},{\"@type\":\"ImageObject\",\"inLanguage\":\"de\",\"@id\":\"https:\/\/www.kl-location.be\/de\/produit\/gebaude\/ventilator\/trotec-ventilator-ttv-7000\/#primaryimage\",\"url\":\"https:\/\/www.kl-location.be\/wp-content\/uploads\/2025\/01\/TTW7000.jpg\",\"contentUrl\":\"https:\/\/www.kl-location.be\/wp-content\/uploads\/2025\/01\/TTW7000.jpg\",\"width\":2000,\"height\":2000},{\"@type\":\"BreadcrumbList\",\"@id\":\"https:\/\/www.kl-location.be\/de\/produit\/gebaude\/ventilator\/trotec-ventilator-ttv-7000\/#breadcrumb\",\"itemListElement\":[{\"@type\":\"ListItem\",\"position\":1,\"name\":\"Accueil\",\"item\":\"https:\/\/www.kl-location.be\/de\/home\/\"},{\"@type\":\"ListItem\",\"position\":2,\"name\":\"Shop\",\"item\":\"https:\/\/www.kl-location.be\/de\/shop\/\"},{\"@type\":\"ListItem\",\"position\":3,\"name\":\"Trotec Ventilator TTV 7000\"}]},{\"@type\":\"WebSite\",\"@id\":\"https:\/\/www.kl-location.be\/de\/#website\",\"url\":\"https:\/\/www.kl-location.be\/de\/\",\"name\":\"KL Location\",\"description\":\"Location &amp; vente - Province de Li\u00e8ge\",\"publisher\":{\"@id\":\"https:\/\/www.kl-location.be\/de\/#organization\"},\"potentialAction\":[{\"@type\":\"SearchAction\",\"target\":{\"@type\":\"EntryPoint\",\"urlTemplate\":\"https:\/\/www.kl-location.be\/de\/?s={search_term_string}\"},\"query-input\":{\"@type\":\"PropertyValueSpecification\",\"valueRequired\":true,\"valueName\":\"search_term_string\"}}],\"inLanguage\":\"de\"},{\"@type\":\"Organization\",\"@id\":\"https:\/\/www.kl-location.be\/de\/#organization\",\"name\":\"KL Location\",\"url\":\"https:\/\/www.kl-location.be\/de\/\",\"logo\":{\"@type\":\"ImageObject\",\"inLanguage\":\"de\",\"@id\":\"https:\/\/www.kl-location.be\/de\/#\/schema\/logo\/image\/\",\"url\":\"https:\/\/www.kl-location.be\/wp-content\/uploads\/2024\/03\/kl-location-logo.svg\",\"contentUrl\":\"https:\/\/www.kl-location.be\/wp-content\/uploads\/2024\/03\/kl-location-logo.svg\",\"caption\":\"KL Location\"},\"image\":{\"@id\":\"https:\/\/www.kl-location.be\/de\/#\/schema\/logo\/image\/\"},\"sameAs\":[\"https:\/\/www.facebook.com\/people\/KL-Location\/100094311420764\/\"]}]}<\/script>\n<!-- \/ Yoast SEO plugin. -->","yoast_head_json":{"title":"Trotec Ventilator TTV 7000 - KL Location","robots":{"index":"index","follow":"follow","max-snippet":"max-snippet:-1","max-image-preview":"max-image-preview:large","max-video-preview":"max-video-preview:-1"},"canonical":"https:\/\/www.kl-location.be\/de\/produit\/gebaude\/ventilator\/trotec-ventilator-ttv-7000\/","og_locale":"de_DE","og_type":"article","og_title":"Trotec Ventilator TTV 7000 - KL Location","og_description":"Der TTV 7000 ist ein robuster Axialventilator aus der TTV-Serie, der sich ideal f\u00fcr Anwendungen im Bauwesen, in der Landwirtschaft, in der Produktion oder in Lagerh\u00e4usern eignet. Mit einem maximalen Luftdurchsatz von 8.500 m\u00b3\/h und einer Reichweite von 65 Metern sorgt er auch in gro\u00dfen R\u00e4umen f\u00fcr einen optimalen Luftaustausch. Sie ist zuverl\u00e4ssig und leistungsstark und wurde f\u00fcr anspruchsvolle Einsatzbedingungen entwickelt.","og_url":"https:\/\/www.kl-location.be\/de\/produit\/gebaude\/ventilator\/trotec-ventilator-ttv-7000\/","og_site_name":"KL Location","article_publisher":"https:\/\/www.facebook.com\/people\/KL-Location\/100094311420764\/","og_image":[{"width":2000,"height":2000,"url":"https:\/\/www.kl-location.be\/wp-content\/uploads\/2025\/01\/TTW7000.jpg","type":"image\/jpeg"}],"twitter_card":"summary_large_image","twitter_misc":{"Gesch\u00e4tzte Lesezeit":"1\u00a0Minute"},"schema":{"@context":"https:\/\/schema.org","@graph":[{"@type":"WebPage","@id":"https:\/\/www.kl-location.be\/de\/produit\/gebaude\/ventilator\/trotec-ventilator-ttv-7000\/","url":"https:\/\/www.kl-location.be\/de\/produit\/gebaude\/ventilator\/trotec-ventilator-ttv-7000\/","name":"Trotec Ventilator TTV 7000 - KL Location","isPartOf":{"@id":"https:\/\/www.kl-location.be\/de\/#website"},"primaryImageOfPage":{"@id":"https:\/\/www.kl-location.be\/de\/produit\/gebaude\/ventilator\/trotec-ventilator-ttv-7000\/#primaryimage"},"image":{"@id":"https:\/\/www.kl-location.be\/de\/produit\/gebaude\/ventilator\/trotec-ventilator-ttv-7000\/#primaryimage"},"thumbnailUrl":"https:\/\/www.kl-location.be\/wp-content\/uploads\/2025\/01\/TTW7000.jpg","datePublished":"2025-01-25T09:29:48+00:00","breadcrumb":{"@id":"https:\/\/www.kl-location.be\/de\/produit\/gebaude\/ventilator\/trotec-ventilator-ttv-7000\/#breadcrumb"},"inLanguage":"de","potentialAction":[{"@type":"ReadAction","target":["https:\/\/www.kl-location.be\/de\/produit\/gebaude\/ventilator\/trotec-ventilator-ttv-7000\/"]}]},{"@type":"ImageObject","inLanguage":"de","@id":"https:\/\/www.kl-location.be\/de\/produit\/gebaude\/ventilator\/trotec-ventilator-ttv-7000\/#primaryimage","url":"https:\/\/www.kl-location.be\/wp-content\/uploads\/2025\/01\/TTW7000.jpg","contentUrl":"https:\/\/www.kl-location.be\/wp-content\/uploads\/2025\/01\/TTW7000.jpg","width":2000,"height":2000},{"@type":"BreadcrumbList","@id":"https:\/\/www.kl-location.be\/de\/produit\/gebaude\/ventilator\/trotec-ventilator-ttv-7000\/#breadcrumb","itemListElement":[{"@type":"ListItem","position":1,"name":"Accueil","item":"https:\/\/www.kl-location.be\/de\/home\/"},{"@type":"ListItem","position":2,"name":"Shop","item":"https:\/\/www.kl-location.be\/de\/shop\/"},{"@type":"ListItem","position":3,"name":"Trotec Ventilator TTV 7000"}]},{"@type":"WebSite","@id":"https:\/\/www.kl-location.be\/de\/#website","url":"https:\/\/www.kl-location.be\/de\/","name":"KL Location","description":"Location &amp; vente - Province de Li\u00e8ge","publisher":{"@id":"https:\/\/www.kl-location.be\/de\/#organization"},"potentialAction":[{"@type":"SearchAction","target":{"@type":"EntryPoint","urlTemplate":"https:\/\/www.kl-location.be\/de\/?s={search_term_string}"},"query-input":{"@type":"PropertyValueSpecification","valueRequired":true,"valueName":"search_term_string"}}],"inLanguage":"de"},{"@type":"Organization","@id":"https:\/\/www.kl-location.be\/de\/#organization","name":"KL Location","url":"https:\/\/www.kl-location.be\/de\/","logo":{"@type":"ImageObject","inLanguage":"de","@id":"https:\/\/www.kl-location.be\/de\/#\/schema\/logo\/image\/","url":"https:\/\/www.kl-location.be\/wp-content\/uploads\/2024\/03\/kl-location-logo.svg","contentUrl":"https:\/\/www.kl-location.be\/wp-content\/uploads\/2024\/03\/kl-location-logo.svg","caption":"KL Location"},"image":{"@id":"https:\/\/www.kl-location.be\/de\/#\/schema\/logo\/image\/"},"sameAs":["https:\/\/www.facebook.com\/people\/KL-Location\/100094311420764\/"]}]}},"_links":{"self":[{"href":"https:\/\/www.kl-location.be\/de\/wp-json\/wp\/v2\/product\/8274","targetHints":{"allow":["GET"]}}],"collection":[{"href":"https:\/\/www.kl-location.be\/de\/wp-json\/wp\/v2\/product"}],"about":[{"href":"https:\/\/www.kl-location.be\/de\/wp-json\/wp\/v2\/types\/product"}],"wp:featuredmedia":[{"embeddable":true,"href":"https:\/\/www.kl-location.be\/de\/wp-json\/wp\/v2\/media\/7981"}],"wp:attachment":[{"href":"https:\/\/www.kl-location.be\/de\/wp-json\/wp\/v2\/media?parent=8274"}],"wp:term":[{"taxonomy":"product_brand","embeddable":true,"href":"https:\/\/www.kl-location.be\/de\/wp-json\/wp\/v2\/product_brand?post=8274"},{"taxonomy":"product_cat","embeddable":true,"href":"https:\/\/www.kl-location.be\/de\/wp-json\/wp\/v2\/product_cat?post=8274"},{"taxonomy":"product_tag","embeddable":true,"href":"https:\/\/www.kl-location.be\/de\/wp-json\/wp\/v2\/product_tag?post=8274"}],"curies":[{"name":"wp","href":"https:\/\/api.w.org\/{rel}","templated":true}]}}