{"id":8275,"date":"2025-01-25T10:27:06","date_gmt":"2025-01-25T09:27:06","guid":{"rendered":"https:\/\/www.kl-location.be\/produit\/unkategorisiert\/trotec-ttw-35000-ventilator\/"},"modified":"2025-01-25T10:27:06","modified_gmt":"2025-01-25T09:27:06","slug":"trotec-ttw-35000-ventilator","status":"publish","type":"product","link":"https:\/\/www.kl-location.be\/de\/produit\/gebaude\/ventilator\/trotec-ttw-35000-ventilator\/","title":{"rendered":"Trotec TTW 35000 Ventilator"},"content":{"rendered":"<p>Der <strong>Trotec Air Brewer TTW 35000<\/strong> ist ein <strong>L\u00fcftungsger\u00e4t<\/strong>, das f\u00fcr semiprofessionelle Anwendungen entwickelt wurde und sich ideal f\u00fcr Umgebungen eignet, in denen ein starker, einstellbarer Luftstrom ben\u00f6tigt wird. Er zeichnet sich durch einen verstellbaren Neigungswinkel aus, mit dem der Luftstrom genau dorthin gelenkt werden kann, wo er ben\u00f6tigt wird. Dank seines praktischen Designs mit einem Transportwagen l\u00e4sst er sich leicht bewegen und aufstellen und bietet Flexibilit\u00e4t, um sich an verschiedene R\u00e4ume anzupassen.<\/p>\n<p>Das Ger\u00e4t ist steckerfertig, was eine schnelle Installation und einfache Bedienung gew\u00e4hrleistet. Der <strong>TTW<\/strong> 35000 funktioniert, indem er einen starken Luftstrom ausbl\u00e4st. Er ist ideal f\u00fcr Bel\u00fcftungs-, Trocknungs- oder L\u00fcftungsanwendungen in semi-professionellen R\u00e4umen. Ob bei Bau- oder Renovierungsarbeiten oder in anderen Umgebungen, in denen eine effektive Bel\u00fcftung erforderlich ist, ist dieser Luftumw\u00e4lzer eine zuverl\u00e4ssige und praktische Wahl.<\/p>\n","protected":false},"excerpt":{"rendered":"<p>Der <strong>Trotec Air Brewer TTW 35000<\/strong> ist <strong>ideal<\/strong> f\u00fcr semiprofessionelle L\u00fcftungsanwendungen. Mit seinem einstellbaren Neigungswinkel erm\u00f6glicht er einen angepassten und gezielten Luftstrom. Sein Design mit Transportwagen bietet Flexibilit\u00e4t f\u00fcr einfache Ortswechsel. Er ist steckerfertig, einfach zu handhaben und bietet einen starken Luftausblas f\u00fcr verschiedene Anwendungen.<\/p>\n","protected":false},"featured_media":7980,"template":"","meta":{"_acf_changed":false,"inline_featured_image":false},"product_brand":[],"product_cat":[164],"product_tag":[],"class_list":{"0":"post-8275","1":"product","2":"type-product","3":"status-publish","4":"has-post-thumbnail","6":"product_cat-ventilator","8":"first","9":"instock","10":"shipping-taxable","11":"purchasable","12":"product-type-simple"},"acf":[],"yoast_head":"<!-- This site is optimized with the Yoast SEO plugin v24.4 - https:\/\/yoast.com\/wordpress\/plugins\/seo\/ -->\n<title>Trotec TTW 35000 Ventilator - KL Location<\/title>\n<meta name=\"robots\" content=\"index, follow, max-snippet:-1, max-image-preview:large, max-video-preview:-1\" \/>\n<link rel=\"canonical\" href=\"https:\/\/www.kl-location.be\/de\/produit\/gebaude\/ventilator\/trotec-ttw-35000-ventilator\/\" \/>\n<meta property=\"og:locale\" content=\"de_DE\" \/>\n<meta property=\"og:type\" content=\"article\" \/>\n<meta property=\"og:title\" content=\"Trotec TTW 35000 Ventilator - KL Location\" \/>\n<meta property=\"og:description\" content=\"Der Trotec Air Brewer TTW 35000 ist ideal f\u00fcr semiprofessionelle L\u00fcftungsanwendungen. Mit seinem einstellbaren Neigungswinkel erm\u00f6glicht er einen angepassten und gezielten Luftstrom. Sein Design mit Transportwagen bietet Flexibilit\u00e4t f\u00fcr einfache Ortswechsel. Er ist steckerfertig, einfach zu handhaben und bietet einen starken Luftausblas f\u00fcr verschiedene Anwendungen.\" \/>\n<meta property=\"og:url\" content=\"https:\/\/www.kl-location.be\/de\/produit\/gebaude\/ventilator\/trotec-ttw-35000-ventilator\/\" \/>\n<meta property=\"og:site_name\" content=\"KL Location\" \/>\n<meta property=\"article:publisher\" content=\"https:\/\/www.facebook.com\/people\/KL-Location\/100094311420764\/\" \/>\n<meta property=\"og:image\" content=\"https:\/\/www.kl-location.be\/wp-content\/uploads\/2025\/01\/TTW35.jpg\" \/>\n\t<meta property=\"og:image:width\" content=\"2000\" \/>\n\t<meta property=\"og:image:height\" content=\"2000\" \/>\n\t<meta property=\"og:image:type\" content=\"image\/jpeg\" \/>\n<meta name=\"twitter:card\" content=\"summary_large_image\" \/>\n<meta name=\"twitter:label1\" content=\"Gesch\u00e4tzte Lesezeit\" \/>\n\t<meta name=\"twitter:data1\" content=\"1\u00a0Minute\" \/>\n<script type=\"application\/ld+json\" class=\"yoast-schema-graph\">{\"@context\":\"https:\/\/schema.org\",\"@graph\":[{\"@type\":\"WebPage\",\"@id\":\"https:\/\/www.kl-location.be\/de\/produit\/gebaude\/ventilator\/trotec-ttw-35000-ventilator\/\",\"url\":\"https:\/\/www.kl-location.be\/de\/produit\/gebaude\/ventilator\/trotec-ttw-35000-ventilator\/\",\"name\":\"Trotec TTW 35000 Ventilator - KL Location\",\"isPartOf\":{\"@id\":\"https:\/\/www.kl-location.be\/de\/#website\"},\"primaryImageOfPage\":{\"@id\":\"https:\/\/www.kl-location.be\/de\/produit\/gebaude\/ventilator\/trotec-ttw-35000-ventilator\/#primaryimage\"},\"image\":{\"@id\":\"https:\/\/www.kl-location.be\/de\/produit\/gebaude\/ventilator\/trotec-ttw-35000-ventilator\/#primaryimage\"},\"thumbnailUrl\":\"https:\/\/www.kl-location.be\/wp-content\/uploads\/2025\/01\/TTW35.jpg\",\"datePublished\":\"2025-01-25T09:27:06+00:00\",\"breadcrumb\":{\"@id\":\"https:\/\/www.kl-location.be\/de\/produit\/gebaude\/ventilator\/trotec-ttw-35000-ventilator\/#breadcrumb\"},\"inLanguage\":\"de\",\"potentialAction\":[{\"@type\":\"ReadAction\",\"target\":[\"https:\/\/www.kl-location.be\/de\/produit\/gebaude\/ventilator\/trotec-ttw-35000-ventilator\/\"]}]},{\"@type\":\"ImageObject\",\"inLanguage\":\"de\",\"@id\":\"https:\/\/www.kl-location.be\/de\/produit\/gebaude\/ventilator\/trotec-ttw-35000-ventilator\/#primaryimage\",\"url\":\"https:\/\/www.kl-location.be\/wp-content\/uploads\/2025\/01\/TTW35.jpg\",\"contentUrl\":\"https:\/\/www.kl-location.be\/wp-content\/uploads\/2025\/01\/TTW35.jpg\",\"width\":2000,\"height\":2000},{\"@type\":\"BreadcrumbList\",\"@id\":\"https:\/\/www.kl-location.be\/de\/produit\/gebaude\/ventilator\/trotec-ttw-35000-ventilator\/#breadcrumb\",\"itemListElement\":[{\"@type\":\"ListItem\",\"position\":1,\"name\":\"Accueil\",\"item\":\"https:\/\/www.kl-location.be\/de\/home\/\"},{\"@type\":\"ListItem\",\"position\":2,\"name\":\"Shop\",\"item\":\"https:\/\/www.kl-location.be\/de\/shop\/\"},{\"@type\":\"ListItem\",\"position\":3,\"name\":\"Trotec TTW 35000 Ventilator\"}]},{\"@type\":\"WebSite\",\"@id\":\"https:\/\/www.kl-location.be\/de\/#website\",\"url\":\"https:\/\/www.kl-location.be\/de\/\",\"name\":\"KL Location\",\"description\":\"Location &amp; vente - Province de Li\u00e8ge\",\"publisher\":{\"@id\":\"https:\/\/www.kl-location.be\/de\/#organization\"},\"potentialAction\":[{\"@type\":\"SearchAction\",\"target\":{\"@type\":\"EntryPoint\",\"urlTemplate\":\"https:\/\/www.kl-location.be\/de\/?s={search_term_string}\"},\"query-input\":{\"@type\":\"PropertyValueSpecification\",\"valueRequired\":true,\"valueName\":\"search_term_string\"}}],\"inLanguage\":\"de\"},{\"@type\":\"Organization\",\"@id\":\"https:\/\/www.kl-location.be\/de\/#organization\",\"name\":\"KL Location\",\"url\":\"https:\/\/www.kl-location.be\/de\/\",\"logo\":{\"@type\":\"ImageObject\",\"inLanguage\":\"de\",\"@id\":\"https:\/\/www.kl-location.be\/de\/#\/schema\/logo\/image\/\",\"url\":\"https:\/\/www.kl-location.be\/wp-content\/uploads\/2024\/03\/kl-location-logo.svg\",\"contentUrl\":\"https:\/\/www.kl-location.be\/wp-content\/uploads\/2024\/03\/kl-location-logo.svg\",\"caption\":\"KL Location\"},\"image\":{\"@id\":\"https:\/\/www.kl-location.be\/de\/#\/schema\/logo\/image\/\"},\"sameAs\":[\"https:\/\/www.facebook.com\/people\/KL-Location\/100094311420764\/\"]}]}<\/script>\n<!-- \/ Yoast SEO plugin. -->","yoast_head_json":{"title":"Trotec TTW 35000 Ventilator - KL Location","robots":{"index":"index","follow":"follow","max-snippet":"max-snippet:-1","max-image-preview":"max-image-preview:large","max-video-preview":"max-video-preview:-1"},"canonical":"https:\/\/www.kl-location.be\/de\/produit\/gebaude\/ventilator\/trotec-ttw-35000-ventilator\/","og_locale":"de_DE","og_type":"article","og_title":"Trotec TTW 35000 Ventilator - KL Location","og_description":"Der Trotec Air Brewer TTW 35000 ist ideal f\u00fcr semiprofessionelle L\u00fcftungsanwendungen. Mit seinem einstellbaren Neigungswinkel erm\u00f6glicht er einen angepassten und gezielten Luftstrom. Sein Design mit Transportwagen bietet Flexibilit\u00e4t f\u00fcr einfache Ortswechsel. Er ist steckerfertig, einfach zu handhaben und bietet einen starken Luftausblas f\u00fcr verschiedene Anwendungen.","og_url":"https:\/\/www.kl-location.be\/de\/produit\/gebaude\/ventilator\/trotec-ttw-35000-ventilator\/","og_site_name":"KL Location","article_publisher":"https:\/\/www.facebook.com\/people\/KL-Location\/100094311420764\/","og_image":[{"width":2000,"height":2000,"url":"https:\/\/www.kl-location.be\/wp-content\/uploads\/2025\/01\/TTW35.jpg","type":"image\/jpeg"}],"twitter_card":"summary_large_image","twitter_misc":{"Gesch\u00e4tzte Lesezeit":"1\u00a0Minute"},"schema":{"@context":"https:\/\/schema.org","@graph":[{"@type":"WebPage","@id":"https:\/\/www.kl-location.be\/de\/produit\/gebaude\/ventilator\/trotec-ttw-35000-ventilator\/","url":"https:\/\/www.kl-location.be\/de\/produit\/gebaude\/ventilator\/trotec-ttw-35000-ventilator\/","name":"Trotec TTW 35000 Ventilator - KL Location","isPartOf":{"@id":"https:\/\/www.kl-location.be\/de\/#website"},"primaryImageOfPage":{"@id":"https:\/\/www.kl-location.be\/de\/produit\/gebaude\/ventilator\/trotec-ttw-35000-ventilator\/#primaryimage"},"image":{"@id":"https:\/\/www.kl-location.be\/de\/produit\/gebaude\/ventilator\/trotec-ttw-35000-ventilator\/#primaryimage"},"thumbnailUrl":"https:\/\/www.kl-location.be\/wp-content\/uploads\/2025\/01\/TTW35.jpg","datePublished":"2025-01-25T09:27:06+00:00","breadcrumb":{"@id":"https:\/\/www.kl-location.be\/de\/produit\/gebaude\/ventilator\/trotec-ttw-35000-ventilator\/#breadcrumb"},"inLanguage":"de","potentialAction":[{"@type":"ReadAction","target":["https:\/\/www.kl-location.be\/de\/produit\/gebaude\/ventilator\/trotec-ttw-35000-ventilator\/"]}]},{"@type":"ImageObject","inLanguage":"de","@id":"https:\/\/www.kl-location.be\/de\/produit\/gebaude\/ventilator\/trotec-ttw-35000-ventilator\/#primaryimage","url":"https:\/\/www.kl-location.be\/wp-content\/uploads\/2025\/01\/TTW35.jpg","contentUrl":"https:\/\/www.kl-location.be\/wp-content\/uploads\/2025\/01\/TTW35.jpg","width":2000,"height":2000},{"@type":"BreadcrumbList","@id":"https:\/\/www.kl-location.be\/de\/produit\/gebaude\/ventilator\/trotec-ttw-35000-ventilator\/#breadcrumb","itemListElement":[{"@type":"ListItem","position":1,"name":"Accueil","item":"https:\/\/www.kl-location.be\/de\/home\/"},{"@type":"ListItem","position":2,"name":"Shop","item":"https:\/\/www.kl-location.be\/de\/shop\/"},{"@type":"ListItem","position":3,"name":"Trotec TTW 35000 Ventilator"}]},{"@type":"WebSite","@id":"https:\/\/www.kl-location.be\/de\/#website","url":"https:\/\/www.kl-location.be\/de\/","name":"KL Location","description":"Location &amp; vente - Province de Li\u00e8ge","publisher":{"@id":"https:\/\/www.kl-location.be\/de\/#organization"},"potentialAction":[{"@type":"SearchAction","target":{"@type":"EntryPoint","urlTemplate":"https:\/\/www.kl-location.be\/de\/?s={search_term_string}"},"query-input":{"@type":"PropertyValueSpecification","valueRequired":true,"valueName":"search_term_string"}}],"inLanguage":"de"},{"@type":"Organization","@id":"https:\/\/www.kl-location.be\/de\/#organization","name":"KL Location","url":"https:\/\/www.kl-location.be\/de\/","logo":{"@type":"ImageObject","inLanguage":"de","@id":"https:\/\/www.kl-location.be\/de\/#\/schema\/logo\/image\/","url":"https:\/\/www.kl-location.be\/wp-content\/uploads\/2024\/03\/kl-location-logo.svg","contentUrl":"https:\/\/www.kl-location.be\/wp-content\/uploads\/2024\/03\/kl-location-logo.svg","caption":"KL Location"},"image":{"@id":"https:\/\/www.kl-location.be\/de\/#\/schema\/logo\/image\/"},"sameAs":["https:\/\/www.facebook.com\/people\/KL-Location\/100094311420764\/"]}]}},"_links":{"self":[{"href":"https:\/\/www.kl-location.be\/de\/wp-json\/wp\/v2\/product\/8275","targetHints":{"allow":["GET"]}}],"collection":[{"href":"https:\/\/www.kl-location.be\/de\/wp-json\/wp\/v2\/product"}],"about":[{"href":"https:\/\/www.kl-location.be\/de\/wp-json\/wp\/v2\/types\/product"}],"wp:featuredmedia":[{"embeddable":true,"href":"https:\/\/www.kl-location.be\/de\/wp-json\/wp\/v2\/media\/7980"}],"wp:attachment":[{"href":"https:\/\/www.kl-location.be\/de\/wp-json\/wp\/v2\/media?parent=8275"}],"wp:term":[{"taxonomy":"product_brand","embeddable":true,"href":"https:\/\/www.kl-location.be\/de\/wp-json\/wp\/v2\/product_brand?post=8275"},{"taxonomy":"product_cat","embeddable":true,"href":"https:\/\/www.kl-location.be\/de\/wp-json\/wp\/v2\/product_cat?post=8275"},{"taxonomy":"product_tag","embeddable":true,"href":"https:\/\/www.kl-location.be\/de\/wp-json\/wp\/v2\/product_tag?post=8275"}],"curies":[{"name":"wp","href":"https:\/\/api.w.org\/{rel}","templated":true}]}}