{"id":8276,"date":"2025-01-25T10:24:32","date_gmt":"2025-01-25T09:24:32","guid":{"rendered":"https:\/\/www.kl-location.be\/produit\/unkategorisiert\/luftentfeuchter-dryfast-df400\/"},"modified":"2025-01-25T10:24:32","modified_gmt":"2025-01-25T09:24:32","slug":"luftentfeuchter-dryfast-df400","status":"publish","type":"product","link":"https:\/\/www.kl-location.be\/de\/produit\/gebaude\/luftentfeuchter\/luftentfeuchter-dryfast-df400\/","title":{"rendered":"Luftentfeuchter Dryfast DF400"},"content":{"rendered":"<p>Der <strong>DF400F<\/strong> ist ein vielseitiger <strong>Dryfast<\/strong>-Luftentfeuchter, der f\u00fcr R\u00e4ume bis ca. 400 m\u00b3 ausgelegt ist. Es wird h\u00e4ufig in der Bau- und Vermietungsbranche sowie zur Trocknung nach Wassersch\u00e4den (insbesondere in Wohnungen) eingesetzt und bietet selbst bei niedrigeren Temperaturen eine hohe Entfeuchtungsleistung. Dieses Modell ist mit einem hocheffizienten Rotationskompressor ausgestattet, der eine schnelle und zuverl\u00e4ssige Entfeuchtung gew\u00e4hrleistet.<\/p>\n<p>Der <strong>DF400F<\/strong> ist leicht zu transportieren, kann in jede Position gebracht und direkt in der Vertikalen eingeschaltet werden und eignet sich daher besonders f\u00fcr Eins\u00e4tze in engen oder schwer zug\u00e4nglichen R\u00e4umen. Kombiniert mit <a href=\"https:\/\/www.kl-location.be\/produit\/batiment\/deshumidificateur\/deshumidificateur-dryfast-df800\/\"><strong>DF800F KOMBINIERT.<\/strong><\/a>erg\u00e4nzt er die <strong>Dryfast-Reihe<\/strong> und bietet eine ideale L\u00f6sung f\u00fcr mittlere Trocknungsanforderungen. Mit seiner herausragenden Entfeuchtungsleistung bleibt der <strong>DF400F<\/strong> die erste Wahl f\u00fcr viele professionelle Anwendungen und f\u00fcr Verleihfirmen in ganz Europa.<\/p>\n","protected":false},"excerpt":{"rendered":"<p>Der <strong>DF400F<\/strong> ist ein mittelgro\u00dfer <strong>Dryfast<\/strong>-Luftentfeuchter, der f\u00fcr R\u00e4ume bis 400 m\u00b3 geeignet ist. Er ist ideal f\u00fcr die Bereiche Bauwesen und Wassersch\u00e4den und bietet selbst bei niedrigen Temperaturen eine au\u00dfergew\u00f6hnliche Entfeuchtungsleistung. Sein effizienter Rotationskompressor erm\u00f6glicht einen vielseitigen Einsatz, und er kann leicht transportiert und in Betrieb genommen werden.<\/p>\n","protected":false},"featured_media":7979,"template":"","meta":{"_acf_changed":false,"inline_featured_image":false},"product_brand":[],"product_cat":[167],"product_tag":[],"class_list":{"0":"post-8276","1":"product","2":"type-product","3":"status-publish","4":"has-post-thumbnail","6":"product_cat-luftentfeuchter","8":"first","9":"instock","10":"shipping-taxable","11":"purchasable","12":"product-type-simple"},"acf":[],"yoast_head":"<!-- This site is optimized with the Yoast SEO plugin v24.4 - https:\/\/yoast.com\/wordpress\/plugins\/seo\/ -->\n<title>Luftentfeuchter Dryfast DF400 - KL Location<\/title>\n<meta name=\"robots\" content=\"index, follow, max-snippet:-1, max-image-preview:large, max-video-preview:-1\" \/>\n<link rel=\"canonical\" href=\"https:\/\/www.kl-location.be\/de\/produit\/gebaude\/luftentfeuchter\/luftentfeuchter-dryfast-df400\/\" \/>\n<meta property=\"og:locale\" content=\"de_DE\" \/>\n<meta property=\"og:type\" content=\"article\" \/>\n<meta property=\"og:title\" content=\"Luftentfeuchter Dryfast DF400 - KL Location\" \/>\n<meta property=\"og:description\" content=\"Der DF400F ist ein mittelgro\u00dfer Dryfast-Luftentfeuchter, der f\u00fcr R\u00e4ume bis 400 m\u00b3 geeignet ist. Er ist ideal f\u00fcr die Bereiche Bauwesen und Wassersch\u00e4den und bietet selbst bei niedrigen Temperaturen eine au\u00dfergew\u00f6hnliche Entfeuchtungsleistung. Sein effizienter Rotationskompressor erm\u00f6glicht einen vielseitigen Einsatz, und er kann leicht transportiert und in Betrieb genommen werden.\" \/>\n<meta property=\"og:url\" content=\"https:\/\/www.kl-location.be\/de\/produit\/gebaude\/luftentfeuchter\/luftentfeuchter-dryfast-df400\/\" \/>\n<meta property=\"og:site_name\" content=\"KL Location\" \/>\n<meta property=\"article:publisher\" content=\"https:\/\/www.facebook.com\/people\/KL-Location\/100094311420764\/\" \/>\n<meta property=\"og:image\" content=\"https:\/\/www.kl-location.be\/wp-content\/uploads\/2025\/01\/dryfast-df400.jpg\" \/>\n\t<meta property=\"og:image:width\" content=\"2000\" \/>\n\t<meta property=\"og:image:height\" content=\"2000\" \/>\n\t<meta property=\"og:image:type\" content=\"image\/jpeg\" \/>\n<meta name=\"twitter:card\" content=\"summary_large_image\" \/>\n<meta name=\"twitter:label1\" content=\"Gesch\u00e4tzte Lesezeit\" \/>\n\t<meta name=\"twitter:data1\" content=\"1\u00a0Minute\" \/>\n<script type=\"application\/ld+json\" class=\"yoast-schema-graph\">{\"@context\":\"https:\/\/schema.org\",\"@graph\":[{\"@type\":\"WebPage\",\"@id\":\"https:\/\/www.kl-location.be\/de\/produit\/gebaude\/luftentfeuchter\/luftentfeuchter-dryfast-df400\/\",\"url\":\"https:\/\/www.kl-location.be\/de\/produit\/gebaude\/luftentfeuchter\/luftentfeuchter-dryfast-df400\/\",\"name\":\"Luftentfeuchter Dryfast DF400 - KL Location\",\"isPartOf\":{\"@id\":\"https:\/\/www.kl-location.be\/de\/#website\"},\"primaryImageOfPage\":{\"@id\":\"https:\/\/www.kl-location.be\/de\/produit\/gebaude\/luftentfeuchter\/luftentfeuchter-dryfast-df400\/#primaryimage\"},\"image\":{\"@id\":\"https:\/\/www.kl-location.be\/de\/produit\/gebaude\/luftentfeuchter\/luftentfeuchter-dryfast-df400\/#primaryimage\"},\"thumbnailUrl\":\"https:\/\/www.kl-location.be\/wp-content\/uploads\/2025\/01\/dryfast-df400.jpg\",\"datePublished\":\"2025-01-25T09:24:32+00:00\",\"breadcrumb\":{\"@id\":\"https:\/\/www.kl-location.be\/de\/produit\/gebaude\/luftentfeuchter\/luftentfeuchter-dryfast-df400\/#breadcrumb\"},\"inLanguage\":\"de\",\"potentialAction\":[{\"@type\":\"ReadAction\",\"target\":[\"https:\/\/www.kl-location.be\/de\/produit\/gebaude\/luftentfeuchter\/luftentfeuchter-dryfast-df400\/\"]}]},{\"@type\":\"ImageObject\",\"inLanguage\":\"de\",\"@id\":\"https:\/\/www.kl-location.be\/de\/produit\/gebaude\/luftentfeuchter\/luftentfeuchter-dryfast-df400\/#primaryimage\",\"url\":\"https:\/\/www.kl-location.be\/wp-content\/uploads\/2025\/01\/dryfast-df400.jpg\",\"contentUrl\":\"https:\/\/www.kl-location.be\/wp-content\/uploads\/2025\/01\/dryfast-df400.jpg\",\"width\":2000,\"height\":2000},{\"@type\":\"BreadcrumbList\",\"@id\":\"https:\/\/www.kl-location.be\/de\/produit\/gebaude\/luftentfeuchter\/luftentfeuchter-dryfast-df400\/#breadcrumb\",\"itemListElement\":[{\"@type\":\"ListItem\",\"position\":1,\"name\":\"Accueil\",\"item\":\"https:\/\/www.kl-location.be\/de\/home\/\"},{\"@type\":\"ListItem\",\"position\":2,\"name\":\"Shop\",\"item\":\"https:\/\/www.kl-location.be\/de\/shop\/\"},{\"@type\":\"ListItem\",\"position\":3,\"name\":\"Luftentfeuchter Dryfast DF400\"}]},{\"@type\":\"WebSite\",\"@id\":\"https:\/\/www.kl-location.be\/de\/#website\",\"url\":\"https:\/\/www.kl-location.be\/de\/\",\"name\":\"KL Location\",\"description\":\"Location &amp; vente - Province de Li\u00e8ge\",\"publisher\":{\"@id\":\"https:\/\/www.kl-location.be\/de\/#organization\"},\"potentialAction\":[{\"@type\":\"SearchAction\",\"target\":{\"@type\":\"EntryPoint\",\"urlTemplate\":\"https:\/\/www.kl-location.be\/de\/?s={search_term_string}\"},\"query-input\":{\"@type\":\"PropertyValueSpecification\",\"valueRequired\":true,\"valueName\":\"search_term_string\"}}],\"inLanguage\":\"de\"},{\"@type\":\"Organization\",\"@id\":\"https:\/\/www.kl-location.be\/de\/#organization\",\"name\":\"KL Location\",\"url\":\"https:\/\/www.kl-location.be\/de\/\",\"logo\":{\"@type\":\"ImageObject\",\"inLanguage\":\"de\",\"@id\":\"https:\/\/www.kl-location.be\/de\/#\/schema\/logo\/image\/\",\"url\":\"https:\/\/www.kl-location.be\/wp-content\/uploads\/2024\/03\/kl-location-logo.svg\",\"contentUrl\":\"https:\/\/www.kl-location.be\/wp-content\/uploads\/2024\/03\/kl-location-logo.svg\",\"caption\":\"KL Location\"},\"image\":{\"@id\":\"https:\/\/www.kl-location.be\/de\/#\/schema\/logo\/image\/\"},\"sameAs\":[\"https:\/\/www.facebook.com\/people\/KL-Location\/100094311420764\/\"]}]}<\/script>\n<!-- \/ Yoast SEO plugin. -->","yoast_head_json":{"title":"Luftentfeuchter Dryfast DF400 - KL Location","robots":{"index":"index","follow":"follow","max-snippet":"max-snippet:-1","max-image-preview":"max-image-preview:large","max-video-preview":"max-video-preview:-1"},"canonical":"https:\/\/www.kl-location.be\/de\/produit\/gebaude\/luftentfeuchter\/luftentfeuchter-dryfast-df400\/","og_locale":"de_DE","og_type":"article","og_title":"Luftentfeuchter Dryfast DF400 - KL Location","og_description":"Der DF400F ist ein mittelgro\u00dfer Dryfast-Luftentfeuchter, der f\u00fcr R\u00e4ume bis 400 m\u00b3 geeignet ist. Er ist ideal f\u00fcr die Bereiche Bauwesen und Wassersch\u00e4den und bietet selbst bei niedrigen Temperaturen eine au\u00dfergew\u00f6hnliche Entfeuchtungsleistung. Sein effizienter Rotationskompressor erm\u00f6glicht einen vielseitigen Einsatz, und er kann leicht transportiert und in Betrieb genommen werden.","og_url":"https:\/\/www.kl-location.be\/de\/produit\/gebaude\/luftentfeuchter\/luftentfeuchter-dryfast-df400\/","og_site_name":"KL Location","article_publisher":"https:\/\/www.facebook.com\/people\/KL-Location\/100094311420764\/","og_image":[{"width":2000,"height":2000,"url":"https:\/\/www.kl-location.be\/wp-content\/uploads\/2025\/01\/dryfast-df400.jpg","type":"image\/jpeg"}],"twitter_card":"summary_large_image","twitter_misc":{"Gesch\u00e4tzte Lesezeit":"1\u00a0Minute"},"schema":{"@context":"https:\/\/schema.org","@graph":[{"@type":"WebPage","@id":"https:\/\/www.kl-location.be\/de\/produit\/gebaude\/luftentfeuchter\/luftentfeuchter-dryfast-df400\/","url":"https:\/\/www.kl-location.be\/de\/produit\/gebaude\/luftentfeuchter\/luftentfeuchter-dryfast-df400\/","name":"Luftentfeuchter Dryfast DF400 - KL Location","isPartOf":{"@id":"https:\/\/www.kl-location.be\/de\/#website"},"primaryImageOfPage":{"@id":"https:\/\/www.kl-location.be\/de\/produit\/gebaude\/luftentfeuchter\/luftentfeuchter-dryfast-df400\/#primaryimage"},"image":{"@id":"https:\/\/www.kl-location.be\/de\/produit\/gebaude\/luftentfeuchter\/luftentfeuchter-dryfast-df400\/#primaryimage"},"thumbnailUrl":"https:\/\/www.kl-location.be\/wp-content\/uploads\/2025\/01\/dryfast-df400.jpg","datePublished":"2025-01-25T09:24:32+00:00","breadcrumb":{"@id":"https:\/\/www.kl-location.be\/de\/produit\/gebaude\/luftentfeuchter\/luftentfeuchter-dryfast-df400\/#breadcrumb"},"inLanguage":"de","potentialAction":[{"@type":"ReadAction","target":["https:\/\/www.kl-location.be\/de\/produit\/gebaude\/luftentfeuchter\/luftentfeuchter-dryfast-df400\/"]}]},{"@type":"ImageObject","inLanguage":"de","@id":"https:\/\/www.kl-location.be\/de\/produit\/gebaude\/luftentfeuchter\/luftentfeuchter-dryfast-df400\/#primaryimage","url":"https:\/\/www.kl-location.be\/wp-content\/uploads\/2025\/01\/dryfast-df400.jpg","contentUrl":"https:\/\/www.kl-location.be\/wp-content\/uploads\/2025\/01\/dryfast-df400.jpg","width":2000,"height":2000},{"@type":"BreadcrumbList","@id":"https:\/\/www.kl-location.be\/de\/produit\/gebaude\/luftentfeuchter\/luftentfeuchter-dryfast-df400\/#breadcrumb","itemListElement":[{"@type":"ListItem","position":1,"name":"Accueil","item":"https:\/\/www.kl-location.be\/de\/home\/"},{"@type":"ListItem","position":2,"name":"Shop","item":"https:\/\/www.kl-location.be\/de\/shop\/"},{"@type":"ListItem","position":3,"name":"Luftentfeuchter Dryfast DF400"}]},{"@type":"WebSite","@id":"https:\/\/www.kl-location.be\/de\/#website","url":"https:\/\/www.kl-location.be\/de\/","name":"KL Location","description":"Location &amp; vente - Province de Li\u00e8ge","publisher":{"@id":"https:\/\/www.kl-location.be\/de\/#organization"},"potentialAction":[{"@type":"SearchAction","target":{"@type":"EntryPoint","urlTemplate":"https:\/\/www.kl-location.be\/de\/?s={search_term_string}"},"query-input":{"@type":"PropertyValueSpecification","valueRequired":true,"valueName":"search_term_string"}}],"inLanguage":"de"},{"@type":"Organization","@id":"https:\/\/www.kl-location.be\/de\/#organization","name":"KL Location","url":"https:\/\/www.kl-location.be\/de\/","logo":{"@type":"ImageObject","inLanguage":"de","@id":"https:\/\/www.kl-location.be\/de\/#\/schema\/logo\/image\/","url":"https:\/\/www.kl-location.be\/wp-content\/uploads\/2024\/03\/kl-location-logo.svg","contentUrl":"https:\/\/www.kl-location.be\/wp-content\/uploads\/2024\/03\/kl-location-logo.svg","caption":"KL Location"},"image":{"@id":"https:\/\/www.kl-location.be\/de\/#\/schema\/logo\/image\/"},"sameAs":["https:\/\/www.facebook.com\/people\/KL-Location\/100094311420764\/"]}]}},"_links":{"self":[{"href":"https:\/\/www.kl-location.be\/de\/wp-json\/wp\/v2\/product\/8276","targetHints":{"allow":["GET"]}}],"collection":[{"href":"https:\/\/www.kl-location.be\/de\/wp-json\/wp\/v2\/product"}],"about":[{"href":"https:\/\/www.kl-location.be\/de\/wp-json\/wp\/v2\/types\/product"}],"wp:featuredmedia":[{"embeddable":true,"href":"https:\/\/www.kl-location.be\/de\/wp-json\/wp\/v2\/media\/7979"}],"wp:attachment":[{"href":"https:\/\/www.kl-location.be\/de\/wp-json\/wp\/v2\/media?parent=8276"}],"wp:term":[{"taxonomy":"product_brand","embeddable":true,"href":"https:\/\/www.kl-location.be\/de\/wp-json\/wp\/v2\/product_brand?post=8276"},{"taxonomy":"product_cat","embeddable":true,"href":"https:\/\/www.kl-location.be\/de\/wp-json\/wp\/v2\/product_cat?post=8276"},{"taxonomy":"product_tag","embeddable":true,"href":"https:\/\/www.kl-location.be\/de\/wp-json\/wp\/v2\/product_tag?post=8276"}],"curies":[{"name":"wp","href":"https:\/\/api.w.org\/{rel}","templated":true}]}}