{"id":8280,"date":"2025-01-25T10:12:09","date_gmt":"2025-01-25T09:12:09","guid":{"rendered":"https:\/\/www.kl-location.be\/produit\/unkategorisiert\/delfin-rutsche\/"},"modified":"2025-01-25T10:12:09","modified_gmt":"2025-01-25T09:12:09","slug":"delfin-rutsche","status":"publish","type":"product","link":"https:\/\/www.kl-location.be\/de\/produit\/party-fancy-fair\/aufblasbare-burg\/delfin-rutsche\/","title":{"rendered":"Delfin-Rutsche"},"content":{"rendered":"<p>Bringen Sie mit unseren H\u00fcpfburgen einen Hauch von Spa\u00df und Magie auf Ihre Veranstaltungen. Sie sind ideal f\u00fcr Geburtstage, Familienfeiern und alle festlichen Zusammenk\u00fcnfte. Wir bieten eine gro\u00dfe Auswahl an Modellen, die f\u00fcr jedes Alter und jedes Thema geeignet sind.<\/p>\n<p>Unsere Mietpreise passen sich Ihren Bed\u00fcrfnissen an und liegen zwischen <strong>145 \u20ac und 350 \u20ac<\/strong>, je nachdem, welches Modell und welche Gr\u00f6\u00dfe der H\u00fcpfburg Sie w\u00e4hlen. Unser Ziel ist es, Ihnen ein unvergessliches Erlebnis zu bieten und dabei Ihr Budget zu respektieren.<\/p>\n<p>Um mehr \u00fcber unsere H\u00fcpfburgen zu erfahren und ein individuelles Angebot zu erhalten, kontaktieren Sie uns :<\/p>\n<ul>\n<li><strong>Per Mail<\/strong> : <a href=\"mailto:info@kl-location.be\">info@kl-location.be<\/a><\/li>\n<li>Per <strong>Telefon<\/strong>, <strong>7 Tage die Woche<\/strong> : +32 (0) 475 \/ 47 33 30<\/li>\n<\/ul>\n<p>Machen Sie Ihre Veranstaltung mit KL Location zu einem unvergesslichen Erlebnis!<\/p>\n","protected":false},"excerpt":{"rendered":"<p>Bringen Sie mit dieser <strong>Rutsche<\/strong> im <strong>Delfin<\/strong>-Design einen Hauch von Ozean in Ihre Veranstaltungen! Perfekt f\u00fcr Geburtstage, Partys oder Freizeitaktivit\u00e4ten, verspricht sie Rutschenspa\u00df in einem maritimen Dekor.<em> (Bild nicht vertraglich bindend)<\/em><\/p>\n","protected":false},"featured_media":7976,"template":"","meta":{"_acf_changed":false,"inline_featured_image":false},"product_brand":[],"product_cat":[177],"product_tag":[],"class_list":{"0":"post-8280","1":"product","2":"type-product","3":"status-publish","4":"has-post-thumbnail","6":"product_cat-aufblasbare-burg","8":"first","9":"instock","10":"shipping-taxable","11":"purchasable","12":"product-type-simple"},"acf":[],"yoast_head":"<!-- This site is optimized with the Yoast SEO plugin v24.4 - https:\/\/yoast.com\/wordpress\/plugins\/seo\/ -->\n<title>Delfin-Rutsche - KL Location<\/title>\n<meta name=\"robots\" content=\"index, follow, max-snippet:-1, max-image-preview:large, max-video-preview:-1\" \/>\n<link rel=\"canonical\" href=\"https:\/\/www.kl-location.be\/de\/produit\/party-fancy-fair\/aufblasbare-burg\/delfin-rutsche\/\" \/>\n<meta property=\"og:locale\" content=\"de_DE\" \/>\n<meta property=\"og:type\" content=\"article\" \/>\n<meta property=\"og:title\" content=\"Delfin-Rutsche - KL Location\" \/>\n<meta property=\"og:description\" content=\"Bringen Sie mit dieser Rutsche im Delfin-Design einen Hauch von Ozean in Ihre Veranstaltungen! Perfekt f\u00fcr Geburtstage, Partys oder Freizeitaktivit\u00e4ten, verspricht sie Rutschenspa\u00df in einem maritimen Dekor. (Bild nicht vertraglich bindend)\" \/>\n<meta property=\"og:url\" content=\"https:\/\/www.kl-location.be\/de\/produit\/party-fancy-fair\/aufblasbare-burg\/delfin-rutsche\/\" \/>\n<meta property=\"og:site_name\" content=\"KL Location\" \/>\n<meta property=\"article:publisher\" content=\"https:\/\/www.facebook.com\/people\/KL-Location\/100094311420764\/\" \/>\n<meta property=\"og:image\" content=\"https:\/\/www.kl-location.be\/wp-content\/uploads\/2025\/01\/toboggan-dauphin.jpg\" \/>\n\t<meta property=\"og:image:width\" content=\"2000\" \/>\n\t<meta property=\"og:image:height\" content=\"2000\" \/>\n\t<meta property=\"og:image:type\" content=\"image\/jpeg\" \/>\n<meta name=\"twitter:card\" content=\"summary_large_image\" \/>\n<meta name=\"twitter:label1\" content=\"Gesch\u00e4tzte Lesezeit\" \/>\n\t<meta name=\"twitter:data1\" content=\"1\u00a0Minute\" \/>\n<script type=\"application\/ld+json\" class=\"yoast-schema-graph\">{\"@context\":\"https:\/\/schema.org\",\"@graph\":[{\"@type\":\"WebPage\",\"@id\":\"https:\/\/www.kl-location.be\/de\/produit\/party-fancy-fair\/aufblasbare-burg\/delfin-rutsche\/\",\"url\":\"https:\/\/www.kl-location.be\/de\/produit\/party-fancy-fair\/aufblasbare-burg\/delfin-rutsche\/\",\"name\":\"Delfin-Rutsche - KL Location\",\"isPartOf\":{\"@id\":\"https:\/\/www.kl-location.be\/de\/#website\"},\"primaryImageOfPage\":{\"@id\":\"https:\/\/www.kl-location.be\/de\/produit\/party-fancy-fair\/aufblasbare-burg\/delfin-rutsche\/#primaryimage\"},\"image\":{\"@id\":\"https:\/\/www.kl-location.be\/de\/produit\/party-fancy-fair\/aufblasbare-burg\/delfin-rutsche\/#primaryimage\"},\"thumbnailUrl\":\"https:\/\/www.kl-location.be\/wp-content\/uploads\/2025\/01\/toboggan-dauphin.jpg\",\"datePublished\":\"2025-01-25T09:12:09+00:00\",\"breadcrumb\":{\"@id\":\"https:\/\/www.kl-location.be\/de\/produit\/party-fancy-fair\/aufblasbare-burg\/delfin-rutsche\/#breadcrumb\"},\"inLanguage\":\"de\",\"potentialAction\":[{\"@type\":\"ReadAction\",\"target\":[\"https:\/\/www.kl-location.be\/de\/produit\/party-fancy-fair\/aufblasbare-burg\/delfin-rutsche\/\"]}]},{\"@type\":\"ImageObject\",\"inLanguage\":\"de\",\"@id\":\"https:\/\/www.kl-location.be\/de\/produit\/party-fancy-fair\/aufblasbare-burg\/delfin-rutsche\/#primaryimage\",\"url\":\"https:\/\/www.kl-location.be\/wp-content\/uploads\/2025\/01\/toboggan-dauphin.jpg\",\"contentUrl\":\"https:\/\/www.kl-location.be\/wp-content\/uploads\/2025\/01\/toboggan-dauphin.jpg\",\"width\":2000,\"height\":2000},{\"@type\":\"BreadcrumbList\",\"@id\":\"https:\/\/www.kl-location.be\/de\/produit\/party-fancy-fair\/aufblasbare-burg\/delfin-rutsche\/#breadcrumb\",\"itemListElement\":[{\"@type\":\"ListItem\",\"position\":1,\"name\":\"Accueil\",\"item\":\"https:\/\/www.kl-location.be\/de\/home\/\"},{\"@type\":\"ListItem\",\"position\":2,\"name\":\"Shop\",\"item\":\"https:\/\/www.kl-location.be\/de\/shop\/\"},{\"@type\":\"ListItem\",\"position\":3,\"name\":\"Delfin-Rutsche\"}]},{\"@type\":\"WebSite\",\"@id\":\"https:\/\/www.kl-location.be\/de\/#website\",\"url\":\"https:\/\/www.kl-location.be\/de\/\",\"name\":\"KL Location\",\"description\":\"Location &amp; vente - Province de Li\u00e8ge\",\"publisher\":{\"@id\":\"https:\/\/www.kl-location.be\/de\/#organization\"},\"potentialAction\":[{\"@type\":\"SearchAction\",\"target\":{\"@type\":\"EntryPoint\",\"urlTemplate\":\"https:\/\/www.kl-location.be\/de\/?s={search_term_string}\"},\"query-input\":{\"@type\":\"PropertyValueSpecification\",\"valueRequired\":true,\"valueName\":\"search_term_string\"}}],\"inLanguage\":\"de\"},{\"@type\":\"Organization\",\"@id\":\"https:\/\/www.kl-location.be\/de\/#organization\",\"name\":\"KL Location\",\"url\":\"https:\/\/www.kl-location.be\/de\/\",\"logo\":{\"@type\":\"ImageObject\",\"inLanguage\":\"de\",\"@id\":\"https:\/\/www.kl-location.be\/de\/#\/schema\/logo\/image\/\",\"url\":\"https:\/\/www.kl-location.be\/wp-content\/uploads\/2024\/03\/kl-location-logo.svg\",\"contentUrl\":\"https:\/\/www.kl-location.be\/wp-content\/uploads\/2024\/03\/kl-location-logo.svg\",\"caption\":\"KL Location\"},\"image\":{\"@id\":\"https:\/\/www.kl-location.be\/de\/#\/schema\/logo\/image\/\"},\"sameAs\":[\"https:\/\/www.facebook.com\/people\/KL-Location\/100094311420764\/\"]}]}<\/script>\n<!-- \/ Yoast SEO plugin. -->","yoast_head_json":{"title":"Delfin-Rutsche - KL Location","robots":{"index":"index","follow":"follow","max-snippet":"max-snippet:-1","max-image-preview":"max-image-preview:large","max-video-preview":"max-video-preview:-1"},"canonical":"https:\/\/www.kl-location.be\/de\/produit\/party-fancy-fair\/aufblasbare-burg\/delfin-rutsche\/","og_locale":"de_DE","og_type":"article","og_title":"Delfin-Rutsche - KL Location","og_description":"Bringen Sie mit dieser Rutsche im Delfin-Design einen Hauch von Ozean in Ihre Veranstaltungen! Perfekt f\u00fcr Geburtstage, Partys oder Freizeitaktivit\u00e4ten, verspricht sie Rutschenspa\u00df in einem maritimen Dekor. (Bild nicht vertraglich bindend)","og_url":"https:\/\/www.kl-location.be\/de\/produit\/party-fancy-fair\/aufblasbare-burg\/delfin-rutsche\/","og_site_name":"KL Location","article_publisher":"https:\/\/www.facebook.com\/people\/KL-Location\/100094311420764\/","og_image":[{"width":2000,"height":2000,"url":"https:\/\/www.kl-location.be\/wp-content\/uploads\/2025\/01\/toboggan-dauphin.jpg","type":"image\/jpeg"}],"twitter_card":"summary_large_image","twitter_misc":{"Gesch\u00e4tzte Lesezeit":"1\u00a0Minute"},"schema":{"@context":"https:\/\/schema.org","@graph":[{"@type":"WebPage","@id":"https:\/\/www.kl-location.be\/de\/produit\/party-fancy-fair\/aufblasbare-burg\/delfin-rutsche\/","url":"https:\/\/www.kl-location.be\/de\/produit\/party-fancy-fair\/aufblasbare-burg\/delfin-rutsche\/","name":"Delfin-Rutsche - KL Location","isPartOf":{"@id":"https:\/\/www.kl-location.be\/de\/#website"},"primaryImageOfPage":{"@id":"https:\/\/www.kl-location.be\/de\/produit\/party-fancy-fair\/aufblasbare-burg\/delfin-rutsche\/#primaryimage"},"image":{"@id":"https:\/\/www.kl-location.be\/de\/produit\/party-fancy-fair\/aufblasbare-burg\/delfin-rutsche\/#primaryimage"},"thumbnailUrl":"https:\/\/www.kl-location.be\/wp-content\/uploads\/2025\/01\/toboggan-dauphin.jpg","datePublished":"2025-01-25T09:12:09+00:00","breadcrumb":{"@id":"https:\/\/www.kl-location.be\/de\/produit\/party-fancy-fair\/aufblasbare-burg\/delfin-rutsche\/#breadcrumb"},"inLanguage":"de","potentialAction":[{"@type":"ReadAction","target":["https:\/\/www.kl-location.be\/de\/produit\/party-fancy-fair\/aufblasbare-burg\/delfin-rutsche\/"]}]},{"@type":"ImageObject","inLanguage":"de","@id":"https:\/\/www.kl-location.be\/de\/produit\/party-fancy-fair\/aufblasbare-burg\/delfin-rutsche\/#primaryimage","url":"https:\/\/www.kl-location.be\/wp-content\/uploads\/2025\/01\/toboggan-dauphin.jpg","contentUrl":"https:\/\/www.kl-location.be\/wp-content\/uploads\/2025\/01\/toboggan-dauphin.jpg","width":2000,"height":2000},{"@type":"BreadcrumbList","@id":"https:\/\/www.kl-location.be\/de\/produit\/party-fancy-fair\/aufblasbare-burg\/delfin-rutsche\/#breadcrumb","itemListElement":[{"@type":"ListItem","position":1,"name":"Accueil","item":"https:\/\/www.kl-location.be\/de\/home\/"},{"@type":"ListItem","position":2,"name":"Shop","item":"https:\/\/www.kl-location.be\/de\/shop\/"},{"@type":"ListItem","position":3,"name":"Delfin-Rutsche"}]},{"@type":"WebSite","@id":"https:\/\/www.kl-location.be\/de\/#website","url":"https:\/\/www.kl-location.be\/de\/","name":"KL Location","description":"Location &amp; vente - Province de Li\u00e8ge","publisher":{"@id":"https:\/\/www.kl-location.be\/de\/#organization"},"potentialAction":[{"@type":"SearchAction","target":{"@type":"EntryPoint","urlTemplate":"https:\/\/www.kl-location.be\/de\/?s={search_term_string}"},"query-input":{"@type":"PropertyValueSpecification","valueRequired":true,"valueName":"search_term_string"}}],"inLanguage":"de"},{"@type":"Organization","@id":"https:\/\/www.kl-location.be\/de\/#organization","name":"KL Location","url":"https:\/\/www.kl-location.be\/de\/","logo":{"@type":"ImageObject","inLanguage":"de","@id":"https:\/\/www.kl-location.be\/de\/#\/schema\/logo\/image\/","url":"https:\/\/www.kl-location.be\/wp-content\/uploads\/2024\/03\/kl-location-logo.svg","contentUrl":"https:\/\/www.kl-location.be\/wp-content\/uploads\/2024\/03\/kl-location-logo.svg","caption":"KL Location"},"image":{"@id":"https:\/\/www.kl-location.be\/de\/#\/schema\/logo\/image\/"},"sameAs":["https:\/\/www.facebook.com\/people\/KL-Location\/100094311420764\/"]}]}},"_links":{"self":[{"href":"https:\/\/www.kl-location.be\/de\/wp-json\/wp\/v2\/product\/8280","targetHints":{"allow":["GET"]}}],"collection":[{"href":"https:\/\/www.kl-location.be\/de\/wp-json\/wp\/v2\/product"}],"about":[{"href":"https:\/\/www.kl-location.be\/de\/wp-json\/wp\/v2\/types\/product"}],"wp:featuredmedia":[{"embeddable":true,"href":"https:\/\/www.kl-location.be\/de\/wp-json\/wp\/v2\/media\/7976"}],"wp:attachment":[{"href":"https:\/\/www.kl-location.be\/de\/wp-json\/wp\/v2\/media?parent=8280"}],"wp:term":[{"taxonomy":"product_brand","embeddable":true,"href":"https:\/\/www.kl-location.be\/de\/wp-json\/wp\/v2\/product_brand?post=8280"},{"taxonomy":"product_cat","embeddable":true,"href":"https:\/\/www.kl-location.be\/de\/wp-json\/wp\/v2\/product_cat?post=8280"},{"taxonomy":"product_tag","embeddable":true,"href":"https:\/\/www.kl-location.be\/de\/wp-json\/wp\/v2\/product_tag?post=8280"}],"curies":[{"name":"wp","href":"https:\/\/api.w.org\/{rel}","templated":true}]}}