{"id":8288,"date":"2024-03-16T11:45:50","date_gmt":"2024-03-16T10:45:50","guid":{"rendered":"https:\/\/www.kl-location.be\/produit\/unkategorisiert\/generator-pramac-es-5000\/"},"modified":"2025-02-16T11:12:24","modified_gmt":"2025-02-16T10:12:24","slug":"generator-pramac-es-5000","status":"publish","type":"product","link":"https:\/\/www.kl-location.be\/de\/produit\/gebaude\/stromerzeuger\/generator-pramac-es-5000\/","title":{"rendered":"Generator Pramac ES 5000"},"content":{"rendered":"<p>Der Pramac ES 5000 Generator wurde speziell f\u00fcr die Bed\u00fcrfnisse von Profis im Baugewerbe und in der Industrie entwickelt und garantiert Autonomie, Robustheit und Zuverl\u00e4ssigkeit. Er ist ideal f\u00fcr den intensiven Gebrauch und passt sich perfekt an die Anforderungen des Verleihs und die anspruchsvollen Bedingungen auf Baustellen an.<\/p>\n<p>Sein HONDA-Benzinmotor sorgt f\u00fcr eine stabile Leistung mit Luftk\u00fchlung und integrierter \u00d6lmangelsicherung. Der manuelle Start erm\u00f6glicht eine schnelle und einfache Inbetriebnahme, w\u00e4hrend seine elektrischen Schutzvorrichtungen nach IP23 und IP44 einen sicheren Betrieb gew\u00e4hrleisten.<\/p>\n<p>Mit einer Spannung von 230 V und 400\/230 V f\u00fcr Drehstrom, einer Frequenz von 50 Hz und einem 270-cm\u00b3-Motor ist dieser Generator ein zuverl\u00e4ssiger Verb\u00fcndeter f\u00fcr Ihre Ger\u00e4te. Sein Ger\u00e4uschpegel liegt bei 71 dB(A) in 7 Metern Entfernung und 97 dB(A) im LWA, was einen guten Kompromiss zwischen Leistung und Bedienkomfort garantiert.<\/p>\n","protected":false},"excerpt":{"rendered":"<p>Mieten Sie den Pramac ES 5000 Generator, ein robustes und leistungsstarkes Stromaggregat, das sich ideal f\u00fcr intensive Anwendungen auf Baustellen und f\u00fcr die Vermietung eignet. Ausgestattet mit einem HONDA-Benzinmotor bietet er eine gro\u00dfe Reichweite und erh\u00f6hte Sicherheit mit Schutz vor \u00d6lmangel. Er l\u00e4sst sich einfach manuell starten und sorgt f\u00fcr eine zuverl\u00e4ssige Stromversorgung mit 230 V und 400\/230 V dreiphasig.<\/p>\n","protected":false},"featured_media":7963,"template":"","meta":{"_acf_changed":false,"inline_featured_image":false},"product_brand":[],"product_cat":[169],"product_tag":[],"class_list":{"0":"post-8288","1":"product","2":"type-product","3":"status-publish","4":"has-post-thumbnail","6":"product_cat-stromerzeuger","8":"first","9":"instock","10":"shipping-taxable","11":"purchasable","12":"product-type-simple"},"acf":[],"yoast_head":"<!-- This site is optimized with the Yoast SEO plugin v24.4 - https:\/\/yoast.com\/wordpress\/plugins\/seo\/ -->\n<title>Generator Pramac ES 5000 - KL Location<\/title>\n<meta name=\"robots\" content=\"index, follow, max-snippet:-1, max-image-preview:large, max-video-preview:-1\" \/>\n<link rel=\"canonical\" href=\"https:\/\/www.kl-location.be\/de\/produit\/gebaude\/stromerzeuger\/generator-pramac-es-5000\/\" \/>\n<meta property=\"og:locale\" content=\"de_DE\" \/>\n<meta property=\"og:type\" content=\"article\" \/>\n<meta property=\"og:title\" content=\"Generator Pramac ES 5000 - KL Location\" \/>\n<meta property=\"og:description\" content=\"Mieten Sie den Pramac ES 5000 Generator, ein robustes und leistungsstarkes Stromaggregat, das sich ideal f\u00fcr intensive Anwendungen auf Baustellen und f\u00fcr die Vermietung eignet. Ausgestattet mit einem HONDA-Benzinmotor bietet er eine gro\u00dfe Reichweite und erh\u00f6hte Sicherheit mit Schutz vor \u00d6lmangel. Er l\u00e4sst sich einfach manuell starten und sorgt f\u00fcr eine zuverl\u00e4ssige Stromversorgung mit 230 V und 400\/230 V dreiphasig.\" \/>\n<meta property=\"og:url\" content=\"https:\/\/www.kl-location.be\/de\/produit\/gebaude\/stromerzeuger\/generator-pramac-es-5000\/\" \/>\n<meta property=\"og:site_name\" content=\"KL Location\" \/>\n<meta property=\"article:publisher\" content=\"https:\/\/www.facebook.com\/people\/KL-Location\/100094311420764\/\" \/>\n<meta property=\"article:modified_time\" content=\"2025-02-16T10:12:24+00:00\" \/>\n<meta property=\"og:image\" content=\"https:\/\/www.kl-location.be\/wp-content\/uploads\/2024\/03\/pramac-es-5000.jpg\" \/>\n\t<meta property=\"og:image:width\" content=\"2000\" \/>\n\t<meta property=\"og:image:height\" content=\"2000\" \/>\n\t<meta property=\"og:image:type\" content=\"image\/jpeg\" \/>\n<meta name=\"twitter:card\" content=\"summary_large_image\" \/>\n<meta name=\"twitter:label1\" content=\"Gesch\u00e4tzte Lesezeit\" \/>\n\t<meta name=\"twitter:data1\" content=\"1\u00a0Minute\" \/>\n<script type=\"application\/ld+json\" class=\"yoast-schema-graph\">{\"@context\":\"https:\/\/schema.org\",\"@graph\":[{\"@type\":\"WebPage\",\"@id\":\"https:\/\/www.kl-location.be\/de\/produit\/gebaude\/stromerzeuger\/generator-pramac-es-5000\/\",\"url\":\"https:\/\/www.kl-location.be\/de\/produit\/gebaude\/stromerzeuger\/generator-pramac-es-5000\/\",\"name\":\"Generator Pramac ES 5000 - KL Location\",\"isPartOf\":{\"@id\":\"https:\/\/www.kl-location.be\/de\/#website\"},\"primaryImageOfPage\":{\"@id\":\"https:\/\/www.kl-location.be\/de\/produit\/gebaude\/stromerzeuger\/generator-pramac-es-5000\/#primaryimage\"},\"image\":{\"@id\":\"https:\/\/www.kl-location.be\/de\/produit\/gebaude\/stromerzeuger\/generator-pramac-es-5000\/#primaryimage\"},\"thumbnailUrl\":\"https:\/\/www.kl-location.be\/wp-content\/uploads\/2024\/03\/pramac-es-5000.jpg\",\"datePublished\":\"2024-03-16T10:45:50+00:00\",\"dateModified\":\"2025-02-16T10:12:24+00:00\",\"breadcrumb\":{\"@id\":\"https:\/\/www.kl-location.be\/de\/produit\/gebaude\/stromerzeuger\/generator-pramac-es-5000\/#breadcrumb\"},\"inLanguage\":\"de\",\"potentialAction\":[{\"@type\":\"ReadAction\",\"target\":[\"https:\/\/www.kl-location.be\/de\/produit\/gebaude\/stromerzeuger\/generator-pramac-es-5000\/\"]}]},{\"@type\":\"ImageObject\",\"inLanguage\":\"de\",\"@id\":\"https:\/\/www.kl-location.be\/de\/produit\/gebaude\/stromerzeuger\/generator-pramac-es-5000\/#primaryimage\",\"url\":\"https:\/\/www.kl-location.be\/wp-content\/uploads\/2024\/03\/pramac-es-5000.jpg\",\"contentUrl\":\"https:\/\/www.kl-location.be\/wp-content\/uploads\/2024\/03\/pramac-es-5000.jpg\",\"width\":2000,\"height\":2000},{\"@type\":\"BreadcrumbList\",\"@id\":\"https:\/\/www.kl-location.be\/de\/produit\/gebaude\/stromerzeuger\/generator-pramac-es-5000\/#breadcrumb\",\"itemListElement\":[{\"@type\":\"ListItem\",\"position\":1,\"name\":\"Accueil\",\"item\":\"https:\/\/www.kl-location.be\/de\/home\/\"},{\"@type\":\"ListItem\",\"position\":2,\"name\":\"Shop\",\"item\":\"https:\/\/www.kl-location.be\/de\/shop\/\"},{\"@type\":\"ListItem\",\"position\":3,\"name\":\"Generator Pramac ES 5000\"}]},{\"@type\":\"WebSite\",\"@id\":\"https:\/\/www.kl-location.be\/de\/#website\",\"url\":\"https:\/\/www.kl-location.be\/de\/\",\"name\":\"KL Location\",\"description\":\"Location &amp; vente - Province de Li\u00e8ge\",\"publisher\":{\"@id\":\"https:\/\/www.kl-location.be\/de\/#organization\"},\"potentialAction\":[{\"@type\":\"SearchAction\",\"target\":{\"@type\":\"EntryPoint\",\"urlTemplate\":\"https:\/\/www.kl-location.be\/de\/?s={search_term_string}\"},\"query-input\":{\"@type\":\"PropertyValueSpecification\",\"valueRequired\":true,\"valueName\":\"search_term_string\"}}],\"inLanguage\":\"de\"},{\"@type\":\"Organization\",\"@id\":\"https:\/\/www.kl-location.be\/de\/#organization\",\"name\":\"KL Location\",\"url\":\"https:\/\/www.kl-location.be\/de\/\",\"logo\":{\"@type\":\"ImageObject\",\"inLanguage\":\"de\",\"@id\":\"https:\/\/www.kl-location.be\/de\/#\/schema\/logo\/image\/\",\"url\":\"https:\/\/www.kl-location.be\/wp-content\/uploads\/2024\/03\/kl-location-logo.svg\",\"contentUrl\":\"https:\/\/www.kl-location.be\/wp-content\/uploads\/2024\/03\/kl-location-logo.svg\",\"caption\":\"KL Location\"},\"image\":{\"@id\":\"https:\/\/www.kl-location.be\/de\/#\/schema\/logo\/image\/\"},\"sameAs\":[\"https:\/\/www.facebook.com\/people\/KL-Location\/100094311420764\/\"]}]}<\/script>\n<!-- \/ Yoast SEO plugin. -->","yoast_head_json":{"title":"Generator Pramac ES 5000 - KL Location","robots":{"index":"index","follow":"follow","max-snippet":"max-snippet:-1","max-image-preview":"max-image-preview:large","max-video-preview":"max-video-preview:-1"},"canonical":"https:\/\/www.kl-location.be\/de\/produit\/gebaude\/stromerzeuger\/generator-pramac-es-5000\/","og_locale":"de_DE","og_type":"article","og_title":"Generator Pramac ES 5000 - KL Location","og_description":"Mieten Sie den Pramac ES 5000 Generator, ein robustes und leistungsstarkes Stromaggregat, das sich ideal f\u00fcr intensive Anwendungen auf Baustellen und f\u00fcr die Vermietung eignet. Ausgestattet mit einem HONDA-Benzinmotor bietet er eine gro\u00dfe Reichweite und erh\u00f6hte Sicherheit mit Schutz vor \u00d6lmangel. Er l\u00e4sst sich einfach manuell starten und sorgt f\u00fcr eine zuverl\u00e4ssige Stromversorgung mit 230 V und 400\/230 V dreiphasig.","og_url":"https:\/\/www.kl-location.be\/de\/produit\/gebaude\/stromerzeuger\/generator-pramac-es-5000\/","og_site_name":"KL Location","article_publisher":"https:\/\/www.facebook.com\/people\/KL-Location\/100094311420764\/","article_modified_time":"2025-02-16T10:12:24+00:00","og_image":[{"width":2000,"height":2000,"url":"https:\/\/www.kl-location.be\/wp-content\/uploads\/2024\/03\/pramac-es-5000.jpg","type":"image\/jpeg"}],"twitter_card":"summary_large_image","twitter_misc":{"Gesch\u00e4tzte Lesezeit":"1\u00a0Minute"},"schema":{"@context":"https:\/\/schema.org","@graph":[{"@type":"WebPage","@id":"https:\/\/www.kl-location.be\/de\/produit\/gebaude\/stromerzeuger\/generator-pramac-es-5000\/","url":"https:\/\/www.kl-location.be\/de\/produit\/gebaude\/stromerzeuger\/generator-pramac-es-5000\/","name":"Generator Pramac ES 5000 - KL Location","isPartOf":{"@id":"https:\/\/www.kl-location.be\/de\/#website"},"primaryImageOfPage":{"@id":"https:\/\/www.kl-location.be\/de\/produit\/gebaude\/stromerzeuger\/generator-pramac-es-5000\/#primaryimage"},"image":{"@id":"https:\/\/www.kl-location.be\/de\/produit\/gebaude\/stromerzeuger\/generator-pramac-es-5000\/#primaryimage"},"thumbnailUrl":"https:\/\/www.kl-location.be\/wp-content\/uploads\/2024\/03\/pramac-es-5000.jpg","datePublished":"2024-03-16T10:45:50+00:00","dateModified":"2025-02-16T10:12:24+00:00","breadcrumb":{"@id":"https:\/\/www.kl-location.be\/de\/produit\/gebaude\/stromerzeuger\/generator-pramac-es-5000\/#breadcrumb"},"inLanguage":"de","potentialAction":[{"@type":"ReadAction","target":["https:\/\/www.kl-location.be\/de\/produit\/gebaude\/stromerzeuger\/generator-pramac-es-5000\/"]}]},{"@type":"ImageObject","inLanguage":"de","@id":"https:\/\/www.kl-location.be\/de\/produit\/gebaude\/stromerzeuger\/generator-pramac-es-5000\/#primaryimage","url":"https:\/\/www.kl-location.be\/wp-content\/uploads\/2024\/03\/pramac-es-5000.jpg","contentUrl":"https:\/\/www.kl-location.be\/wp-content\/uploads\/2024\/03\/pramac-es-5000.jpg","width":2000,"height":2000},{"@type":"BreadcrumbList","@id":"https:\/\/www.kl-location.be\/de\/produit\/gebaude\/stromerzeuger\/generator-pramac-es-5000\/#breadcrumb","itemListElement":[{"@type":"ListItem","position":1,"name":"Accueil","item":"https:\/\/www.kl-location.be\/de\/home\/"},{"@type":"ListItem","position":2,"name":"Shop","item":"https:\/\/www.kl-location.be\/de\/shop\/"},{"@type":"ListItem","position":3,"name":"Generator Pramac ES 5000"}]},{"@type":"WebSite","@id":"https:\/\/www.kl-location.be\/de\/#website","url":"https:\/\/www.kl-location.be\/de\/","name":"KL Location","description":"Location &amp; vente - Province de Li\u00e8ge","publisher":{"@id":"https:\/\/www.kl-location.be\/de\/#organization"},"potentialAction":[{"@type":"SearchAction","target":{"@type":"EntryPoint","urlTemplate":"https:\/\/www.kl-location.be\/de\/?s={search_term_string}"},"query-input":{"@type":"PropertyValueSpecification","valueRequired":true,"valueName":"search_term_string"}}],"inLanguage":"de"},{"@type":"Organization","@id":"https:\/\/www.kl-location.be\/de\/#organization","name":"KL Location","url":"https:\/\/www.kl-location.be\/de\/","logo":{"@type":"ImageObject","inLanguage":"de","@id":"https:\/\/www.kl-location.be\/de\/#\/schema\/logo\/image\/","url":"https:\/\/www.kl-location.be\/wp-content\/uploads\/2024\/03\/kl-location-logo.svg","contentUrl":"https:\/\/www.kl-location.be\/wp-content\/uploads\/2024\/03\/kl-location-logo.svg","caption":"KL Location"},"image":{"@id":"https:\/\/www.kl-location.be\/de\/#\/schema\/logo\/image\/"},"sameAs":["https:\/\/www.facebook.com\/people\/KL-Location\/100094311420764\/"]}]}},"_links":{"self":[{"href":"https:\/\/www.kl-location.be\/de\/wp-json\/wp\/v2\/product\/8288","targetHints":{"allow":["GET"]}}],"collection":[{"href":"https:\/\/www.kl-location.be\/de\/wp-json\/wp\/v2\/product"}],"about":[{"href":"https:\/\/www.kl-location.be\/de\/wp-json\/wp\/v2\/types\/product"}],"wp:featuredmedia":[{"embeddable":true,"href":"https:\/\/www.kl-location.be\/de\/wp-json\/wp\/v2\/media\/7963"}],"wp:attachment":[{"href":"https:\/\/www.kl-location.be\/de\/wp-json\/wp\/v2\/media?parent=8288"}],"wp:term":[{"taxonomy":"product_brand","embeddable":true,"href":"https:\/\/www.kl-location.be\/de\/wp-json\/wp\/v2\/product_brand?post=8288"},{"taxonomy":"product_cat","embeddable":true,"href":"https:\/\/www.kl-location.be\/de\/wp-json\/wp\/v2\/product_cat?post=8288"},{"taxonomy":"product_tag","embeddable":true,"href":"https:\/\/www.kl-location.be\/de\/wp-json\/wp\/v2\/product_tag?post=8288"}],"curies":[{"name":"wp","href":"https:\/\/api.w.org\/{rel}","templated":true}]}}