{"id":8289,"date":"2024-03-16T01:19:06","date_gmt":"2024-03-16T00:19:06","guid":{"rendered":"https:\/\/www.kl-location.be\/produit\/unkategorisiert\/vertikutierer-eliet-e450zr\/"},"modified":"2025-02-16T11:13:23","modified_gmt":"2025-02-16T10:13:23","slug":"vertikutierer-eliet-e450zr","status":"publish","type":"product","link":"https:\/\/www.kl-location.be\/de\/produit\/garten\/vertikutierer\/vertikutierer-eliet-e450zr\/","title":{"rendered":"Vertikutierer Eliet E450ZR"},"content":{"rendered":"<p>Der Eliet E450ZR Vertikutierer ist ein starker Verb\u00fcndeter bei der Pflege Ihres Rasens und Ihrer Gr\u00fcnfl\u00e4chen. Er wurde f\u00fcr optimales Vertikutieren entwickelt und zeichnet sich durch ein gegenl\u00e4ufig rotierendes Messersystem aus, das die Effizienz beim Herausziehen von Moos und Filz im Vergleich zu herk\u00f6mmlichen Modellen um 30% erh\u00f6ht.<\/p>\n<p>Ausgestattet mit der Double Cut\u2122-Technologie verwendet er ultrafeine Klingen, die f\u00fcr eine pr\u00e4zise Arbeit mit minimaler Auswirkung auf den Rasen sorgen. Au\u00dferdem verhindern Radkratzer die Ansammlung von feuchtem Moos und sorgen so f\u00fcr eine fl\u00fcssige und gleichm\u00e4\u00dfige Arbeit, selbst im Fr\u00fchjahr auf schwammigem Rasen.<\/p>\n<p>Mit einer Arbeitsbreite von 45 cm ist der Eliet E450ZR perfekt f\u00fcr kleine und mittelgro\u00dfe G\u00e4rten geeignet und bietet schnelles und effektives Vertikutieren. Entscheiden Sie sich f\u00fcr die Miete dieses professionellen Vertikutierers und verleihen Sie Ihrem Rasen mit einem hochwertigen Ger\u00e4t einen frischen Anstrich!<\/p>\n","protected":false},"excerpt":{"rendered":"<p>Der selbstfahrende Eliet E450ZR Vertikutierer wurde f\u00fcr eine effiziente und pr\u00e4zise Arbeit entwickelt. Dank seiner gegenl\u00e4ufig rotierenden Klingen entfernt er 30% mehr Moos und Filz. Seine ultrafeinen Double Cut\u2122-Klingen garantieren ein optimales Vertikutieren mit minimaler Auswirkung auf den Rasen. Arbeitsbreite von 45 cm, ideal f\u00fcr eine leistungsstarke Rasenpflege.<\/p>\n","protected":false},"featured_media":7960,"template":"","meta":{"_acf_changed":false,"inline_featured_image":false},"product_brand":[],"product_cat":[184],"product_tag":[],"class_list":{"0":"post-8289","1":"product","2":"type-product","3":"status-publish","4":"has-post-thumbnail","6":"product_cat-vertikutierer","8":"first","9":"instock","10":"shipping-taxable","11":"purchasable","12":"product-type-simple"},"acf":[],"yoast_head":"<!-- This site is optimized with the Yoast SEO plugin v24.4 - https:\/\/yoast.com\/wordpress\/plugins\/seo\/ -->\n<title>Vertikutierer Eliet E450ZR - KL Location<\/title>\n<meta name=\"robots\" content=\"index, follow, max-snippet:-1, max-image-preview:large, max-video-preview:-1\" \/>\n<link rel=\"canonical\" href=\"https:\/\/www.kl-location.be\/de\/produit\/garten\/vertikutierer\/vertikutierer-eliet-e450zr\/\" \/>\n<meta property=\"og:locale\" content=\"de_DE\" \/>\n<meta property=\"og:type\" content=\"article\" \/>\n<meta property=\"og:title\" content=\"Vertikutierer Eliet E450ZR - KL Location\" \/>\n<meta property=\"og:description\" content=\"Der selbstfahrende Eliet E450ZR Vertikutierer wurde f\u00fcr eine effiziente und pr\u00e4zise Arbeit entwickelt. Dank seiner gegenl\u00e4ufig rotierenden Klingen entfernt er 30% mehr Moos und Filz. Seine ultrafeinen Double Cut\u2122-Klingen garantieren ein optimales Vertikutieren mit minimaler Auswirkung auf den Rasen. Arbeitsbreite von 45 cm, ideal f\u00fcr eine leistungsstarke Rasenpflege.\" \/>\n<meta property=\"og:url\" content=\"https:\/\/www.kl-location.be\/de\/produit\/garten\/vertikutierer\/vertikutierer-eliet-e450zr\/\" \/>\n<meta property=\"og:site_name\" content=\"KL Location\" \/>\n<meta property=\"article:publisher\" content=\"https:\/\/www.facebook.com\/people\/KL-Location\/100094311420764\/\" \/>\n<meta property=\"article:modified_time\" content=\"2025-02-16T10:13:23+00:00\" \/>\n<meta property=\"og:image\" content=\"https:\/\/www.kl-location.be\/wp-content\/uploads\/2024\/03\/eliet-450.jpg\" \/>\n\t<meta property=\"og:image:width\" content=\"2000\" \/>\n\t<meta property=\"og:image:height\" content=\"2000\" \/>\n\t<meta property=\"og:image:type\" content=\"image\/jpeg\" \/>\n<meta name=\"twitter:card\" content=\"summary_large_image\" \/>\n<meta name=\"twitter:label1\" content=\"Gesch\u00e4tzte Lesezeit\" \/>\n\t<meta name=\"twitter:data1\" content=\"1\u00a0Minute\" \/>\n<script type=\"application\/ld+json\" class=\"yoast-schema-graph\">{\"@context\":\"https:\/\/schema.org\",\"@graph\":[{\"@type\":\"WebPage\",\"@id\":\"https:\/\/www.kl-location.be\/de\/produit\/garten\/vertikutierer\/vertikutierer-eliet-e450zr\/\",\"url\":\"https:\/\/www.kl-location.be\/de\/produit\/garten\/vertikutierer\/vertikutierer-eliet-e450zr\/\",\"name\":\"Vertikutierer Eliet E450ZR - KL Location\",\"isPartOf\":{\"@id\":\"https:\/\/www.kl-location.be\/de\/#website\"},\"primaryImageOfPage\":{\"@id\":\"https:\/\/www.kl-location.be\/de\/produit\/garten\/vertikutierer\/vertikutierer-eliet-e450zr\/#primaryimage\"},\"image\":{\"@id\":\"https:\/\/www.kl-location.be\/de\/produit\/garten\/vertikutierer\/vertikutierer-eliet-e450zr\/#primaryimage\"},\"thumbnailUrl\":\"https:\/\/www.kl-location.be\/wp-content\/uploads\/2024\/03\/eliet-450.jpg\",\"datePublished\":\"2024-03-16T00:19:06+00:00\",\"dateModified\":\"2025-02-16T10:13:23+00:00\",\"breadcrumb\":{\"@id\":\"https:\/\/www.kl-location.be\/de\/produit\/garten\/vertikutierer\/vertikutierer-eliet-e450zr\/#breadcrumb\"},\"inLanguage\":\"de\",\"potentialAction\":[{\"@type\":\"ReadAction\",\"target\":[\"https:\/\/www.kl-location.be\/de\/produit\/garten\/vertikutierer\/vertikutierer-eliet-e450zr\/\"]}]},{\"@type\":\"ImageObject\",\"inLanguage\":\"de\",\"@id\":\"https:\/\/www.kl-location.be\/de\/produit\/garten\/vertikutierer\/vertikutierer-eliet-e450zr\/#primaryimage\",\"url\":\"https:\/\/www.kl-location.be\/wp-content\/uploads\/2024\/03\/eliet-450.jpg\",\"contentUrl\":\"https:\/\/www.kl-location.be\/wp-content\/uploads\/2024\/03\/eliet-450.jpg\",\"width\":2000,\"height\":2000},{\"@type\":\"BreadcrumbList\",\"@id\":\"https:\/\/www.kl-location.be\/de\/produit\/garten\/vertikutierer\/vertikutierer-eliet-e450zr\/#breadcrumb\",\"itemListElement\":[{\"@type\":\"ListItem\",\"position\":1,\"name\":\"Accueil\",\"item\":\"https:\/\/www.kl-location.be\/de\/home\/\"},{\"@type\":\"ListItem\",\"position\":2,\"name\":\"Shop\",\"item\":\"https:\/\/www.kl-location.be\/de\/shop\/\"},{\"@type\":\"ListItem\",\"position\":3,\"name\":\"Vertikutierer Eliet E450ZR\"}]},{\"@type\":\"WebSite\",\"@id\":\"https:\/\/www.kl-location.be\/de\/#website\",\"url\":\"https:\/\/www.kl-location.be\/de\/\",\"name\":\"KL Location\",\"description\":\"Location &amp; vente - Province de Li\u00e8ge\",\"publisher\":{\"@id\":\"https:\/\/www.kl-location.be\/de\/#organization\"},\"potentialAction\":[{\"@type\":\"SearchAction\",\"target\":{\"@type\":\"EntryPoint\",\"urlTemplate\":\"https:\/\/www.kl-location.be\/de\/?s={search_term_string}\"},\"query-input\":{\"@type\":\"PropertyValueSpecification\",\"valueRequired\":true,\"valueName\":\"search_term_string\"}}],\"inLanguage\":\"de\"},{\"@type\":\"Organization\",\"@id\":\"https:\/\/www.kl-location.be\/de\/#organization\",\"name\":\"KL Location\",\"url\":\"https:\/\/www.kl-location.be\/de\/\",\"logo\":{\"@type\":\"ImageObject\",\"inLanguage\":\"de\",\"@id\":\"https:\/\/www.kl-location.be\/de\/#\/schema\/logo\/image\/\",\"url\":\"https:\/\/www.kl-location.be\/wp-content\/uploads\/2024\/03\/kl-location-logo.svg\",\"contentUrl\":\"https:\/\/www.kl-location.be\/wp-content\/uploads\/2024\/03\/kl-location-logo.svg\",\"caption\":\"KL Location\"},\"image\":{\"@id\":\"https:\/\/www.kl-location.be\/de\/#\/schema\/logo\/image\/\"},\"sameAs\":[\"https:\/\/www.facebook.com\/people\/KL-Location\/100094311420764\/\"]}]}<\/script>\n<!-- \/ Yoast SEO plugin. -->","yoast_head_json":{"title":"Vertikutierer Eliet E450ZR - KL Location","robots":{"index":"index","follow":"follow","max-snippet":"max-snippet:-1","max-image-preview":"max-image-preview:large","max-video-preview":"max-video-preview:-1"},"canonical":"https:\/\/www.kl-location.be\/de\/produit\/garten\/vertikutierer\/vertikutierer-eliet-e450zr\/","og_locale":"de_DE","og_type":"article","og_title":"Vertikutierer Eliet E450ZR - KL Location","og_description":"Der selbstfahrende Eliet E450ZR Vertikutierer wurde f\u00fcr eine effiziente und pr\u00e4zise Arbeit entwickelt. Dank seiner gegenl\u00e4ufig rotierenden Klingen entfernt er 30% mehr Moos und Filz. Seine ultrafeinen Double Cut\u2122-Klingen garantieren ein optimales Vertikutieren mit minimaler Auswirkung auf den Rasen. Arbeitsbreite von 45 cm, ideal f\u00fcr eine leistungsstarke Rasenpflege.","og_url":"https:\/\/www.kl-location.be\/de\/produit\/garten\/vertikutierer\/vertikutierer-eliet-e450zr\/","og_site_name":"KL Location","article_publisher":"https:\/\/www.facebook.com\/people\/KL-Location\/100094311420764\/","article_modified_time":"2025-02-16T10:13:23+00:00","og_image":[{"width":2000,"height":2000,"url":"https:\/\/www.kl-location.be\/wp-content\/uploads\/2024\/03\/eliet-450.jpg","type":"image\/jpeg"}],"twitter_card":"summary_large_image","twitter_misc":{"Gesch\u00e4tzte Lesezeit":"1\u00a0Minute"},"schema":{"@context":"https:\/\/schema.org","@graph":[{"@type":"WebPage","@id":"https:\/\/www.kl-location.be\/de\/produit\/garten\/vertikutierer\/vertikutierer-eliet-e450zr\/","url":"https:\/\/www.kl-location.be\/de\/produit\/garten\/vertikutierer\/vertikutierer-eliet-e450zr\/","name":"Vertikutierer Eliet E450ZR - KL Location","isPartOf":{"@id":"https:\/\/www.kl-location.be\/de\/#website"},"primaryImageOfPage":{"@id":"https:\/\/www.kl-location.be\/de\/produit\/garten\/vertikutierer\/vertikutierer-eliet-e450zr\/#primaryimage"},"image":{"@id":"https:\/\/www.kl-location.be\/de\/produit\/garten\/vertikutierer\/vertikutierer-eliet-e450zr\/#primaryimage"},"thumbnailUrl":"https:\/\/www.kl-location.be\/wp-content\/uploads\/2024\/03\/eliet-450.jpg","datePublished":"2024-03-16T00:19:06+00:00","dateModified":"2025-02-16T10:13:23+00:00","breadcrumb":{"@id":"https:\/\/www.kl-location.be\/de\/produit\/garten\/vertikutierer\/vertikutierer-eliet-e450zr\/#breadcrumb"},"inLanguage":"de","potentialAction":[{"@type":"ReadAction","target":["https:\/\/www.kl-location.be\/de\/produit\/garten\/vertikutierer\/vertikutierer-eliet-e450zr\/"]}]},{"@type":"ImageObject","inLanguage":"de","@id":"https:\/\/www.kl-location.be\/de\/produit\/garten\/vertikutierer\/vertikutierer-eliet-e450zr\/#primaryimage","url":"https:\/\/www.kl-location.be\/wp-content\/uploads\/2024\/03\/eliet-450.jpg","contentUrl":"https:\/\/www.kl-location.be\/wp-content\/uploads\/2024\/03\/eliet-450.jpg","width":2000,"height":2000},{"@type":"BreadcrumbList","@id":"https:\/\/www.kl-location.be\/de\/produit\/garten\/vertikutierer\/vertikutierer-eliet-e450zr\/#breadcrumb","itemListElement":[{"@type":"ListItem","position":1,"name":"Accueil","item":"https:\/\/www.kl-location.be\/de\/home\/"},{"@type":"ListItem","position":2,"name":"Shop","item":"https:\/\/www.kl-location.be\/de\/shop\/"},{"@type":"ListItem","position":3,"name":"Vertikutierer Eliet E450ZR"}]},{"@type":"WebSite","@id":"https:\/\/www.kl-location.be\/de\/#website","url":"https:\/\/www.kl-location.be\/de\/","name":"KL Location","description":"Location &amp; vente - Province de Li\u00e8ge","publisher":{"@id":"https:\/\/www.kl-location.be\/de\/#organization"},"potentialAction":[{"@type":"SearchAction","target":{"@type":"EntryPoint","urlTemplate":"https:\/\/www.kl-location.be\/de\/?s={search_term_string}"},"query-input":{"@type":"PropertyValueSpecification","valueRequired":true,"valueName":"search_term_string"}}],"inLanguage":"de"},{"@type":"Organization","@id":"https:\/\/www.kl-location.be\/de\/#organization","name":"KL Location","url":"https:\/\/www.kl-location.be\/de\/","logo":{"@type":"ImageObject","inLanguage":"de","@id":"https:\/\/www.kl-location.be\/de\/#\/schema\/logo\/image\/","url":"https:\/\/www.kl-location.be\/wp-content\/uploads\/2024\/03\/kl-location-logo.svg","contentUrl":"https:\/\/www.kl-location.be\/wp-content\/uploads\/2024\/03\/kl-location-logo.svg","caption":"KL Location"},"image":{"@id":"https:\/\/www.kl-location.be\/de\/#\/schema\/logo\/image\/"},"sameAs":["https:\/\/www.facebook.com\/people\/KL-Location\/100094311420764\/"]}]}},"_links":{"self":[{"href":"https:\/\/www.kl-location.be\/de\/wp-json\/wp\/v2\/product\/8289","targetHints":{"allow":["GET"]}}],"collection":[{"href":"https:\/\/www.kl-location.be\/de\/wp-json\/wp\/v2\/product"}],"about":[{"href":"https:\/\/www.kl-location.be\/de\/wp-json\/wp\/v2\/types\/product"}],"wp:featuredmedia":[{"embeddable":true,"href":"https:\/\/www.kl-location.be\/de\/wp-json\/wp\/v2\/media\/7960"}],"wp:attachment":[{"href":"https:\/\/www.kl-location.be\/de\/wp-json\/wp\/v2\/media?parent=8289"}],"wp:term":[{"taxonomy":"product_brand","embeddable":true,"href":"https:\/\/www.kl-location.be\/de\/wp-json\/wp\/v2\/product_brand?post=8289"},{"taxonomy":"product_cat","embeddable":true,"href":"https:\/\/www.kl-location.be\/de\/wp-json\/wp\/v2\/product_cat?post=8289"},{"taxonomy":"product_tag","embeddable":true,"href":"https:\/\/www.kl-location.be\/de\/wp-json\/wp\/v2\/product_tag?post=8289"}],"curies":[{"name":"wp","href":"https:\/\/api.w.org\/{rel}","templated":true}]}}