{"id":8293,"date":"2024-03-16T01:05:42","date_gmt":"2024-03-16T00:05:42","guid":{"rendered":"https:\/\/www.kl-location.be\/produit\/unkategorisiert\/eliet-super-prof-haecksler\/"},"modified":"2024-03-16T01:05:42","modified_gmt":"2024-03-16T00:05:42","slug":"eliet-super-prof-haecksler","status":"publish","type":"product","link":"https:\/\/www.kl-location.be\/de\/produit\/garten\/hacksler\/eliet-super-prof-haecksler\/","title":{"rendered":"Eliet SUPER PROF H\u00e4cksler"},"content":{"rendered":"<p>Der <strong>ELIET Super Prof MAX Cross Country<\/strong> revolutioniert den Zugang zu schwierigem Gel\u00e4nde wie Bahnd\u00e4mmen, W\u00e4ldern, Plantagen oder Weinbergen. Ausgestattet mit einem <strong>robusten, aber leichten Raupenfahrwerk<\/strong> sorgt er f\u00fcr einen geringen Bodendruck, wodurch das Risiko von Sch\u00e4den an Rasenfl\u00e4chen und anderen empfindlichen Oberfl\u00e4chen minimiert wird.<\/p>\n<p>Diese MAX-Version bleibt ihrem Namen treu und bietet mit ihrem 23 PS starken <strong>Vanguard<\/strong> EFI-Motor, der eine um 25 % gesteigerte Leistung liefert, eine un\u00fcbertroffene Leistung. Das <strong>EFI<\/strong>-System (Electronic Fuel Injection) optimiert den Kraftstoffverbrauch und senkt ihn um <strong>25 % bei gleichbleibender Leistung.<\/strong> Dieser hochmoderne Motor garantiert au\u00dferdem ein zuverl\u00e4ssiges Starten bei allen Wetterbedingungen, ohne dass eine Aufw\u00e4rmphase erforderlich ist.<\/p>\n<p>Um den Umweltanforderungen gerecht zu werden, hat ELIET das ECO <strong>EYETM<\/strong>-System integriert, das die Energieeffizienz und den Respekt f\u00fcr die Natur st\u00e4rkt. Der Super Prof MAX Cross Country kombiniert <strong>Kraft, Mobilit\u00e4t und Umweltfreundlichkeit <\/strong>und macht ihn zu einem unverzichtbaren Werkzeug f\u00fcr anspruchsvolle Profis.<\/p>\n","protected":false},"excerpt":{"rendered":"<p>ELIET Super Prof <strong>MAX Cross Country-H\u00e4cksler<\/strong>: Leichter Zugang zu schwierigem Gel\u00e4nde dank Raupenfahrwerk und starkem Motor &#8211; und das auf umweltfreundliche Weise.<\/p>\n","protected":false},"featured_media":7958,"template":"","meta":{"_acf_changed":false,"inline_featured_image":false},"product_brand":[],"product_cat":[182],"product_tag":[],"class_list":{"0":"post-8293","1":"product","2":"type-product","3":"status-publish","4":"has-post-thumbnail","6":"product_cat-hacksler","8":"first","9":"instock","10":"shipping-taxable","11":"purchasable","12":"product-type-simple"},"acf":[],"yoast_head":"<!-- This site is optimized with the Yoast SEO plugin v24.4 - https:\/\/yoast.com\/wordpress\/plugins\/seo\/ -->\n<title>Eliet SUPER PROF H\u00e4cksler - KL Location<\/title>\n<meta name=\"robots\" content=\"index, follow, max-snippet:-1, max-image-preview:large, max-video-preview:-1\" \/>\n<link rel=\"canonical\" href=\"https:\/\/www.kl-location.be\/de\/produit\/garten\/hacksler\/eliet-super-prof-haecksler\/\" \/>\n<meta property=\"og:locale\" content=\"de_DE\" \/>\n<meta property=\"og:type\" content=\"article\" \/>\n<meta property=\"og:title\" content=\"Eliet SUPER PROF H\u00e4cksler - KL Location\" \/>\n<meta property=\"og:description\" content=\"ELIET Super Prof MAX Cross Country-H\u00e4cksler: Leichter Zugang zu schwierigem Gel\u00e4nde dank Raupenfahrwerk und starkem Motor - und das auf umweltfreundliche Weise.\" \/>\n<meta property=\"og:url\" content=\"https:\/\/www.kl-location.be\/de\/produit\/garten\/hacksler\/eliet-super-prof-haecksler\/\" \/>\n<meta property=\"og:site_name\" content=\"KL Location\" \/>\n<meta property=\"article:publisher\" content=\"https:\/\/www.facebook.com\/people\/KL-Location\/100094311420764\/\" \/>\n<meta property=\"og:image\" content=\"https:\/\/www.kl-location.be\/wp-content\/uploads\/2024\/03\/eliet-super-prof.jpg\" \/>\n\t<meta property=\"og:image:width\" content=\"2000\" \/>\n\t<meta property=\"og:image:height\" content=\"2000\" \/>\n\t<meta property=\"og:image:type\" content=\"image\/jpeg\" \/>\n<meta name=\"twitter:card\" content=\"summary_large_image\" \/>\n<meta name=\"twitter:label1\" content=\"Gesch\u00e4tzte Lesezeit\" \/>\n\t<meta name=\"twitter:data1\" content=\"1\u00a0Minute\" \/>\n<script type=\"application\/ld+json\" class=\"yoast-schema-graph\">{\"@context\":\"https:\/\/schema.org\",\"@graph\":[{\"@type\":\"WebPage\",\"@id\":\"https:\/\/www.kl-location.be\/de\/produit\/garten\/hacksler\/eliet-super-prof-haecksler\/\",\"url\":\"https:\/\/www.kl-location.be\/de\/produit\/garten\/hacksler\/eliet-super-prof-haecksler\/\",\"name\":\"Eliet SUPER PROF H\u00e4cksler - KL Location\",\"isPartOf\":{\"@id\":\"https:\/\/www.kl-location.be\/de\/#website\"},\"primaryImageOfPage\":{\"@id\":\"https:\/\/www.kl-location.be\/de\/produit\/garten\/hacksler\/eliet-super-prof-haecksler\/#primaryimage\"},\"image\":{\"@id\":\"https:\/\/www.kl-location.be\/de\/produit\/garten\/hacksler\/eliet-super-prof-haecksler\/#primaryimage\"},\"thumbnailUrl\":\"https:\/\/www.kl-location.be\/wp-content\/uploads\/2024\/03\/eliet-super-prof.jpg\",\"datePublished\":\"2024-03-16T00:05:42+00:00\",\"breadcrumb\":{\"@id\":\"https:\/\/www.kl-location.be\/de\/produit\/garten\/hacksler\/eliet-super-prof-haecksler\/#breadcrumb\"},\"inLanguage\":\"de\",\"potentialAction\":[{\"@type\":\"ReadAction\",\"target\":[\"https:\/\/www.kl-location.be\/de\/produit\/garten\/hacksler\/eliet-super-prof-haecksler\/\"]}]},{\"@type\":\"ImageObject\",\"inLanguage\":\"de\",\"@id\":\"https:\/\/www.kl-location.be\/de\/produit\/garten\/hacksler\/eliet-super-prof-haecksler\/#primaryimage\",\"url\":\"https:\/\/www.kl-location.be\/wp-content\/uploads\/2024\/03\/eliet-super-prof.jpg\",\"contentUrl\":\"https:\/\/www.kl-location.be\/wp-content\/uploads\/2024\/03\/eliet-super-prof.jpg\",\"width\":2000,\"height\":2000},{\"@type\":\"BreadcrumbList\",\"@id\":\"https:\/\/www.kl-location.be\/de\/produit\/garten\/hacksler\/eliet-super-prof-haecksler\/#breadcrumb\",\"itemListElement\":[{\"@type\":\"ListItem\",\"position\":1,\"name\":\"Accueil\",\"item\":\"https:\/\/www.kl-location.be\/de\/home\/\"},{\"@type\":\"ListItem\",\"position\":2,\"name\":\"Shop\",\"item\":\"https:\/\/www.kl-location.be\/de\/shop\/\"},{\"@type\":\"ListItem\",\"position\":3,\"name\":\"Eliet SUPER PROF H\u00e4cksler\"}]},{\"@type\":\"WebSite\",\"@id\":\"https:\/\/www.kl-location.be\/de\/#website\",\"url\":\"https:\/\/www.kl-location.be\/de\/\",\"name\":\"KL Location\",\"description\":\"Location &amp; vente - Province de Li\u00e8ge\",\"publisher\":{\"@id\":\"https:\/\/www.kl-location.be\/de\/#organization\"},\"potentialAction\":[{\"@type\":\"SearchAction\",\"target\":{\"@type\":\"EntryPoint\",\"urlTemplate\":\"https:\/\/www.kl-location.be\/de\/?s={search_term_string}\"},\"query-input\":{\"@type\":\"PropertyValueSpecification\",\"valueRequired\":true,\"valueName\":\"search_term_string\"}}],\"inLanguage\":\"de\"},{\"@type\":\"Organization\",\"@id\":\"https:\/\/www.kl-location.be\/de\/#organization\",\"name\":\"KL Location\",\"url\":\"https:\/\/www.kl-location.be\/de\/\",\"logo\":{\"@type\":\"ImageObject\",\"inLanguage\":\"de\",\"@id\":\"https:\/\/www.kl-location.be\/de\/#\/schema\/logo\/image\/\",\"url\":\"https:\/\/www.kl-location.be\/wp-content\/uploads\/2024\/03\/kl-location-logo.svg\",\"contentUrl\":\"https:\/\/www.kl-location.be\/wp-content\/uploads\/2024\/03\/kl-location-logo.svg\",\"caption\":\"KL Location\"},\"image\":{\"@id\":\"https:\/\/www.kl-location.be\/de\/#\/schema\/logo\/image\/\"},\"sameAs\":[\"https:\/\/www.facebook.com\/people\/KL-Location\/100094311420764\/\"]}]}<\/script>\n<!-- \/ Yoast SEO plugin. -->","yoast_head_json":{"title":"Eliet SUPER PROF H\u00e4cksler - KL Location","robots":{"index":"index","follow":"follow","max-snippet":"max-snippet:-1","max-image-preview":"max-image-preview:large","max-video-preview":"max-video-preview:-1"},"canonical":"https:\/\/www.kl-location.be\/de\/produit\/garten\/hacksler\/eliet-super-prof-haecksler\/","og_locale":"de_DE","og_type":"article","og_title":"Eliet SUPER PROF H\u00e4cksler - KL Location","og_description":"ELIET Super Prof MAX Cross Country-H\u00e4cksler: Leichter Zugang zu schwierigem Gel\u00e4nde dank Raupenfahrwerk und starkem Motor - und das auf umweltfreundliche Weise.","og_url":"https:\/\/www.kl-location.be\/de\/produit\/garten\/hacksler\/eliet-super-prof-haecksler\/","og_site_name":"KL Location","article_publisher":"https:\/\/www.facebook.com\/people\/KL-Location\/100094311420764\/","og_image":[{"width":2000,"height":2000,"url":"https:\/\/www.kl-location.be\/wp-content\/uploads\/2024\/03\/eliet-super-prof.jpg","type":"image\/jpeg"}],"twitter_card":"summary_large_image","twitter_misc":{"Gesch\u00e4tzte Lesezeit":"1\u00a0Minute"},"schema":{"@context":"https:\/\/schema.org","@graph":[{"@type":"WebPage","@id":"https:\/\/www.kl-location.be\/de\/produit\/garten\/hacksler\/eliet-super-prof-haecksler\/","url":"https:\/\/www.kl-location.be\/de\/produit\/garten\/hacksler\/eliet-super-prof-haecksler\/","name":"Eliet SUPER PROF H\u00e4cksler - KL Location","isPartOf":{"@id":"https:\/\/www.kl-location.be\/de\/#website"},"primaryImageOfPage":{"@id":"https:\/\/www.kl-location.be\/de\/produit\/garten\/hacksler\/eliet-super-prof-haecksler\/#primaryimage"},"image":{"@id":"https:\/\/www.kl-location.be\/de\/produit\/garten\/hacksler\/eliet-super-prof-haecksler\/#primaryimage"},"thumbnailUrl":"https:\/\/www.kl-location.be\/wp-content\/uploads\/2024\/03\/eliet-super-prof.jpg","datePublished":"2024-03-16T00:05:42+00:00","breadcrumb":{"@id":"https:\/\/www.kl-location.be\/de\/produit\/garten\/hacksler\/eliet-super-prof-haecksler\/#breadcrumb"},"inLanguage":"de","potentialAction":[{"@type":"ReadAction","target":["https:\/\/www.kl-location.be\/de\/produit\/garten\/hacksler\/eliet-super-prof-haecksler\/"]}]},{"@type":"ImageObject","inLanguage":"de","@id":"https:\/\/www.kl-location.be\/de\/produit\/garten\/hacksler\/eliet-super-prof-haecksler\/#primaryimage","url":"https:\/\/www.kl-location.be\/wp-content\/uploads\/2024\/03\/eliet-super-prof.jpg","contentUrl":"https:\/\/www.kl-location.be\/wp-content\/uploads\/2024\/03\/eliet-super-prof.jpg","width":2000,"height":2000},{"@type":"BreadcrumbList","@id":"https:\/\/www.kl-location.be\/de\/produit\/garten\/hacksler\/eliet-super-prof-haecksler\/#breadcrumb","itemListElement":[{"@type":"ListItem","position":1,"name":"Accueil","item":"https:\/\/www.kl-location.be\/de\/home\/"},{"@type":"ListItem","position":2,"name":"Shop","item":"https:\/\/www.kl-location.be\/de\/shop\/"},{"@type":"ListItem","position":3,"name":"Eliet SUPER PROF H\u00e4cksler"}]},{"@type":"WebSite","@id":"https:\/\/www.kl-location.be\/de\/#website","url":"https:\/\/www.kl-location.be\/de\/","name":"KL Location","description":"Location &amp; vente - Province de Li\u00e8ge","publisher":{"@id":"https:\/\/www.kl-location.be\/de\/#organization"},"potentialAction":[{"@type":"SearchAction","target":{"@type":"EntryPoint","urlTemplate":"https:\/\/www.kl-location.be\/de\/?s={search_term_string}"},"query-input":{"@type":"PropertyValueSpecification","valueRequired":true,"valueName":"search_term_string"}}],"inLanguage":"de"},{"@type":"Organization","@id":"https:\/\/www.kl-location.be\/de\/#organization","name":"KL Location","url":"https:\/\/www.kl-location.be\/de\/","logo":{"@type":"ImageObject","inLanguage":"de","@id":"https:\/\/www.kl-location.be\/de\/#\/schema\/logo\/image\/","url":"https:\/\/www.kl-location.be\/wp-content\/uploads\/2024\/03\/kl-location-logo.svg","contentUrl":"https:\/\/www.kl-location.be\/wp-content\/uploads\/2024\/03\/kl-location-logo.svg","caption":"KL Location"},"image":{"@id":"https:\/\/www.kl-location.be\/de\/#\/schema\/logo\/image\/"},"sameAs":["https:\/\/www.facebook.com\/people\/KL-Location\/100094311420764\/"]}]}},"_links":{"self":[{"href":"https:\/\/www.kl-location.be\/de\/wp-json\/wp\/v2\/product\/8293","targetHints":{"allow":["GET"]}}],"collection":[{"href":"https:\/\/www.kl-location.be\/de\/wp-json\/wp\/v2\/product"}],"about":[{"href":"https:\/\/www.kl-location.be\/de\/wp-json\/wp\/v2\/types\/product"}],"wp:featuredmedia":[{"embeddable":true,"href":"https:\/\/www.kl-location.be\/de\/wp-json\/wp\/v2\/media\/7958"}],"wp:attachment":[{"href":"https:\/\/www.kl-location.be\/de\/wp-json\/wp\/v2\/media?parent=8293"}],"wp:term":[{"taxonomy":"product_brand","embeddable":true,"href":"https:\/\/www.kl-location.be\/de\/wp-json\/wp\/v2\/product_brand?post=8293"},{"taxonomy":"product_cat","embeddable":true,"href":"https:\/\/www.kl-location.be\/de\/wp-json\/wp\/v2\/product_cat?post=8293"},{"taxonomy":"product_tag","embeddable":true,"href":"https:\/\/www.kl-location.be\/de\/wp-json\/wp\/v2\/product_tag?post=8293"}],"curies":[{"name":"wp","href":"https:\/\/api.w.org\/{rel}","templated":true}]}}