{"id":8295,"date":"2024-03-15T23:37:59","date_gmt":"2024-03-15T22:37:59","guid":{"rendered":"https:\/\/www.kl-location.be\/produit\/unkategorisiert\/granita-maschine-mit-3-behaeltern\/"},"modified":"2025-02-16T11:19:56","modified_gmt":"2025-02-16T10:19:56","slug":"granita-maschine-mit-3-behaeltern","status":"publish","type":"product","link":"https:\/\/www.kl-location.be\/de\/produit\/party-fancy-fair\/granita-maschine\/granita-maschine-mit-3-behaeltern\/","title":{"rendered":"Granita-Maschine mit 3 Beh\u00e4ltern"},"content":{"rendered":"<p>Bieten Sie Ihren Kunden oder G\u00e4sten erfrischende, eisgek\u00fchlte Getr\u00e4nke mit der 3-Beh\u00e4lter-Granita-Maschine an. Er wurde f\u00fcr den intensiven Gebrauch entwickelt und erm\u00f6glicht die schnelle Zubereitung von Granita, Sorbets und gefrorenen Cocktails mit einer perfekten Textur.<\/p>\n<p>Dank der drei unabh\u00e4ngigen Tanks k\u00f6nnen Sie mehrere Geschmacksrichtungen gleichzeitig anbieten, um jeden Geschmack zu treffen. Sein leistungsstarkes K\u00fchlsystem garantiert eine schnelle und gleichm\u00e4\u00dfige Zubereitung, ideal f\u00fcr Veranstaltungen, Food Trucks, Bars und Imbisse.<\/p>\n<p>Diese Maschine ist einfach zu bedienen und zu pflegen und ist der perfekte Verb\u00fcndete f\u00fcr ein erfrischendes und leckeres Erlebnis. Mieten Sie sie jetzt und sorgen Sie mit unwiderstehlicher Granita f\u00fcr den Erfolg Ihrer Veranstaltungen!<\/p>\n","protected":false},"excerpt":{"rendered":"<p>Die Granita-Maschine mit 3 Beh\u00e4ltern ist ideal f\u00fcr die Zubereitung von Granita, Sorbets und eisgek\u00fchlten Getr\u00e4nken in gro\u00dfen Mengen. Mit seinen drei unabh\u00e4ngigen Tanks kann er mehrere Geschmacksrichtungen gleichzeitig anbieten. Sie ist einfach zu verwenden und schnell zu k\u00fchlen und eignet sich perfekt f\u00fcr Veranstaltungen, Partys und professionelle Einrichtungen.<\/p>\n","protected":false},"featured_media":7955,"template":"","meta":{"_acf_changed":false,"inline_featured_image":false},"product_brand":[],"product_cat":[179],"product_tag":[],"class_list":{"0":"post-8295","1":"product","2":"type-product","3":"status-publish","4":"has-post-thumbnail","6":"product_cat-granita-maschine","8":"first","9":"instock","10":"shipping-taxable","11":"purchasable","12":"product-type-simple"},"acf":[],"yoast_head":"<!-- This site is optimized with the Yoast SEO plugin v24.4 - https:\/\/yoast.com\/wordpress\/plugins\/seo\/ -->\n<title>Granita-Maschine mit 3 Beh\u00e4ltern - KL Location<\/title>\n<meta name=\"robots\" content=\"index, follow, max-snippet:-1, max-image-preview:large, max-video-preview:-1\" \/>\n<link rel=\"canonical\" href=\"https:\/\/www.kl-location.be\/de\/produit\/party-fancy-fair\/granita-maschine\/granita-maschine-mit-3-behaeltern\/\" \/>\n<meta property=\"og:locale\" content=\"de_DE\" \/>\n<meta property=\"og:type\" content=\"article\" \/>\n<meta property=\"og:title\" content=\"Granita-Maschine mit 3 Beh\u00e4ltern - KL Location\" \/>\n<meta property=\"og:description\" content=\"Die Granita-Maschine mit 3 Beh\u00e4ltern ist ideal f\u00fcr die Zubereitung von Granita, Sorbets und eisgek\u00fchlten Getr\u00e4nken in gro\u00dfen Mengen. Mit seinen drei unabh\u00e4ngigen Tanks kann er mehrere Geschmacksrichtungen gleichzeitig anbieten. Sie ist einfach zu verwenden und schnell zu k\u00fchlen und eignet sich perfekt f\u00fcr Veranstaltungen, Partys und professionelle Einrichtungen.\" \/>\n<meta property=\"og:url\" content=\"https:\/\/www.kl-location.be\/de\/produit\/party-fancy-fair\/granita-maschine\/granita-maschine-mit-3-behaeltern\/\" \/>\n<meta property=\"og:site_name\" content=\"KL Location\" \/>\n<meta property=\"article:publisher\" content=\"https:\/\/www.facebook.com\/people\/KL-Location\/100094311420764\/\" \/>\n<meta property=\"article:modified_time\" content=\"2025-02-16T10:19:56+00:00\" \/>\n<meta property=\"og:image\" content=\"https:\/\/www.kl-location.be\/wp-content\/uploads\/2024\/03\/granita.jpg\" \/>\n\t<meta property=\"og:image:width\" content=\"2000\" \/>\n\t<meta property=\"og:image:height\" content=\"2000\" \/>\n\t<meta property=\"og:image:type\" content=\"image\/jpeg\" \/>\n<meta name=\"twitter:card\" content=\"summary_large_image\" \/>\n<meta name=\"twitter:label1\" content=\"Gesch\u00e4tzte Lesezeit\" \/>\n\t<meta name=\"twitter:data1\" content=\"1\u00a0Minute\" \/>\n<script type=\"application\/ld+json\" class=\"yoast-schema-graph\">{\"@context\":\"https:\/\/schema.org\",\"@graph\":[{\"@type\":\"WebPage\",\"@id\":\"https:\/\/www.kl-location.be\/de\/produit\/party-fancy-fair\/granita-maschine\/granita-maschine-mit-3-behaeltern\/\",\"url\":\"https:\/\/www.kl-location.be\/de\/produit\/party-fancy-fair\/granita-maschine\/granita-maschine-mit-3-behaeltern\/\",\"name\":\"Granita-Maschine mit 3 Beh\u00e4ltern - KL Location\",\"isPartOf\":{\"@id\":\"https:\/\/www.kl-location.be\/de\/#website\"},\"primaryImageOfPage\":{\"@id\":\"https:\/\/www.kl-location.be\/de\/produit\/party-fancy-fair\/granita-maschine\/granita-maschine-mit-3-behaeltern\/#primaryimage\"},\"image\":{\"@id\":\"https:\/\/www.kl-location.be\/de\/produit\/party-fancy-fair\/granita-maschine\/granita-maschine-mit-3-behaeltern\/#primaryimage\"},\"thumbnailUrl\":\"https:\/\/www.kl-location.be\/wp-content\/uploads\/2024\/03\/granita.jpg\",\"datePublished\":\"2024-03-15T22:37:59+00:00\",\"dateModified\":\"2025-02-16T10:19:56+00:00\",\"breadcrumb\":{\"@id\":\"https:\/\/www.kl-location.be\/de\/produit\/party-fancy-fair\/granita-maschine\/granita-maschine-mit-3-behaeltern\/#breadcrumb\"},\"inLanguage\":\"de\",\"potentialAction\":[{\"@type\":\"ReadAction\",\"target\":[\"https:\/\/www.kl-location.be\/de\/produit\/party-fancy-fair\/granita-maschine\/granita-maschine-mit-3-behaeltern\/\"]}]},{\"@type\":\"ImageObject\",\"inLanguage\":\"de\",\"@id\":\"https:\/\/www.kl-location.be\/de\/produit\/party-fancy-fair\/granita-maschine\/granita-maschine-mit-3-behaeltern\/#primaryimage\",\"url\":\"https:\/\/www.kl-location.be\/wp-content\/uploads\/2024\/03\/granita.jpg\",\"contentUrl\":\"https:\/\/www.kl-location.be\/wp-content\/uploads\/2024\/03\/granita.jpg\",\"width\":2000,\"height\":2000},{\"@type\":\"BreadcrumbList\",\"@id\":\"https:\/\/www.kl-location.be\/de\/produit\/party-fancy-fair\/granita-maschine\/granita-maschine-mit-3-behaeltern\/#breadcrumb\",\"itemListElement\":[{\"@type\":\"ListItem\",\"position\":1,\"name\":\"Accueil\",\"item\":\"https:\/\/www.kl-location.be\/de\/home\/\"},{\"@type\":\"ListItem\",\"position\":2,\"name\":\"Shop\",\"item\":\"https:\/\/www.kl-location.be\/de\/shop\/\"},{\"@type\":\"ListItem\",\"position\":3,\"name\":\"Granita-Maschine mit 3 Beh\u00e4ltern\"}]},{\"@type\":\"WebSite\",\"@id\":\"https:\/\/www.kl-location.be\/de\/#website\",\"url\":\"https:\/\/www.kl-location.be\/de\/\",\"name\":\"KL Location\",\"description\":\"Location &amp; vente - Province de Li\u00e8ge\",\"publisher\":{\"@id\":\"https:\/\/www.kl-location.be\/de\/#organization\"},\"potentialAction\":[{\"@type\":\"SearchAction\",\"target\":{\"@type\":\"EntryPoint\",\"urlTemplate\":\"https:\/\/www.kl-location.be\/de\/?s={search_term_string}\"},\"query-input\":{\"@type\":\"PropertyValueSpecification\",\"valueRequired\":true,\"valueName\":\"search_term_string\"}}],\"inLanguage\":\"de\"},{\"@type\":\"Organization\",\"@id\":\"https:\/\/www.kl-location.be\/de\/#organization\",\"name\":\"KL Location\",\"url\":\"https:\/\/www.kl-location.be\/de\/\",\"logo\":{\"@type\":\"ImageObject\",\"inLanguage\":\"de\",\"@id\":\"https:\/\/www.kl-location.be\/de\/#\/schema\/logo\/image\/\",\"url\":\"https:\/\/www.kl-location.be\/wp-content\/uploads\/2024\/03\/kl-location-logo.svg\",\"contentUrl\":\"https:\/\/www.kl-location.be\/wp-content\/uploads\/2024\/03\/kl-location-logo.svg\",\"caption\":\"KL Location\"},\"image\":{\"@id\":\"https:\/\/www.kl-location.be\/de\/#\/schema\/logo\/image\/\"},\"sameAs\":[\"https:\/\/www.facebook.com\/people\/KL-Location\/100094311420764\/\"]}]}<\/script>\n<!-- \/ Yoast SEO plugin. -->","yoast_head_json":{"title":"Granita-Maschine mit 3 Beh\u00e4ltern - KL Location","robots":{"index":"index","follow":"follow","max-snippet":"max-snippet:-1","max-image-preview":"max-image-preview:large","max-video-preview":"max-video-preview:-1"},"canonical":"https:\/\/www.kl-location.be\/de\/produit\/party-fancy-fair\/granita-maschine\/granita-maschine-mit-3-behaeltern\/","og_locale":"de_DE","og_type":"article","og_title":"Granita-Maschine mit 3 Beh\u00e4ltern - KL Location","og_description":"Die Granita-Maschine mit 3 Beh\u00e4ltern ist ideal f\u00fcr die Zubereitung von Granita, Sorbets und eisgek\u00fchlten Getr\u00e4nken in gro\u00dfen Mengen. Mit seinen drei unabh\u00e4ngigen Tanks kann er mehrere Geschmacksrichtungen gleichzeitig anbieten. Sie ist einfach zu verwenden und schnell zu k\u00fchlen und eignet sich perfekt f\u00fcr Veranstaltungen, Partys und professionelle Einrichtungen.","og_url":"https:\/\/www.kl-location.be\/de\/produit\/party-fancy-fair\/granita-maschine\/granita-maschine-mit-3-behaeltern\/","og_site_name":"KL Location","article_publisher":"https:\/\/www.facebook.com\/people\/KL-Location\/100094311420764\/","article_modified_time":"2025-02-16T10:19:56+00:00","og_image":[{"width":2000,"height":2000,"url":"https:\/\/www.kl-location.be\/wp-content\/uploads\/2024\/03\/granita.jpg","type":"image\/jpeg"}],"twitter_card":"summary_large_image","twitter_misc":{"Gesch\u00e4tzte Lesezeit":"1\u00a0Minute"},"schema":{"@context":"https:\/\/schema.org","@graph":[{"@type":"WebPage","@id":"https:\/\/www.kl-location.be\/de\/produit\/party-fancy-fair\/granita-maschine\/granita-maschine-mit-3-behaeltern\/","url":"https:\/\/www.kl-location.be\/de\/produit\/party-fancy-fair\/granita-maschine\/granita-maschine-mit-3-behaeltern\/","name":"Granita-Maschine mit 3 Beh\u00e4ltern - KL Location","isPartOf":{"@id":"https:\/\/www.kl-location.be\/de\/#website"},"primaryImageOfPage":{"@id":"https:\/\/www.kl-location.be\/de\/produit\/party-fancy-fair\/granita-maschine\/granita-maschine-mit-3-behaeltern\/#primaryimage"},"image":{"@id":"https:\/\/www.kl-location.be\/de\/produit\/party-fancy-fair\/granita-maschine\/granita-maschine-mit-3-behaeltern\/#primaryimage"},"thumbnailUrl":"https:\/\/www.kl-location.be\/wp-content\/uploads\/2024\/03\/granita.jpg","datePublished":"2024-03-15T22:37:59+00:00","dateModified":"2025-02-16T10:19:56+00:00","breadcrumb":{"@id":"https:\/\/www.kl-location.be\/de\/produit\/party-fancy-fair\/granita-maschine\/granita-maschine-mit-3-behaeltern\/#breadcrumb"},"inLanguage":"de","potentialAction":[{"@type":"ReadAction","target":["https:\/\/www.kl-location.be\/de\/produit\/party-fancy-fair\/granita-maschine\/granita-maschine-mit-3-behaeltern\/"]}]},{"@type":"ImageObject","inLanguage":"de","@id":"https:\/\/www.kl-location.be\/de\/produit\/party-fancy-fair\/granita-maschine\/granita-maschine-mit-3-behaeltern\/#primaryimage","url":"https:\/\/www.kl-location.be\/wp-content\/uploads\/2024\/03\/granita.jpg","contentUrl":"https:\/\/www.kl-location.be\/wp-content\/uploads\/2024\/03\/granita.jpg","width":2000,"height":2000},{"@type":"BreadcrumbList","@id":"https:\/\/www.kl-location.be\/de\/produit\/party-fancy-fair\/granita-maschine\/granita-maschine-mit-3-behaeltern\/#breadcrumb","itemListElement":[{"@type":"ListItem","position":1,"name":"Accueil","item":"https:\/\/www.kl-location.be\/de\/home\/"},{"@type":"ListItem","position":2,"name":"Shop","item":"https:\/\/www.kl-location.be\/de\/shop\/"},{"@type":"ListItem","position":3,"name":"Granita-Maschine mit 3 Beh\u00e4ltern"}]},{"@type":"WebSite","@id":"https:\/\/www.kl-location.be\/de\/#website","url":"https:\/\/www.kl-location.be\/de\/","name":"KL Location","description":"Location &amp; vente - Province de Li\u00e8ge","publisher":{"@id":"https:\/\/www.kl-location.be\/de\/#organization"},"potentialAction":[{"@type":"SearchAction","target":{"@type":"EntryPoint","urlTemplate":"https:\/\/www.kl-location.be\/de\/?s={search_term_string}"},"query-input":{"@type":"PropertyValueSpecification","valueRequired":true,"valueName":"search_term_string"}}],"inLanguage":"de"},{"@type":"Organization","@id":"https:\/\/www.kl-location.be\/de\/#organization","name":"KL Location","url":"https:\/\/www.kl-location.be\/de\/","logo":{"@type":"ImageObject","inLanguage":"de","@id":"https:\/\/www.kl-location.be\/de\/#\/schema\/logo\/image\/","url":"https:\/\/www.kl-location.be\/wp-content\/uploads\/2024\/03\/kl-location-logo.svg","contentUrl":"https:\/\/www.kl-location.be\/wp-content\/uploads\/2024\/03\/kl-location-logo.svg","caption":"KL Location"},"image":{"@id":"https:\/\/www.kl-location.be\/de\/#\/schema\/logo\/image\/"},"sameAs":["https:\/\/www.facebook.com\/people\/KL-Location\/100094311420764\/"]}]}},"_links":{"self":[{"href":"https:\/\/www.kl-location.be\/de\/wp-json\/wp\/v2\/product\/8295","targetHints":{"allow":["GET"]}}],"collection":[{"href":"https:\/\/www.kl-location.be\/de\/wp-json\/wp\/v2\/product"}],"about":[{"href":"https:\/\/www.kl-location.be\/de\/wp-json\/wp\/v2\/types\/product"}],"wp:featuredmedia":[{"embeddable":true,"href":"https:\/\/www.kl-location.be\/de\/wp-json\/wp\/v2\/media\/7955"}],"wp:attachment":[{"href":"https:\/\/www.kl-location.be\/de\/wp-json\/wp\/v2\/media?parent=8295"}],"wp:term":[{"taxonomy":"product_brand","embeddable":true,"href":"https:\/\/www.kl-location.be\/de\/wp-json\/wp\/v2\/product_brand?post=8295"},{"taxonomy":"product_cat","embeddable":true,"href":"https:\/\/www.kl-location.be\/de\/wp-json\/wp\/v2\/product_cat?post=8295"},{"taxonomy":"product_tag","embeddable":true,"href":"https:\/\/www.kl-location.be\/de\/wp-json\/wp\/v2\/product_tag?post=8295"}],"curies":[{"name":"wp","href":"https:\/\/api.w.org\/{rel}","templated":true}]}}