{"id":8297,"date":"2024-03-15T19:35:34","date_gmt":"2024-03-15T18:35:34","guid":{"rendered":"https:\/\/www.kl-location.be\/produit\/unkategorisiert\/popcorn-und-zuckerwattemaschine-mit-wagen\/"},"modified":"2025-02-16T11:24:40","modified_gmt":"2025-02-16T10:24:40","slug":"popcorn-und-zuckerwattemaschine-mit-wagen","status":"publish","type":"product","link":"https:\/\/www.kl-location.be\/de\/produit\/party-fancy-fair\/zuckerwattemaschine\/popcorn-und-zuckerwattemaschine-mit-wagen\/","title":{"rendered":"Popcorn- und Zuckerwattemaschine mit Wagen"},"content":{"rendered":"<p>Machen Sie Gro\u00df und Klein gl\u00fccklich mit unserem Wagen Popcorn- und Zuckerwattemaschine! Dieser Retro-Wagen wurde entworfen, um Praktikabilit\u00e4t und Show zu verbinden. Er eignet sich perfekt, um Ihre Veranstaltungen mit zwei der beliebtesten Leckereien zu beleben.<\/p>\n<p>Dank seiner Doppelfunktionalit\u00e4t k\u00f6nnen Sie in wenigen Minuten k\u00f6stliches, knuspriges Popcorn und luftig-weiche Zuckerwatte zubereiten. Das elegante, farbenfrohe Design zieht die Blicke auf sich und schafft eine festliche Atmosph\u00e4re &#8211; ideal f\u00fcr Geburtstage, Kirmes, Hochzeiten und Firmenveranstaltungen.<\/p>\n<p>Er ist einfach zu bedienen und dank seines Wagens mobil und die perfekte L\u00f6sung f\u00fcr eine erfolgreiche Gourmet-Animation. Mieten Sie es jetzt und bieten Sie Ihren G\u00e4sten ein unvergessliches s\u00fc\u00dfes Erlebnis!<\/p>\n","protected":false},"excerpt":{"rendered":"<p>Verleihen Sie Ihren Veranstaltungen einen festlichen Touch mit unserem Kombi-Wagen mit Popcornmaschine und Zuckerwatte! Praktisch und elegant, erm\u00f6glicht er die Zubereitung von zwei unverzichtbaren Leckereien an einem Ort. Ideal f\u00fcr Partys, Geburtstage, Kirmes und Firmenveranstaltungen.<\/p>\n","protected":false},"featured_media":7950,"template":"","meta":{"_acf_changed":false,"inline_featured_image":false},"product_brand":[],"product_cat":[180,178],"product_tag":[],"class_list":{"0":"post-8297","1":"product","2":"type-product","3":"status-publish","4":"has-post-thumbnail","6":"product_cat-popcornmaschine","7":"product_cat-zuckerwattemaschine","9":"first","10":"instock","11":"featured","12":"shipping-taxable","13":"purchasable","14":"product-type-simple"},"acf":[],"yoast_head":"<!-- This site is optimized with the Yoast SEO plugin v24.4 - https:\/\/yoast.com\/wordpress\/plugins\/seo\/ -->\n<title>Popcorn- und Zuckerwattemaschine mit Wagen - KL Location<\/title>\n<meta name=\"robots\" content=\"index, follow, max-snippet:-1, max-image-preview:large, max-video-preview:-1\" \/>\n<link rel=\"canonical\" href=\"https:\/\/www.kl-location.be\/de\/produit\/party-fancy-fair\/zuckerwattemaschine\/popcorn-und-zuckerwattemaschine-mit-wagen\/\" \/>\n<meta property=\"og:locale\" content=\"de_DE\" \/>\n<meta property=\"og:type\" content=\"article\" \/>\n<meta property=\"og:title\" content=\"Popcorn- und Zuckerwattemaschine mit Wagen - KL Location\" \/>\n<meta property=\"og:description\" content=\"Verleihen Sie Ihren Veranstaltungen einen festlichen Touch mit unserem Kombi-Wagen mit Popcornmaschine und Zuckerwatte! Praktisch und elegant, erm\u00f6glicht er die Zubereitung von zwei unverzichtbaren Leckereien an einem Ort. Ideal f\u00fcr Partys, Geburtstage, Kirmes und Firmenveranstaltungen.\" \/>\n<meta property=\"og:url\" content=\"https:\/\/www.kl-location.be\/de\/produit\/party-fancy-fair\/zuckerwattemaschine\/popcorn-und-zuckerwattemaschine-mit-wagen\/\" \/>\n<meta property=\"og:site_name\" content=\"KL Location\" \/>\n<meta property=\"article:publisher\" content=\"https:\/\/www.facebook.com\/people\/KL-Location\/100094311420764\/\" \/>\n<meta property=\"article:modified_time\" content=\"2025-02-16T10:24:40+00:00\" \/>\n<meta property=\"og:image\" content=\"https:\/\/www.kl-location.be\/wp-content\/uploads\/2024\/03\/chazriot-popcorn.jpg\" \/>\n\t<meta property=\"og:image:width\" content=\"2000\" \/>\n\t<meta property=\"og:image:height\" content=\"2000\" \/>\n\t<meta property=\"og:image:type\" content=\"image\/jpeg\" \/>\n<meta name=\"twitter:card\" content=\"summary_large_image\" \/>\n<meta name=\"twitter:label1\" content=\"Gesch\u00e4tzte Lesezeit\" \/>\n\t<meta name=\"twitter:data1\" content=\"1\u00a0Minute\" \/>\n<script type=\"application\/ld+json\" class=\"yoast-schema-graph\">{\"@context\":\"https:\/\/schema.org\",\"@graph\":[{\"@type\":\"WebPage\",\"@id\":\"https:\/\/www.kl-location.be\/de\/produit\/party-fancy-fair\/zuckerwattemaschine\/popcorn-und-zuckerwattemaschine-mit-wagen\/\",\"url\":\"https:\/\/www.kl-location.be\/de\/produit\/party-fancy-fair\/zuckerwattemaschine\/popcorn-und-zuckerwattemaschine-mit-wagen\/\",\"name\":\"Popcorn- und Zuckerwattemaschine mit Wagen - KL Location\",\"isPartOf\":{\"@id\":\"https:\/\/www.kl-location.be\/de\/#website\"},\"primaryImageOfPage\":{\"@id\":\"https:\/\/www.kl-location.be\/de\/produit\/party-fancy-fair\/zuckerwattemaschine\/popcorn-und-zuckerwattemaschine-mit-wagen\/#primaryimage\"},\"image\":{\"@id\":\"https:\/\/www.kl-location.be\/de\/produit\/party-fancy-fair\/zuckerwattemaschine\/popcorn-und-zuckerwattemaschine-mit-wagen\/#primaryimage\"},\"thumbnailUrl\":\"https:\/\/www.kl-location.be\/wp-content\/uploads\/2024\/03\/chazriot-popcorn.jpg\",\"datePublished\":\"2024-03-15T18:35:34+00:00\",\"dateModified\":\"2025-02-16T10:24:40+00:00\",\"breadcrumb\":{\"@id\":\"https:\/\/www.kl-location.be\/de\/produit\/party-fancy-fair\/zuckerwattemaschine\/popcorn-und-zuckerwattemaschine-mit-wagen\/#breadcrumb\"},\"inLanguage\":\"de\",\"potentialAction\":[{\"@type\":\"ReadAction\",\"target\":[\"https:\/\/www.kl-location.be\/de\/produit\/party-fancy-fair\/zuckerwattemaschine\/popcorn-und-zuckerwattemaschine-mit-wagen\/\"]}]},{\"@type\":\"ImageObject\",\"inLanguage\":\"de\",\"@id\":\"https:\/\/www.kl-location.be\/de\/produit\/party-fancy-fair\/zuckerwattemaschine\/popcorn-und-zuckerwattemaschine-mit-wagen\/#primaryimage\",\"url\":\"https:\/\/www.kl-location.be\/wp-content\/uploads\/2024\/03\/chazriot-popcorn.jpg\",\"contentUrl\":\"https:\/\/www.kl-location.be\/wp-content\/uploads\/2024\/03\/chazriot-popcorn.jpg\",\"width\":2000,\"height\":2000},{\"@type\":\"BreadcrumbList\",\"@id\":\"https:\/\/www.kl-location.be\/de\/produit\/party-fancy-fair\/zuckerwattemaschine\/popcorn-und-zuckerwattemaschine-mit-wagen\/#breadcrumb\",\"itemListElement\":[{\"@type\":\"ListItem\",\"position\":1,\"name\":\"Accueil\",\"item\":\"https:\/\/www.kl-location.be\/de\/home\/\"},{\"@type\":\"ListItem\",\"position\":2,\"name\":\"Shop\",\"item\":\"https:\/\/www.kl-location.be\/de\/shop\/\"},{\"@type\":\"ListItem\",\"position\":3,\"name\":\"Popcorn- und Zuckerwattemaschine mit Wagen\"}]},{\"@type\":\"WebSite\",\"@id\":\"https:\/\/www.kl-location.be\/de\/#website\",\"url\":\"https:\/\/www.kl-location.be\/de\/\",\"name\":\"KL Location\",\"description\":\"Location &amp; vente - Province de Li\u00e8ge\",\"publisher\":{\"@id\":\"https:\/\/www.kl-location.be\/de\/#organization\"},\"potentialAction\":[{\"@type\":\"SearchAction\",\"target\":{\"@type\":\"EntryPoint\",\"urlTemplate\":\"https:\/\/www.kl-location.be\/de\/?s={search_term_string}\"},\"query-input\":{\"@type\":\"PropertyValueSpecification\",\"valueRequired\":true,\"valueName\":\"search_term_string\"}}],\"inLanguage\":\"de\"},{\"@type\":\"Organization\",\"@id\":\"https:\/\/www.kl-location.be\/de\/#organization\",\"name\":\"KL Location\",\"url\":\"https:\/\/www.kl-location.be\/de\/\",\"logo\":{\"@type\":\"ImageObject\",\"inLanguage\":\"de\",\"@id\":\"https:\/\/www.kl-location.be\/de\/#\/schema\/logo\/image\/\",\"url\":\"https:\/\/www.kl-location.be\/wp-content\/uploads\/2024\/03\/kl-location-logo.svg\",\"contentUrl\":\"https:\/\/www.kl-location.be\/wp-content\/uploads\/2024\/03\/kl-location-logo.svg\",\"caption\":\"KL Location\"},\"image\":{\"@id\":\"https:\/\/www.kl-location.be\/de\/#\/schema\/logo\/image\/\"},\"sameAs\":[\"https:\/\/www.facebook.com\/people\/KL-Location\/100094311420764\/\"]}]}<\/script>\n<!-- \/ Yoast SEO plugin. -->","yoast_head_json":{"title":"Popcorn- und Zuckerwattemaschine mit Wagen - KL Location","robots":{"index":"index","follow":"follow","max-snippet":"max-snippet:-1","max-image-preview":"max-image-preview:large","max-video-preview":"max-video-preview:-1"},"canonical":"https:\/\/www.kl-location.be\/de\/produit\/party-fancy-fair\/zuckerwattemaschine\/popcorn-und-zuckerwattemaschine-mit-wagen\/","og_locale":"de_DE","og_type":"article","og_title":"Popcorn- und Zuckerwattemaschine mit Wagen - KL Location","og_description":"Verleihen Sie Ihren Veranstaltungen einen festlichen Touch mit unserem Kombi-Wagen mit Popcornmaschine und Zuckerwatte! Praktisch und elegant, erm\u00f6glicht er die Zubereitung von zwei unverzichtbaren Leckereien an einem Ort. Ideal f\u00fcr Partys, Geburtstage, Kirmes und Firmenveranstaltungen.","og_url":"https:\/\/www.kl-location.be\/de\/produit\/party-fancy-fair\/zuckerwattemaschine\/popcorn-und-zuckerwattemaschine-mit-wagen\/","og_site_name":"KL Location","article_publisher":"https:\/\/www.facebook.com\/people\/KL-Location\/100094311420764\/","article_modified_time":"2025-02-16T10:24:40+00:00","og_image":[{"width":2000,"height":2000,"url":"https:\/\/www.kl-location.be\/wp-content\/uploads\/2024\/03\/chazriot-popcorn.jpg","type":"image\/jpeg"}],"twitter_card":"summary_large_image","twitter_misc":{"Gesch\u00e4tzte Lesezeit":"1\u00a0Minute"},"schema":{"@context":"https:\/\/schema.org","@graph":[{"@type":"WebPage","@id":"https:\/\/www.kl-location.be\/de\/produit\/party-fancy-fair\/zuckerwattemaschine\/popcorn-und-zuckerwattemaschine-mit-wagen\/","url":"https:\/\/www.kl-location.be\/de\/produit\/party-fancy-fair\/zuckerwattemaschine\/popcorn-und-zuckerwattemaschine-mit-wagen\/","name":"Popcorn- und Zuckerwattemaschine mit Wagen - KL Location","isPartOf":{"@id":"https:\/\/www.kl-location.be\/de\/#website"},"primaryImageOfPage":{"@id":"https:\/\/www.kl-location.be\/de\/produit\/party-fancy-fair\/zuckerwattemaschine\/popcorn-und-zuckerwattemaschine-mit-wagen\/#primaryimage"},"image":{"@id":"https:\/\/www.kl-location.be\/de\/produit\/party-fancy-fair\/zuckerwattemaschine\/popcorn-und-zuckerwattemaschine-mit-wagen\/#primaryimage"},"thumbnailUrl":"https:\/\/www.kl-location.be\/wp-content\/uploads\/2024\/03\/chazriot-popcorn.jpg","datePublished":"2024-03-15T18:35:34+00:00","dateModified":"2025-02-16T10:24:40+00:00","breadcrumb":{"@id":"https:\/\/www.kl-location.be\/de\/produit\/party-fancy-fair\/zuckerwattemaschine\/popcorn-und-zuckerwattemaschine-mit-wagen\/#breadcrumb"},"inLanguage":"de","potentialAction":[{"@type":"ReadAction","target":["https:\/\/www.kl-location.be\/de\/produit\/party-fancy-fair\/zuckerwattemaschine\/popcorn-und-zuckerwattemaschine-mit-wagen\/"]}]},{"@type":"ImageObject","inLanguage":"de","@id":"https:\/\/www.kl-location.be\/de\/produit\/party-fancy-fair\/zuckerwattemaschine\/popcorn-und-zuckerwattemaschine-mit-wagen\/#primaryimage","url":"https:\/\/www.kl-location.be\/wp-content\/uploads\/2024\/03\/chazriot-popcorn.jpg","contentUrl":"https:\/\/www.kl-location.be\/wp-content\/uploads\/2024\/03\/chazriot-popcorn.jpg","width":2000,"height":2000},{"@type":"BreadcrumbList","@id":"https:\/\/www.kl-location.be\/de\/produit\/party-fancy-fair\/zuckerwattemaschine\/popcorn-und-zuckerwattemaschine-mit-wagen\/#breadcrumb","itemListElement":[{"@type":"ListItem","position":1,"name":"Accueil","item":"https:\/\/www.kl-location.be\/de\/home\/"},{"@type":"ListItem","position":2,"name":"Shop","item":"https:\/\/www.kl-location.be\/de\/shop\/"},{"@type":"ListItem","position":3,"name":"Popcorn- und Zuckerwattemaschine mit Wagen"}]},{"@type":"WebSite","@id":"https:\/\/www.kl-location.be\/de\/#website","url":"https:\/\/www.kl-location.be\/de\/","name":"KL Location","description":"Location &amp; vente - Province de Li\u00e8ge","publisher":{"@id":"https:\/\/www.kl-location.be\/de\/#organization"},"potentialAction":[{"@type":"SearchAction","target":{"@type":"EntryPoint","urlTemplate":"https:\/\/www.kl-location.be\/de\/?s={search_term_string}"},"query-input":{"@type":"PropertyValueSpecification","valueRequired":true,"valueName":"search_term_string"}}],"inLanguage":"de"},{"@type":"Organization","@id":"https:\/\/www.kl-location.be\/de\/#organization","name":"KL Location","url":"https:\/\/www.kl-location.be\/de\/","logo":{"@type":"ImageObject","inLanguage":"de","@id":"https:\/\/www.kl-location.be\/de\/#\/schema\/logo\/image\/","url":"https:\/\/www.kl-location.be\/wp-content\/uploads\/2024\/03\/kl-location-logo.svg","contentUrl":"https:\/\/www.kl-location.be\/wp-content\/uploads\/2024\/03\/kl-location-logo.svg","caption":"KL Location"},"image":{"@id":"https:\/\/www.kl-location.be\/de\/#\/schema\/logo\/image\/"},"sameAs":["https:\/\/www.facebook.com\/people\/KL-Location\/100094311420764\/"]}]}},"_links":{"self":[{"href":"https:\/\/www.kl-location.be\/de\/wp-json\/wp\/v2\/product\/8297","targetHints":{"allow":["GET"]}}],"collection":[{"href":"https:\/\/www.kl-location.be\/de\/wp-json\/wp\/v2\/product"}],"about":[{"href":"https:\/\/www.kl-location.be\/de\/wp-json\/wp\/v2\/types\/product"}],"wp:featuredmedia":[{"embeddable":true,"href":"https:\/\/www.kl-location.be\/de\/wp-json\/wp\/v2\/media\/7950"}],"wp:attachment":[{"href":"https:\/\/www.kl-location.be\/de\/wp-json\/wp\/v2\/media?parent=8297"}],"wp:term":[{"taxonomy":"product_brand","embeddable":true,"href":"https:\/\/www.kl-location.be\/de\/wp-json\/wp\/v2\/product_brand?post=8297"},{"taxonomy":"product_cat","embeddable":true,"href":"https:\/\/www.kl-location.be\/de\/wp-json\/wp\/v2\/product_cat?post=8297"},{"taxonomy":"product_tag","embeddable":true,"href":"https:\/\/www.kl-location.be\/de\/wp-json\/wp\/v2\/product_tag?post=8297"}],"curies":[{"name":"wp","href":"https:\/\/api.w.org\/{rel}","templated":true}]}}